{"id":4000,"date":"2017-11-02T14:34:33","date_gmt":"2017-11-02T13:34:33","guid":{"rendered":"https:\/\/scrapetec-trading.com\/messen\/"},"modified":"2026-04-09T21:26:21","modified_gmt":"2026-04-09T19:26:21","slug":"scrapetec-ferias","status":"publish","type":"page","link":"https:\/\/scrapetec.com\/es\/scrapetec-ferias\/","title":{"rendered":"Ferias"},"content":{"rendered":"<section class=\"l-section wpb_row height_auto width_full color_alternate\"><div class=\"l-section-h i-cf\"><div class=\"g-cols vc_row via_flex valign_middle type_boxes stacking_default\"><div class=\"vc_col-sm-12 wpb_column vc_column_container\"><div class=\"vc_column-inner\"><div class=\"wpb_wrapper\"><div id=\"ultimate-heading-559669e071c9e81eb\" class=\"uvc-heading ult-adjust-bottom-margin ultimate-heading-559669e071c9e81eb uvc-8253 \" data-hspacer=\"no_spacer\"  data-halign=\"left\" style=\"text-align:left\"><div class=\"uvc-heading-spacer no_spacer\" style=\"top\"><\/div><div class=\"uvc-main-heading ult-responsive\"  data-ultimate-target='.uvc-heading.ultimate-heading-559669e071c9e81eb h1'  data-responsive-json-new='{\"font-size\":\"\",\"line-height\":\"\"}' ><h1 style=\"font-weight:normal;color:#383838;margin-top:0.7rem;margin-bottom:-1.0rem;\">Ferias y eventos<\/h1><\/div><\/div><\/div><\/div><\/div><\/div><\/div><\/section><!-- Row Backgrounds --><div class=\"upb_color\" data-bg-override=\"0\" data-bg-color=\"#f0f0f2\" data-fadeout=\"\" data-fadeout-percentage=\"30\" data-parallax-content=\"\" data-parallax-content-sense=\"30\" data-row-effect-mobile-disable=\"true\" data-img-parallax-mobile-disable=\"true\" data-rtl=\"false\"  data-custom-vc-row=\"\"  data-vc=\"8.6.1\"  data-is_old_vc=\"\"  data-theme-support=\"\"   data-overlay=\"false\" data-overlay-color=\"\" data-overlay-pattern=\"\" data-overlay-pattern-opacity=\"\" data-overlay-pattern-size=\"\"    ><\/div><section class=\"l-section wpb_row five-column-row height_auto width_full\"><div class=\"l-section-h i-cf\"><div class=\"g-cols vc_row via_flex valign_top type_boxes stacking_default\"><div class=\"vc_col-sm-12 wpb_column vc_column_container\"><div class=\"vc_column-inner\"><div class=\"wpb_wrapper\"><div class=\"g-cols wpb_row via_flex valign_top type_default stacking_default\"><div class=\"vc_col-sm-6 vc_col-lg-3 vc_col-md-6 wpb_column vc_column_container\"><div class=\"vc_column-inner us_custom_f77a0b17\"><div class=\"wpb_wrapper\"><div class=\"w-image align_none\"><a target=\"_blank\" title=\"Meet us at IEEE Cement Conference 2026 in Fort Lauderdale, USA\" href=\"https:\/\/www.cementconference.org\/\" aria-label=\"scrapetec-at-ieee-cement-conference-2026-fort-lauderdale-florida-usa\" class=\"w-image-h\"><img decoding=\"async\" width=\"806\" height=\"613\" src=\"https:\/\/scrapetec.com\/wp-content\/uploads\/scrapetec-at-ieee-cement-conference-2026-fort-lauderdale-florida-usa.webp\" class=\"attachment-full size-full\" alt=\"scrapetec-at-ieee-cement-conference-2026-fort-lauderdale-florida-usa\" loading=\"lazy\" srcset=\"https:\/\/scrapetec.com\/wp-content\/uploads\/scrapetec-at-ieee-cement-conference-2026-fort-lauderdale-florida-usa.webp 806w, https:\/\/scrapetec.com\/wp-content\/uploads\/scrapetec-at-ieee-cement-conference-2026-fort-lauderdale-florida-usa-300x228.webp 300w, https:\/\/scrapetec.com\/wp-content\/uploads\/scrapetec-at-ieee-cement-conference-2026-fort-lauderdale-florida-usa-600x456.webp 600w, https:\/\/scrapetec.com\/wp-content\/uploads\/scrapetec-at-ieee-cement-conference-2026-fort-lauderdale-florida-usa-500x380.webp 500w, https:\/\/scrapetec.com\/wp-content\/uploads\/scrapetec-at-ieee-cement-conference-2026-fort-lauderdale-florida-usa-450x342.webp 450w, https:\/\/scrapetec.com\/wp-content\/uploads\/scrapetec-at-ieee-cement-conference-2026-fort-lauderdale-florida-usa-146x111.webp 146w, https:\/\/scrapetec.com\/wp-content\/uploads\/scrapetec-at-ieee-cement-conference-2026-fort-lauderdale-florida-usa-150x114.webp 150w\" sizes=\"auto, (max-width: 806px) 100vw, 806px\" \/><\/a><\/div><div class=\"w-separator size_small\"><\/div><div class=\"wpb_text_column\"><div class=\"wpb_wrapper\"><h1 style=\"font-size: 1.3em; margin-bottom: 10px;\"><a href=\"https:\/\/www.cementconference.org\/\" target=\"_blank\" rel=\"noopener noreferrer\">IEEE Cement Conference 2026<\/a><\/h1>\n<p>April 26-30, 2026<br \/>\nFort Lauderdale, USA<br \/>\n<i class=\"fas fa-map-marker-alt\" style=\"color: #42baff;\"><\/i>\u00a0Pabell\u00f3n A &#8211; Stand 903<\/p>\n<\/div><\/div><div class=\"w-btn-wrapper align_none\"><a class=\"w-btn us-btn-style_1 us_custom_f73f4019\" title=\"Meet us at IEEE Cement Conference 2026 in Fort Lauderdale, USA\" href=\"https:\/\/www.cementconference.org\/\"><span class=\"w-btn-label\">Al portal de la feria<\/span><\/a><\/div><\/div><\/div><\/div><div class=\"vc_col-sm-6 vc_col-lg-3 vc_col-md-6 wpb_column vc_column_container\"><div class=\"vc_column-inner us_custom_f77a0b17\"><div class=\"wpb_wrapper\"><div class=\"w-image align_none\"><a target=\"_blank\" title=\"Meet us at CIM CONNECT 2026 in Vancouver, Kanada\" href=\"https:\/\/www.cimconnect.ca\/\" aria-label=\"cim-connect-2026-vancouver-canada-en\" class=\"w-image-h\"><img decoding=\"async\" width=\"806\" height=\"613\" src=\"https:\/\/scrapetec.com\/wp-content\/uploads\/cim-connect-2026-vancouver-canada-en.webp\" class=\"attachment-full size-full\" alt=\"cim-connect-2026-vancouver-canada\" loading=\"lazy\" srcset=\"https:\/\/scrapetec.com\/wp-content\/uploads\/cim-connect-2026-vancouver-canada-en.webp 806w, https:\/\/scrapetec.com\/wp-content\/uploads\/cim-connect-2026-vancouver-canada-en-300x228.webp 300w, https:\/\/scrapetec.com\/wp-content\/uploads\/cim-connect-2026-vancouver-canada-en-600x456.webp 600w, https:\/\/scrapetec.com\/wp-content\/uploads\/cim-connect-2026-vancouver-canada-en-500x380.webp 500w, https:\/\/scrapetec.com\/wp-content\/uploads\/cim-connect-2026-vancouver-canada-en-450x342.webp 450w, https:\/\/scrapetec.com\/wp-content\/uploads\/cim-connect-2026-vancouver-canada-en-146x111.webp 146w, https:\/\/scrapetec.com\/wp-content\/uploads\/cim-connect-2026-vancouver-canada-en-150x114.webp 150w\" sizes=\"auto, (max-width: 806px) 100vw, 806px\" \/><\/a><\/div><div class=\"w-separator size_small\"><\/div><div class=\"wpb_text_column\"><div class=\"wpb_wrapper\"><h1 style=\"font-size: 1.3em; margin-bottom: 10px;\"><a href=\"https:\/\/www.cimconnect.ca\/\" target=\"_blank\" rel=\"noopener noreferrer\">CIM CONNECT 2026<\/a><\/h1>\n<p>May 03-06, 2026<br \/>\nVancouver, Canada<br \/>\n<!--\n<i class=\"fas fa-map-marker-alt\" style=\"color: #42baff;\"><\/i>\u00a0Stand #50\n--><\/p>\n<\/div><\/div><div class=\"w-btn-wrapper align_none\"><a class=\"w-btn us-btn-style_1 us_custom_f73f4019\" target=\"_blank\" title=\"Meet us at CIM CONNECT 2026 in Vancouver, Kanada\" href=\"https:\/\/www.cimconnect.ca\/\"><span class=\"w-btn-label\">Al portal de la feria<\/span><\/a><\/div><\/div><\/div><\/div><div class=\"vc_col-sm-2 vc_col-lg-3 vc_col-md-2 wpb_column vc_column_container\"><div class=\"vc_column-inner us_custom_f77a0b17\"><div class=\"wpb_wrapper\"><div class=\"w-image align_none\"><a target=\"_blank\" title=\"Meet us at EXPONOR CHILE 2026 in Antofagasta, Chile\" href=\"https:\/\/exponor.cl\/en\/\" aria-label=\"scrapetec-at-exponor-2026-antofagasta-chile-es\" class=\"w-image-h\"><img decoding=\"async\" width=\"806\" height=\"613\" src=\"https:\/\/scrapetec.com\/wp-content\/uploads\/scrapetec-at-exponor-2026-antofagasta-chile-es.webp\" class=\"attachment-full size-full\" alt=\"\" loading=\"lazy\" srcset=\"https:\/\/scrapetec.com\/wp-content\/uploads\/scrapetec-at-exponor-2026-antofagasta-chile-es.webp 806w, https:\/\/scrapetec.com\/wp-content\/uploads\/scrapetec-at-exponor-2026-antofagasta-chile-es-300x228.webp 300w, https:\/\/scrapetec.com\/wp-content\/uploads\/scrapetec-at-exponor-2026-antofagasta-chile-es-600x456.webp 600w, https:\/\/scrapetec.com\/wp-content\/uploads\/scrapetec-at-exponor-2026-antofagasta-chile-es-500x380.webp 500w, https:\/\/scrapetec.com\/wp-content\/uploads\/scrapetec-at-exponor-2026-antofagasta-chile-es-450x342.webp 450w, https:\/\/scrapetec.com\/wp-content\/uploads\/scrapetec-at-exponor-2026-antofagasta-chile-es-146x111.webp 146w, https:\/\/scrapetec.com\/wp-content\/uploads\/scrapetec-at-exponor-2026-antofagasta-chile-es-150x114.webp 150w\" sizes=\"auto, (max-width: 806px) 100vw, 806px\" \/><\/a><\/div><div class=\"w-separator size_small\"><\/div><div class=\"wpb_text_column\"><div class=\"wpb_wrapper\"><h1 style=\"font-size: 1.3em; margin-bottom: 10px;\"><a href=\"https:\/\/exponor.cl\/en\/\" target=\"_blank\" rel=\"noopener noreferrer\">EXPONOR CHILE 2026<\/a><\/h1>\n<p>08 &#8211; 11 de juno 2026<br \/>\nAntofagasta, Chile<br \/>\n<!--\n<i class=\"fas fa-map-marker-alt\" style=\"color: #42baff;\"><\/i>\u00a0Stand #50\n--><\/p>\n<\/div><\/div><div class=\"w-btn-wrapper align_none\"><a class=\"w-btn us-btn-style_1 us_custom_f73f4019\" target=\"_blank\" title=\"Meet us at EXPONOR CHILE 2026 in Antofagasta, Chile\" href=\"https:\/\/exponor.cl\/en\/\"><span class=\"w-btn-label\">Al portal de la feria<\/span><\/a><\/div><\/div><\/div><\/div><div class=\"vc_col-sm-2 vc_col-lg-3 vc_col-md-2 wpb_column vc_column_container\"><div class=\"vc_column-inner us_custom_f77a0b17\"><div class=\"wpb_wrapper\"><div class=\"w-image align_none\"><a target=\"_blank\" title=\"Meet us at ICBMH 2026 in Fremantle, WA - Australia\" href=\"https:\/\/icbmh.com\/\" aria-label=\"scrapetec-at-icbmh-2026-fremantle-australia-es\" class=\"w-image-h\"><img decoding=\"async\" width=\"806\" height=\"613\" src=\"https:\/\/scrapetec.com\/wp-content\/uploads\/scrapetec-at-icbmh-2026-fremantle-australia-es.webp\" class=\"attachment-full size-full\" alt=\"scrapetec-at-icbmh-2026-fremantle-australia\" loading=\"lazy\" srcset=\"https:\/\/scrapetec.com\/wp-content\/uploads\/scrapetec-at-icbmh-2026-fremantle-australia-es.webp 806w, https:\/\/scrapetec.com\/wp-content\/uploads\/scrapetec-at-icbmh-2026-fremantle-australia-es-300x228.webp 300w, https:\/\/scrapetec.com\/wp-content\/uploads\/scrapetec-at-icbmh-2026-fremantle-australia-es-600x456.webp 600w, https:\/\/scrapetec.com\/wp-content\/uploads\/scrapetec-at-icbmh-2026-fremantle-australia-es-500x380.webp 500w, https:\/\/scrapetec.com\/wp-content\/uploads\/scrapetec-at-icbmh-2026-fremantle-australia-es-450x342.webp 450w, https:\/\/scrapetec.com\/wp-content\/uploads\/scrapetec-at-icbmh-2026-fremantle-australia-es-146x111.webp 146w, https:\/\/scrapetec.com\/wp-content\/uploads\/scrapetec-at-icbmh-2026-fremantle-australia-es-150x114.webp 150w\" sizes=\"auto, (max-width: 806px) 100vw, 806px\" \/><\/a><\/div><div class=\"w-separator size_small\"><\/div><div class=\"wpb_text_column\"><div class=\"wpb_wrapper\"><h1 style=\"font-size: 1.3em; margin-bottom: 10px;\"><a href=\"https:\/\/icbmh.com\/\" target=\"_blank\" rel=\"noopener noreferrer\">ICBMH 2026<\/a><\/h1>\n<p>07 &#8211; 09 de julio 2026<br \/>\nFremantle, WA &#8211; Australia<br \/>\n<!--\n<i class=\"fas fa-map-marker-alt\" style=\"color: #42baff;\"><\/i>\u00a0Stand #50\n--><\/p>\n<\/div><\/div><div class=\"w-btn-wrapper align_none\"><a class=\"w-btn us-btn-style_1 us_custom_f73f4019\" target=\"_blank\" title=\"Meet us at ICBMH 2026 in Fremantle, WA - Australia\" href=\"https:\/\/icbmh.com\/\"><span class=\"w-btn-label\">Al portal de la feria<\/span><\/a><\/div><\/div><\/div><\/div><div class=\"vc_col-sm-2 vc_col-lg-3 vc_col-md-2 wpb_column vc_column_container\"><div class=\"vc_column-inner us_custom_f77a0b17\"><div class=\"wpb_wrapper\"><div class=\"w-image align_none\"><a target=\"_blank\" title=\"Meet us at EXPOSIBRAM 2026 in Belo Horizonte, Brazil\" href=\"https:\/\/exposibram2026.ibram.org.br\/en\/\" aria-label=\"scrapetec-at-exposibram-2026-gameleira-belo-horizonte-brazil-es\" class=\"w-image-h\"><img decoding=\"async\" width=\"806\" height=\"613\" src=\"https:\/\/scrapetec.com\/wp-content\/uploads\/scrapetec-at-exposibram-2026-gameleira-belo-horizonte-brazil-es.webp\" class=\"attachment-full size-full\" alt=\"scrapetec-at-exposibram-2026-gameleira-belo-horizonte-brazi\" loading=\"lazy\" srcset=\"https:\/\/scrapetec.com\/wp-content\/uploads\/scrapetec-at-exposibram-2026-gameleira-belo-horizonte-brazil-es.webp 806w, https:\/\/scrapetec.com\/wp-content\/uploads\/scrapetec-at-exposibram-2026-gameleira-belo-horizonte-brazil-es-300x228.webp 300w, https:\/\/scrapetec.com\/wp-content\/uploads\/scrapetec-at-exposibram-2026-gameleira-belo-horizonte-brazil-es-600x456.webp 600w, https:\/\/scrapetec.com\/wp-content\/uploads\/scrapetec-at-exposibram-2026-gameleira-belo-horizonte-brazil-es-500x380.webp 500w, https:\/\/scrapetec.com\/wp-content\/uploads\/scrapetec-at-exposibram-2026-gameleira-belo-horizonte-brazil-es-450x342.webp 450w, https:\/\/scrapetec.com\/wp-content\/uploads\/scrapetec-at-exposibram-2026-gameleira-belo-horizonte-brazil-es-146x111.webp 146w, https:\/\/scrapetec.com\/wp-content\/uploads\/scrapetec-at-exposibram-2026-gameleira-belo-horizonte-brazil-es-150x114.webp 150w\" sizes=\"auto, (max-width: 806px) 100vw, 806px\" \/><\/a><\/div><div class=\"w-separator size_small\"><\/div><div class=\"wpb_text_column\"><div class=\"wpb_wrapper\"><h1 style=\"font-size: 1.3em; margin-bottom: 10px;\"><a href=\"https:\/\/exposibram2026.ibram.org.br\/en\/\" target=\"_blank\" rel=\"noopener noreferrer\">EXPOSIBRAM 2026<\/a><\/h1>\n<p>24 &#8211; 27 de agosto 2026<br \/>\nBelo Horizonte &#8211; MG \/ Brasil<br \/>\n<!--\n<i class=\"fas fa-map-marker-alt\" style=\"color: #42baff;\"><\/i>\u00a0Stand #50\n--><\/p>\n<\/div><\/div><div class=\"w-btn-wrapper align_none\"><a class=\"w-btn us-btn-style_1 us_custom_f73f4019\" target=\"_blank\" title=\"Meet us at EXPOSIBRAM 2026 in Belo Horizonte, Brazil\" href=\"https:\/\/exposibram2026.ibram.org.br\/en\/\"><span class=\"w-btn-label\">Al portal de la feria<\/span><\/a><\/div><\/div><\/div><\/div><div class=\"vc_col-sm-2 vc_col-lg-3 vc_col-md-2 wpb_column vc_column_container\"><div class=\"vc_column-inner us_custom_f77a0b17\"><div class=\"wpb_wrapper\"><div class=\"w-image align_none\"><a target=\"_blank\" title=\"Meet us at BULK 2026 in Melbourne, Australia\" href=\"https:\/\/bulkhandlingexpo.com.au\/\" aria-label=\"scrapetec-at-bulk-2026-melbourne-australia-es\" class=\"w-image-h\"><img decoding=\"async\" width=\"806\" height=\"613\" src=\"https:\/\/scrapetec.com\/wp-content\/uploads\/scrapetec-at-bulk-2026-melbourne-australia-es.webp\" class=\"attachment-full size-full\" alt=\"scrapetec-at-bulk-2026-melbourne-australia\" loading=\"lazy\" srcset=\"https:\/\/scrapetec.com\/wp-content\/uploads\/scrapetec-at-bulk-2026-melbourne-australia-es.webp 806w, https:\/\/scrapetec.com\/wp-content\/uploads\/scrapetec-at-bulk-2026-melbourne-australia-es-300x228.webp 300w, https:\/\/scrapetec.com\/wp-content\/uploads\/scrapetec-at-bulk-2026-melbourne-australia-es-600x456.webp 600w, https:\/\/scrapetec.com\/wp-content\/uploads\/scrapetec-at-bulk-2026-melbourne-australia-es-500x380.webp 500w, https:\/\/scrapetec.com\/wp-content\/uploads\/scrapetec-at-bulk-2026-melbourne-australia-es-450x342.webp 450w, https:\/\/scrapetec.com\/wp-content\/uploads\/scrapetec-at-bulk-2026-melbourne-australia-es-146x111.webp 146w, https:\/\/scrapetec.com\/wp-content\/uploads\/scrapetec-at-bulk-2026-melbourne-australia-es-150x114.webp 150w\" sizes=\"auto, (max-width: 806px) 100vw, 806px\" \/><\/a><\/div><div class=\"w-separator size_small\"><\/div><div class=\"wpb_text_column\"><div class=\"wpb_wrapper\"><h1 style=\"font-size: 1.3em; margin-bottom: 10px;\"><a href=\"https:\/\/bulkhandlingexpo.com.au\/\" target=\"_blank\" rel=\"noopener noreferrer\">BULK 2026<\/a><\/h1>\n<p>16 &#8211; 17 de septiembere 2026<br \/>\nMelbourne, Australia<br \/>\n<!--\n<i class=\"fas fa-map-marker-alt\" style=\"color: #42baff;\"><\/i>\u00a0Stand #50\n--><\/p>\n<\/div><\/div><div class=\"w-btn-wrapper align_none\"><a class=\"w-btn us-btn-style_1 us_custom_f73f4019\" target=\"_blank\" title=\"Meet us at BULK 2026 in Melbourne, Australia\" href=\"https:\/\/bulkhandlingexpo.com.au\/\"><span class=\"w-btn-label\">Al portal de la feria<\/span><\/a><\/div><\/div><\/div><\/div><div class=\"vc_col-sm-6 vc_col-lg-3 vc_col-md-6 wpb_column vc_column_container\"><div class=\"vc_column-inner us_custom_f77a0b17\"><div class=\"wpb_wrapper\"><div class=\"w-image align_none\"><a target=\"_blank\" title=\"Meet us at POWTECH TECHNOPHARM 2026 in Nuremberg, Germany\" href=\"https:\/\/www.powtech-technopharm.com\/en\" aria-label=\"scrapetec-at-powtech-technopharm-2026-en\" class=\"w-image-h\"><img decoding=\"async\" width=\"806\" height=\"613\" src=\"https:\/\/scrapetec.com\/wp-content\/uploads\/scrapetec-at-powtech-technopharm-2026-en.webp\" class=\"attachment-full size-full\" alt=\"scrapetec-at-powtech-technopharm-2026\" loading=\"lazy\" srcset=\"https:\/\/scrapetec.com\/wp-content\/uploads\/scrapetec-at-powtech-technopharm-2026-en.webp 806w, https:\/\/scrapetec.com\/wp-content\/uploads\/scrapetec-at-powtech-technopharm-2026-en-300x228.webp 300w, https:\/\/scrapetec.com\/wp-content\/uploads\/scrapetec-at-powtech-technopharm-2026-en-600x456.webp 600w, https:\/\/scrapetec.com\/wp-content\/uploads\/scrapetec-at-powtech-technopharm-2026-en-500x380.webp 500w, https:\/\/scrapetec.com\/wp-content\/uploads\/scrapetec-at-powtech-technopharm-2026-en-450x342.webp 450w, https:\/\/scrapetec.com\/wp-content\/uploads\/scrapetec-at-powtech-technopharm-2026-en-146x111.webp 146w, https:\/\/scrapetec.com\/wp-content\/uploads\/scrapetec-at-powtech-technopharm-2026-en-150x114.webp 150w\" sizes=\"auto, (max-width: 806px) 100vw, 806px\" \/><\/a><\/div><div class=\"w-separator size_small\"><\/div><div class=\"wpb_text_column\"><div class=\"wpb_wrapper\"><h1 style=\"font-size: 1.3em; margin-bottom: 10px;\"><a href=\"https:\/\/www.powtech-technopharm.com\/en\" target=\"_blank\" rel=\"noopener noreferrer\">POWTECH TECHNOPHARM 2026<\/a><\/h1>\n<p>Sep. 29 &#8211; Oct. 01, 2026<br \/>\nNuremberg, Germany<br \/>\n<!--\n<i class=\"fas fa-map-marker-alt\" style=\"color: #42baff;\"><\/i>\u00a0Stand #50\n--><\/p>\n<\/div><\/div><div class=\"w-btn-wrapper align_none\"><a class=\"w-btn us-btn-style_1 us_custom_f73f4019\" target=\"_blank\" title=\"Meet us at POWTECH TECHNOPHARM 2026 in Nuremberg, Germany\" href=\"https:\/\/www.powtech-technopharm.com\/en\"><span class=\"w-btn-label\">Al portal de la feria<\/span><\/a><\/div><\/div><\/div><\/div><\/div><\/div><\/div><\/div><\/div><\/div><\/section>\n","protected":false},"excerpt":{"rendered":"Ferias y eventosIEEE Cement Conference 2026 April 26-30, 2026 Fort Lauderdale, USA \u00a0Pabell\u00f3n A &#8211; Stand 903 Al portal de la feriaCIM CONNECT 2026 May 03-06, 2026 Vancouver, Canada Al portal de la feriaEXPONOR CHILE 2026 08 &#8211; 11 de juno 2026 Antofagasta, Chile Al portal de la feriaICBMH 2026 07 &#8211; 09 de julio...","protected":false},"author":2,"featured_media":0,"parent":0,"menu_order":0,"comment_status":"closed","ping_status":"closed","template":"","meta":{"footnotes":""},"class_list":["post-4000","page","type-page","status-publish","hentry"],"yoast_head":"<!-- This site is optimized with the Yoast SEO plugin v27.4 - https:\/\/yoast.com\/product\/yoast-seo-wordpress\/ -->\n<title>Ferias - ScrapeTec International GmbH<\/title>\n<meta name=\"description\" content=\"ScrapeTec viaja por el mundo - fechas de ferias 2024. Estamos en las ferias m\u00e1s importantes del mundo y tambi\u00e9n llegamos a su zona.\" \/>\n<meta name=\"robots\" content=\"index, follow, max-snippet:-1, max-image-preview:large, max-video-preview:-1\" \/>\n<link rel=\"canonical\" href=\"https:\/\/scrapetec.com\/es\/scrapetec-ferias\/\" \/>\n<meta property=\"og:locale\" content=\"es_ES\" \/>\n<meta property=\"og:type\" content=\"article\" \/>\n<meta property=\"og:title\" content=\"Ferias - ScrapeTec International GmbH\" \/>\n<meta property=\"og:description\" content=\"ScrapeTec viaja por el mundo - fechas de ferias 2024. Estamos en las ferias m\u00e1s importantes del mundo y tambi\u00e9n llegamos a su zona.\" \/>\n<meta property=\"og:url\" content=\"https:\/\/scrapetec.com\/es\/scrapetec-ferias\/\" \/>\n<meta property=\"og:site_name\" content=\"ScrapeTec International GmbH\" \/>\n<meta property=\"article:publisher\" content=\"https:\/\/www.linkedin.com\/company\/scrapetec-trading\/\" \/>\n<meta property=\"article:modified_time\" content=\"2026-04-09T19:26:21+00:00\" \/>\n<meta name=\"twitter:card\" content=\"summary_large_image\" \/>\n<meta name=\"twitter:label1\" content=\"Tiempo de lectura\" \/>\n\t<meta name=\"twitter:data1\" content=\"2 minutos\" \/>\n<script type=\"application\/ld+json\" class=\"yoast-schema-graph\">{\"@context\":\"https:\\\/\\\/schema.org\",\"@graph\":[{\"@type\":\"WebPage\",\"@id\":\"https:\\\/\\\/scrapetec.com\\\/es\\\/scrapetec-ferias\\\/\",\"url\":\"https:\\\/\\\/scrapetec.com\\\/es\\\/scrapetec-ferias\\\/\",\"name\":\"Ferias - ScrapeTec International GmbH\",\"isPartOf\":{\"@id\":\"https:\\\/\\\/scrapetec.com\\\/es\\\/#website\"},\"datePublished\":\"2017-11-02T13:34:33+00:00\",\"dateModified\":\"2026-04-09T19:26:21+00:00\",\"description\":\"ScrapeTec viaja por el mundo - fechas de ferias 2024. Estamos en las ferias m\u00e1s importantes del mundo y tambi\u00e9n llegamos a su zona.\",\"breadcrumb\":{\"@id\":\"https:\\\/\\\/scrapetec.com\\\/es\\\/scrapetec-ferias\\\/#breadcrumb\"},\"inLanguage\":\"es\",\"potentialAction\":[{\"@type\":\"ReadAction\",\"target\":[\"https:\\\/\\\/scrapetec.com\\\/es\\\/scrapetec-ferias\\\/\"]}]},{\"@type\":\"BreadcrumbList\",\"@id\":\"https:\\\/\\\/scrapetec.com\\\/es\\\/scrapetec-ferias\\\/#breadcrumb\",\"itemListElement\":[{\"@type\":\"ListItem\",\"position\":1,\"name\":\"Startseite\",\"item\":\"https:\\\/\\\/scrapetec.com\\\/es\\\/\"},{\"@type\":\"ListItem\",\"position\":2,\"name\":\"Ferias\"}]},{\"@type\":\"WebSite\",\"@id\":\"https:\\\/\\\/scrapetec.com\\\/es\\\/#website\",\"url\":\"https:\\\/\\\/scrapetec.com\\\/es\\\/\",\"name\":\"ScrapeTec Trading GmbH\",\"description\":\"Wir schaffen innovative und l\u00f6sungsorientierte Produkte f\u00fcr F\u00f6rderanlagen von Masseng\u00fctern. AirScrape, DustScrape und PrimeTracker.\",\"publisher\":{\"@id\":\"https:\\\/\\\/scrapetec.com\\\/es\\\/#organization\"},\"potentialAction\":[{\"@type\":\"SearchAction\",\"target\":{\"@type\":\"EntryPoint\",\"urlTemplate\":\"https:\\\/\\\/scrapetec.com\\\/es\\\/?s={search_term_string}\"},\"query-input\":{\"@type\":\"PropertyValueSpecification\",\"valueRequired\":true,\"valueName\":\"search_term_string\"}}],\"inLanguage\":\"es\"},{\"@type\":\"Organization\",\"@id\":\"https:\\\/\\\/scrapetec.com\\\/es\\\/#organization\",\"name\":\"ScrapeTec International GmbH\",\"url\":\"https:\\\/\\\/scrapetec.com\\\/es\\\/\",\"logo\":{\"@type\":\"ImageObject\",\"inLanguage\":\"es\",\"@id\":\"https:\\\/\\\/scrapetec.com\\\/es\\\/#\\\/schema\\\/logo\\\/image\\\/\",\"url\":\"https:\\\/\\\/scrapetec.com\\\/wp-content\\\/uploads\\\/scraptec-trading-logo2.png\",\"contentUrl\":\"https:\\\/\\\/scrapetec.com\\\/wp-content\\\/uploads\\\/scraptec-trading-logo2.png\",\"width\":260,\"height\":44,\"caption\":\"ScrapeTec International GmbH\"},\"image\":{\"@id\":\"https:\\\/\\\/scrapetec.com\\\/es\\\/#\\\/schema\\\/logo\\\/image\\\/\"},\"sameAs\":[\"https:\\\/\\\/www.linkedin.com\\\/company\\\/scrapetec-trading\\\/\",\"https:\\\/\\\/www.youtube.com\\\/channel\\\/UCeOIoz0mbX_OZow5j7gd9cQ\"]}]}<\/script>\n<!-- \/ Yoast SEO plugin. -->","yoast_head_json":{"title":"Ferias - ScrapeTec International GmbH","description":"ScrapeTec viaja por el mundo - fechas de ferias 2024. Estamos en las ferias m\u00e1s importantes del mundo y tambi\u00e9n llegamos a su zona.","robots":{"index":"index","follow":"follow","max-snippet":"max-snippet:-1","max-image-preview":"max-image-preview:large","max-video-preview":"max-video-preview:-1"},"canonical":"https:\/\/scrapetec.com\/es\/scrapetec-ferias\/","og_locale":"es_ES","og_type":"article","og_title":"Ferias - ScrapeTec International GmbH","og_description":"ScrapeTec viaja por el mundo - fechas de ferias 2024. Estamos en las ferias m\u00e1s importantes del mundo y tambi\u00e9n llegamos a su zona.","og_url":"https:\/\/scrapetec.com\/es\/scrapetec-ferias\/","og_site_name":"ScrapeTec International GmbH","article_publisher":"https:\/\/www.linkedin.com\/company\/scrapetec-trading\/","article_modified_time":"2026-04-09T19:26:21+00:00","twitter_card":"summary_large_image","twitter_misc":{"Tiempo de lectura":"2 minutos"},"schema":{"@context":"https:\/\/schema.org","@graph":[{"@type":"WebPage","@id":"https:\/\/scrapetec.com\/es\/scrapetec-ferias\/","url":"https:\/\/scrapetec.com\/es\/scrapetec-ferias\/","name":"Ferias - ScrapeTec International GmbH","isPartOf":{"@id":"https:\/\/scrapetec.com\/es\/#website"},"datePublished":"2017-11-02T13:34:33+00:00","dateModified":"2026-04-09T19:26:21+00:00","description":"ScrapeTec viaja por el mundo - fechas de ferias 2024. Estamos en las ferias m\u00e1s importantes del mundo y tambi\u00e9n llegamos a su zona.","breadcrumb":{"@id":"https:\/\/scrapetec.com\/es\/scrapetec-ferias\/#breadcrumb"},"inLanguage":"es","potentialAction":[{"@type":"ReadAction","target":["https:\/\/scrapetec.com\/es\/scrapetec-ferias\/"]}]},{"@type":"BreadcrumbList","@id":"https:\/\/scrapetec.com\/es\/scrapetec-ferias\/#breadcrumb","itemListElement":[{"@type":"ListItem","position":1,"name":"Startseite","item":"https:\/\/scrapetec.com\/es\/"},{"@type":"ListItem","position":2,"name":"Ferias"}]},{"@type":"WebSite","@id":"https:\/\/scrapetec.com\/es\/#website","url":"https:\/\/scrapetec.com\/es\/","name":"ScrapeTec Trading GmbH","description":"Wir schaffen innovative und l\u00f6sungsorientierte Produkte f\u00fcr F\u00f6rderanlagen von Masseng\u00fctern. AirScrape, DustScrape und PrimeTracker.","publisher":{"@id":"https:\/\/scrapetec.com\/es\/#organization"},"potentialAction":[{"@type":"SearchAction","target":{"@type":"EntryPoint","urlTemplate":"https:\/\/scrapetec.com\/es\/?s={search_term_string}"},"query-input":{"@type":"PropertyValueSpecification","valueRequired":true,"valueName":"search_term_string"}}],"inLanguage":"es"},{"@type":"Organization","@id":"https:\/\/scrapetec.com\/es\/#organization","name":"ScrapeTec International GmbH","url":"https:\/\/scrapetec.com\/es\/","logo":{"@type":"ImageObject","inLanguage":"es","@id":"https:\/\/scrapetec.com\/es\/#\/schema\/logo\/image\/","url":"https:\/\/scrapetec.com\/wp-content\/uploads\/scraptec-trading-logo2.png","contentUrl":"https:\/\/scrapetec.com\/wp-content\/uploads\/scraptec-trading-logo2.png","width":260,"height":44,"caption":"ScrapeTec International GmbH"},"image":{"@id":"https:\/\/scrapetec.com\/es\/#\/schema\/logo\/image\/"},"sameAs":["https:\/\/www.linkedin.com\/company\/scrapetec-trading\/","https:\/\/www.youtube.com\/channel\/UCeOIoz0mbX_OZow5j7gd9cQ"]}]}},"publishpress_future_action":{"enabled":false,"date":"2026-04-23 07:21:13","action":"change-status","newStatus":"draft","terms":[],"taxonomy":"translation_priority","extraData":[]},"publishpress_future_workflow_manual_trigger":{"enabledWorkflows":[]},"_links":{"self":[{"href":"https:\/\/scrapetec.com\/es\/wp-json\/wp\/v2\/pages\/4000","targetHints":{"allow":["GET"]}}],"collection":[{"href":"https:\/\/scrapetec.com\/es\/wp-json\/wp\/v2\/pages"}],"about":[{"href":"https:\/\/scrapetec.com\/es\/wp-json\/wp\/v2\/types\/page"}],"author":[{"embeddable":true,"href":"https:\/\/scrapetec.com\/es\/wp-json\/wp\/v2\/users\/2"}],"replies":[{"embeddable":true,"href":"https:\/\/scrapetec.com\/es\/wp-json\/wp\/v2\/comments?post=4000"}],"version-history":[{"count":2,"href":"https:\/\/scrapetec.com\/es\/wp-json\/wp\/v2\/pages\/4000\/revisions"}],"predecessor-version":[{"id":12210,"href":"https:\/\/scrapetec.com\/es\/wp-json\/wp\/v2\/pages\/4000\/revisions\/12210"}],"wp:attachment":[{"href":"https:\/\/scrapetec.com\/es\/wp-json\/wp\/v2\/media?parent=4000"}],"curies":[{"name":"wp","href":"https:\/\/api.w.org\/{rel}","templated":true}]}}