{"id":3998,"date":"2017-11-02T14:34:55","date_gmt":"2017-11-02T13:34:55","guid":{"rendered":"https:\/\/scrapetec-trading.com\/download\/"},"modified":"2024-03-14T20:10:14","modified_gmt":"2024-03-14T19:10:14","slug":"descargas","status":"publish","type":"page","link":"https:\/\/scrapetec.com\/es\/descargas\/","title":{"rendered":"Descargas"},"content":{"rendered":"<section class=\"l-section wpb_row height_auto width_full color_alternate\"><div class=\"l-section-h i-cf\"><div class=\"g-cols vc_row via_flex valign_middle type_boxes stacking_default\"><div class=\"vc_col-sm-12 wpb_column vc_column_container\"><div class=\"vc_column-inner\"><div class=\"wpb_wrapper\"><div id=\"ultimate-heading-750569e027e9af152\" class=\"uvc-heading ult-adjust-bottom-margin ultimate-heading-750569e027e9af152 uvc-9710 \" data-hspacer=\"no_spacer\"  data-halign=\"left\" style=\"text-align:left\"><div class=\"uvc-heading-spacer no_spacer\" style=\"top\"><\/div><div class=\"uvc-main-heading ult-responsive\"  data-ultimate-target='.uvc-heading.ultimate-heading-750569e027e9af152 h1'  data-responsive-json-new='{\"font-size\":\"\",\"line-height\":\"\"}' ><h1 style=\"font-weight:normal;color:#383838;margin-top:0.7rem;margin-bottom:-1.0rem;\">Descargas<\/h1><\/div><\/div><\/div><\/div><\/div><\/div><\/div><\/section><!-- Row Backgrounds --><div class=\"upb_color\" data-bg-override=\"0\" data-bg-color=\"#f0f0f2\" data-fadeout=\"\" data-fadeout-percentage=\"30\" data-parallax-content=\"\" data-parallax-content-sense=\"30\" data-row-effect-mobile-disable=\"true\" data-img-parallax-mobile-disable=\"true\" data-rtl=\"false\"  data-custom-vc-row=\"\"  data-vc=\"8.6.1\"  data-is_old_vc=\"\"  data-theme-support=\"\"   data-overlay=\"false\" data-overlay-color=\"\" data-overlay-pattern=\"\" data-overlay-pattern-opacity=\"\" data-overlay-pattern-size=\"\"    ><\/div><section class=\"l-section wpb_row height_auto width_full\"><div class=\"l-section-h i-cf\"><div class=\"g-cols vc_row via_flex valign_top type_boxes stacking_default\"><div class=\"vc_col-sm-12 wpb_column vc_column_container\"><div class=\"vc_column-inner\"><div class=\"wpb_wrapper\"><div class=\"g-cols wpb_row via_flex valign_top type_default stacking_default\"><div class=\"vc_col-sm-1\/5 vc_col-lg-1\/5 vc_col-md-4 wpb_column vc_column_container\"><div class=\"vc_column-inner us_custom_6c7b040d\"><div class=\"wpb_wrapper\"><div class=\"w-image align_center\"><a title=\"AirScrape folleto ES - Descargar PDF\" target=\" _blank\" rel=\"nofollow\" href=\"https:\/\/scrapetec.com\/wp-content\/uploads\/AirScrape_brochure_EN-1.pdf\" aria-label=\"as_deckbl_es\" class=\"w-image-h\"><img decoding=\"async\" width=\"427\" height=\"600\" src=\"https:\/\/scrapetec.com\/wp-content\/uploads\/as_deckbl_es-2.png\" class=\"attachment-large size-large\" alt=\"\" loading=\"lazy\" srcset=\"https:\/\/scrapetec.com\/wp-content\/uploads\/as_deckbl_es-2.png 427w, https:\/\/scrapetec.com\/wp-content\/uploads\/as_deckbl_es-2-214x300.png 214w, https:\/\/scrapetec.com\/wp-content\/uploads\/as_deckbl_es-2-356x500.png 356w, https:\/\/scrapetec.com\/wp-content\/uploads\/as_deckbl_es-2-320x450.png 320w, https:\/\/scrapetec.com\/wp-content\/uploads\/as_deckbl_es-2-79x111.png 79w\" sizes=\"auto, (max-width: 427px) 100vw, 427px\" \/><\/a><\/div><div class=\"w-separator size_small\"><\/div><div class=\"wpb_text_column\"><div class=\"wpb_wrapper\"><h4 style=\"text-align: center;\">AirScrape<sup><small><small><small>\u00ae<\/small><\/small><\/small><br \/>\n<\/sup>folleto &#8211; EN<\/h4>\n<\/div><\/div><div class=\"w-btn-wrapper align_center\"><a class=\"w-btn us-btn-style_1 us_custom_abf9803b icon_atright text_none\" aria-label=\"Button\" title=\"AirScrape folleto ES - Descargar PDF\" target=\" _blank\" rel=\"nofollow\" href=\"https:\/\/scrapetec.com\/wp-content\/uploads\/AirScrape_brochure_EN-1.pdf\"><i class=\"fas fa-arrow-down\"><\/i><\/a><\/div><\/div><\/div><\/div><div class=\"vc_col-sm-1\/5 vc_col-lg-1\/5 vc_col-md-4 wpb_column vc_column_container\"><div class=\"vc_column-inner\"><div class=\"wpb_wrapper\"><div class=\"w-image align_center\"><a title=\"TailScrape folleto ES - Descargar PDF\" target=\" _blank\" rel=\"nofollow\" href=\"https:\/\/scrapetec.com\/wp-content\/uploads\/TailScrape_folleto_ES.pdf\" aria-label=\"ts-deckbl-es\" class=\"w-image-h\"><img decoding=\"async\" width=\"427\" height=\"600\" src=\"https:\/\/scrapetec.com\/wp-content\/uploads\/ts-deckbl-es.png\" class=\"attachment-large size-large\" alt=\"\" loading=\"lazy\" srcset=\"https:\/\/scrapetec.com\/wp-content\/uploads\/ts-deckbl-es.png 427w, https:\/\/scrapetec.com\/wp-content\/uploads\/ts-deckbl-es-214x300.png 214w\" sizes=\"auto, (max-width: 427px) 100vw, 427px\" \/><\/a><\/div><div class=\"w-separator size_small\"><\/div><div class=\"wpb_text_column\"><div class=\"wpb_wrapper\"><h4 style=\"text-align: center;\">TailScrape<br \/>\nfolleto &#8211; ES<\/h4>\n<\/div><\/div><div class=\"w-btn-wrapper align_center\"><a class=\"w-btn us-btn-style_1 us_custom_abf9803b icon_atright text_none\" aria-label=\"Button\" title=\"TailScrape folleto ES - Descargar PDF\" target=\" _blank\" rel=\"nofollow\" href=\"https:\/\/scrapetec.com\/wp-content\/uploads\/TailScrape_folleto_ES.pdf\"><i class=\"fas fa-arrow-down\"><\/i><\/a><\/div><\/div><\/div><\/div><div class=\"vc_col-sm-1\/5 vc_col-lg-1\/5 vc_col-md-4 wpb_column vc_column_container\"><div class=\"vc_column-inner us_custom_6c7b040d\"><div class=\"wpb_wrapper\"><div class=\"w-image align_center\"><a title=\"DustScrape folleto ES - Descargar PDF\" target=\" _blank\" rel=\"nofollow\" href=\"https:\/\/scrapetec.com\/wp-content\/uploads\/DustScrape_folleto_ES.pdf\" aria-label=\"ds_deckbl_es\" class=\"w-image-h\"><img decoding=\"async\" width=\"427\" height=\"600\" src=\"https:\/\/scrapetec.com\/wp-content\/uploads\/ds_deckbl_es.png\" class=\"attachment-large size-large\" alt=\"\" loading=\"lazy\" srcset=\"https:\/\/scrapetec.com\/wp-content\/uploads\/ds_deckbl_es.png 427w, https:\/\/scrapetec.com\/wp-content\/uploads\/ds_deckbl_es-214x300.png 214w\" sizes=\"auto, (max-width: 427px) 100vw, 427px\" \/><\/a><\/div><div class=\"w-separator size_small\"><\/div><div class=\"wpb_text_column\"><div class=\"wpb_wrapper\"><h4 style=\"text-align: center;\">DustScrape<br \/>\nfolleto &#8211; ES<\/h4>\n<\/div><\/div><div class=\"w-btn-wrapper align_center\"><a class=\"w-btn us-btn-style_1 us_custom_abf9803b icon_atright text_none\" aria-label=\"Button\" title=\"DustScrape folleto ES - Descargar PDF\" target=\" _blank\" rel=\"nofollow\" href=\"https:\/\/scrapetec.com\/wp-content\/uploads\/DustScrape_folleto_ES.pdf\"><i class=\"fas fa-arrow-down\"><\/i><\/a><\/div><\/div><\/div><\/div><div class=\"vc_col-sm-1\/5 vc_col-lg-1\/5 vc_col-md-4 wpb_column vc_column_container\"><div class=\"vc_column-inner us_custom_6c7b040d\"><div class=\"wpb_wrapper\"><div class=\"w-image align_center\"><a title=\"PrimeTracker folleto ES - Descargar PDF\" target=\"_blank\" rel=\"nofollow\" href=\"https:\/\/scrapetec.com\/wp-content\/uploads\/PrimeTracker_folleto_ES.pdf\" aria-label=\"pt_deckbl_es\" class=\"w-image-h\"><img decoding=\"async\" width=\"427\" height=\"600\" src=\"https:\/\/scrapetec.com\/wp-content\/uploads\/pt_deckbl_es.png\" class=\"attachment-large size-large\" alt=\"\" loading=\"lazy\" srcset=\"https:\/\/scrapetec.com\/wp-content\/uploads\/pt_deckbl_es.png 427w, https:\/\/scrapetec.com\/wp-content\/uploads\/pt_deckbl_es-214x300.png 214w, https:\/\/scrapetec.com\/wp-content\/uploads\/pt_deckbl_es-356x500.png 356w, https:\/\/scrapetec.com\/wp-content\/uploads\/pt_deckbl_es-320x450.png 320w, https:\/\/scrapetec.com\/wp-content\/uploads\/pt_deckbl_es-79x111.png 79w, https:\/\/scrapetec.com\/wp-content\/uploads\/pt_deckbl_es-107x150.png 107w\" sizes=\"auto, (max-width: 427px) 100vw, 427px\" \/><\/a><\/div><div class=\"w-separator size_small\"><\/div><div class=\"wpb_text_column\"><div class=\"wpb_wrapper\"><h4 style=\"text-align: center;\">PrimeTracker<br \/>\nfolleto &#8211; ES<\/h4>\n<\/div><\/div><div class=\"w-btn-wrapper align_center\"><a class=\"w-btn us-btn-style_1 us_custom_abf9803b icon_atright text_none\" aria-label=\"Button\" title=\"PrimeTracker folleto ES - Descargar PDF\" target=\"_blank\" rel=\"nofollow\" href=\"https:\/\/scrapetec.com\/wp-content\/uploads\/PrimeTracker_folleto_ES.pdf\"><i class=\"fas fa-arrow-down\"><\/i><\/a><\/div><\/div><\/div><\/div><div class=\"vc_col-sm-1\/5 vc_col-lg-1\/5 vc_col-md-4 wpb_column vc_column_container\"><div class=\"vc_column-inner us_custom_6c7b040d\"><div class=\"wpb_wrapper\"><div class=\"w-image align_center\"><a title=\"Descargar PDF\" target=\"_blank\" rel=\"nofollow\" href=\"https:\/\/scrapetec.com\/wp-content\/uploads\/as-ts-tdma-de-en_mm_inch_v02.pdf\" aria-label=\"as-ts_montage-techdat\" class=\"w-image-h\"><img decoding=\"async\" width=\"427\" height=\"600\" src=\"https:\/\/scrapetec.com\/wp-content\/uploads\/as-ts_montage-techdat.png\" class=\"attachment-large size-large\" alt=\"\" loading=\"lazy\" srcset=\"https:\/\/scrapetec.com\/wp-content\/uploads\/as-ts_montage-techdat.png 427w, https:\/\/scrapetec.com\/wp-content\/uploads\/as-ts_montage-techdat-214x300.png 214w\" sizes=\"auto, (max-width: 427px) 100vw, 427px\" \/><\/a><\/div><div class=\"w-separator size_small\"><\/div><div class=\"wpb_text_column\"><div class=\"wpb_wrapper\"><h4 style=\"text-align: center;\">AirScrape<sup><small><small><small>\u00ae<\/small><\/small><\/small><br \/>\n<\/sup> &amp; TailScrape<br \/>\nInstrucciones de montaje y hoja de datos t\u00e9cnicos &#8211; EN<\/h4>\n<\/div><\/div><div class=\"w-btn-wrapper align_center\"><a class=\"w-btn us-btn-style_1 us_custom_abf9803b icon_atright text_none\" aria-label=\"Button\" title=\"Descargar PDF\" target=\"_blank\" rel=\"nofollow\" href=\"https:\/\/scrapetec.com\/wp-content\/uploads\/as-ts-tdma-de-en_mm_inch_v02.pdf\"><i class=\"fas fa-arrow-down\"><\/i><\/a><\/div><\/div><\/div><\/div><\/div><div class=\"g-cols wpb_row via_flex valign_top type_default stacking_default\"><div class=\"vc_col-sm-1\/5 vc_col-lg-1\/5 vc_col-md-4 wpb_column vc_column_container\"><div class=\"vc_column-inner us_custom_6c7b040d\"><div class=\"wpb_wrapper\"><div class=\"w-image align_center\"><a title=\"Descargar PDF\" target=\"_blank\" rel=\"nofollow\" href=\"https:\/\/scrapetec.com\/wp-content\/uploads\/Instalacion_AirScrape.pdf\" aria-label=\"as_kurzanleitung_deckbl_es\" class=\"w-image-h\"><img decoding=\"async\" width=\"427\" height=\"600\" src=\"https:\/\/scrapetec.com\/wp-content\/uploads\/as_kurzanleitung_deckbl_es-1.png\" class=\"attachment-large size-large\" alt=\"\" loading=\"lazy\" srcset=\"https:\/\/scrapetec.com\/wp-content\/uploads\/as_kurzanleitung_deckbl_es-1.png 427w, https:\/\/scrapetec.com\/wp-content\/uploads\/as_kurzanleitung_deckbl_es-1-214x300.png 214w, https:\/\/scrapetec.com\/wp-content\/uploads\/as_kurzanleitung_deckbl_es-1-356x500.png 356w, https:\/\/scrapetec.com\/wp-content\/uploads\/as_kurzanleitung_deckbl_es-1-320x450.png 320w\" sizes=\"auto, (max-width: 427px) 100vw, 427px\" \/><\/a><\/div><div class=\"w-separator size_small\"><\/div><div class=\"wpb_text_column\"><div class=\"wpb_wrapper\"><h4 style=\"text-align: center;\">AirScrape<br \/>\nInstalaci\u00f3n correcta<\/h4>\n<\/div><\/div><div class=\"w-btn-wrapper align_center\"><a class=\"w-btn us-btn-style_1 us_custom_abf9803b icon_atright text_none\" aria-label=\"Button\" title=\"Descargar PDF\" target=\"_blank\" rel=\"nofollow\" href=\"https:\/\/scrapetec.com\/wp-content\/uploads\/Instalacion_AirScrape.pdf\"><i class=\"fas fa-arrow-down\"><\/i><\/a><\/div><\/div><\/div><\/div><div class=\"vc_col-sm-1\/5 vc_col-lg-1\/5 vc_col-md-4 wpb_column vc_column_container\"><div class=\"vc_column-inner us_custom_6c7b040d\"><div class=\"wpb_wrapper\"><div class=\"w-image align_center\"><a title=\"Descargar PDF\" target=\"_blank\" rel=\"nofollow\" href=\"https:\/\/scrapetec.com\/wp-content\/uploads\/PrimeTracker_installation_guide_a_technical_data_sheet.pdf\" aria-label=\"pt_montage_de\" class=\"w-image-h\"><img decoding=\"async\" width=\"427\" height=\"600\" src=\"https:\/\/scrapetec.com\/wp-content\/uploads\/pt_montage_de.png\" class=\"attachment-large size-large\" alt=\"\" loading=\"lazy\" srcset=\"https:\/\/scrapetec.com\/wp-content\/uploads\/pt_montage_de.png 427w, https:\/\/scrapetec.com\/wp-content\/uploads\/pt_montage_de-214x300.png 214w, https:\/\/scrapetec.com\/wp-content\/uploads\/pt_montage_de-356x500.png 356w, https:\/\/scrapetec.com\/wp-content\/uploads\/pt_montage_de-320x450.png 320w\" sizes=\"auto, (max-width: 427px) 100vw, 427px\" \/><\/a><\/div><div class=\"w-separator size_small\"><\/div><div class=\"wpb_text_column\"><div class=\"wpb_wrapper\"><h4 style=\"text-align: center;\">PrimeTracker<br \/>\nInstrucciones de montaje y hoja de datos t\u00e9cnicos &#8211; EN<\/h4>\n<\/div><\/div><div class=\"w-btn-wrapper align_center\"><a class=\"w-btn us-btn-style_1 us_custom_abf9803b icon_atright text_none\" aria-label=\"Button\" title=\"Descargar PDF\" target=\"_blank\" rel=\"nofollow\" href=\"https:\/\/scrapetec.com\/wp-content\/uploads\/PrimeTracker_installation_guide_a_technical_data_sheet.pdf\"><i class=\"fas fa-arrow-down\"><\/i><\/a><\/div><\/div><\/div><\/div><div class=\"vc_col-sm-1\/5 vc_col-lg-1\/5 vc_col-md-4 wpb_column vc_column_container\"><div class=\"vc_column-inner\"><div class=\"wpb_wrapper\"><\/div><\/div><\/div><div class=\"vc_col-sm-1\/5 vc_col-lg-1\/5 vc_col-md-4 wpb_column vc_column_container\"><div class=\"vc_column-inner us_custom_6c7b040d\"><div class=\"wpb_wrapper\"><\/div><\/div><\/div><div class=\"vc_col-sm-1\/5 vc_col-lg-1\/5 vc_col-md-4 wpb_column vc_column_container\"><div class=\"vc_column-inner us_custom_6c7b040d\"><div class=\"wpb_wrapper\"><\/div><\/div><\/div><\/div><div class=\"w-separator size_small\"><\/div><\/div><\/div><\/div><\/div><\/div><\/section>\n","protected":false},"excerpt":{"rendered":"DescargasAirScrape\u00ae folleto &#8211; EN TailScrape folleto &#8211; ES DustScrape folleto &#8211; ES PrimeTracker folleto &#8211; ES AirScrape\u00ae &amp; TailScrape Instrucciones de montaje y hoja de datos t\u00e9cnicos &#8211; EN AirScrape Instalaci\u00f3n correcta PrimeTracker Instrucciones de montaje y hoja de datos t\u00e9cnicos &#8211; EN","protected":false},"author":2,"featured_media":0,"parent":0,"menu_order":0,"comment_status":"closed","ping_status":"closed","template":"","meta":{"footnotes":""},"class_list":["post-3998","page","type-page","status-publish","hentry"],"yoast_head":"<!-- This site is optimized with the Yoast SEO plugin v27.4 - https:\/\/yoast.com\/product\/yoast-seo-wordpress\/ -->\n<title>Descargas - ScrapeTec International GmbH<\/title>\n<meta name=\"robots\" content=\"index, follow, max-snippet:-1, max-image-preview:large, max-video-preview:-1\" \/>\n<link rel=\"canonical\" href=\"https:\/\/scrapetec.com\/es\/descargas\/\" \/>\n<meta property=\"og:locale\" content=\"es_ES\" \/>\n<meta property=\"og:type\" content=\"article\" \/>\n<meta property=\"og:title\" content=\"Descargas - ScrapeTec International GmbH\" \/>\n<meta property=\"og:url\" content=\"https:\/\/scrapetec.com\/es\/descargas\/\" \/>\n<meta property=\"og:site_name\" content=\"ScrapeTec International GmbH\" \/>\n<meta property=\"article:publisher\" content=\"https:\/\/www.linkedin.com\/company\/scrapetec-trading\/\" \/>\n<meta property=\"article:modified_time\" content=\"2024-03-14T19:10:14+00:00\" \/>\n<meta name=\"twitter:card\" content=\"summary_large_image\" \/>\n<meta name=\"twitter:label1\" content=\"Tiempo de lectura\" \/>\n\t<meta name=\"twitter:data1\" content=\"3 minutos\" \/>\n<script type=\"application\/ld+json\" class=\"yoast-schema-graph\">{\"@context\":\"https:\\\/\\\/schema.org\",\"@graph\":[{\"@type\":\"WebPage\",\"@id\":\"https:\\\/\\\/scrapetec.com\\\/es\\\/descargas\\\/\",\"url\":\"https:\\\/\\\/scrapetec.com\\\/es\\\/descargas\\\/\",\"name\":\"Descargas - ScrapeTec International GmbH\",\"isPartOf\":{\"@id\":\"https:\\\/\\\/scrapetec.com\\\/es\\\/#website\"},\"datePublished\":\"2017-11-02T13:34:55+00:00\",\"dateModified\":\"2024-03-14T19:10:14+00:00\",\"breadcrumb\":{\"@id\":\"https:\\\/\\\/scrapetec.com\\\/es\\\/descargas\\\/#breadcrumb\"},\"inLanguage\":\"es\",\"potentialAction\":[{\"@type\":\"ReadAction\",\"target\":[\"https:\\\/\\\/scrapetec.com\\\/es\\\/descargas\\\/\"]}]},{\"@type\":\"BreadcrumbList\",\"@id\":\"https:\\\/\\\/scrapetec.com\\\/es\\\/descargas\\\/#breadcrumb\",\"itemListElement\":[{\"@type\":\"ListItem\",\"position\":1,\"name\":\"Startseite\",\"item\":\"https:\\\/\\\/scrapetec.com\\\/es\\\/\"},{\"@type\":\"ListItem\",\"position\":2,\"name\":\"Descargas\"}]},{\"@type\":\"WebSite\",\"@id\":\"https:\\\/\\\/scrapetec.com\\\/es\\\/#website\",\"url\":\"https:\\\/\\\/scrapetec.com\\\/es\\\/\",\"name\":\"ScrapeTec Trading GmbH\",\"description\":\"Wir schaffen innovative und l\u00f6sungsorientierte Produkte f\u00fcr F\u00f6rderanlagen von Masseng\u00fctern. AirScrape, DustScrape und PrimeTracker.\",\"publisher\":{\"@id\":\"https:\\\/\\\/scrapetec.com\\\/es\\\/#organization\"},\"potentialAction\":[{\"@type\":\"SearchAction\",\"target\":{\"@type\":\"EntryPoint\",\"urlTemplate\":\"https:\\\/\\\/scrapetec.com\\\/es\\\/?s={search_term_string}\"},\"query-input\":{\"@type\":\"PropertyValueSpecification\",\"valueRequired\":true,\"valueName\":\"search_term_string\"}}],\"inLanguage\":\"es\"},{\"@type\":\"Organization\",\"@id\":\"https:\\\/\\\/scrapetec.com\\\/es\\\/#organization\",\"name\":\"ScrapeTec International GmbH\",\"url\":\"https:\\\/\\\/scrapetec.com\\\/es\\\/\",\"logo\":{\"@type\":\"ImageObject\",\"inLanguage\":\"es\",\"@id\":\"https:\\\/\\\/scrapetec.com\\\/es\\\/#\\\/schema\\\/logo\\\/image\\\/\",\"url\":\"https:\\\/\\\/scrapetec.com\\\/wp-content\\\/uploads\\\/scraptec-trading-logo2.png\",\"contentUrl\":\"https:\\\/\\\/scrapetec.com\\\/wp-content\\\/uploads\\\/scraptec-trading-logo2.png\",\"width\":260,\"height\":44,\"caption\":\"ScrapeTec International GmbH\"},\"image\":{\"@id\":\"https:\\\/\\\/scrapetec.com\\\/es\\\/#\\\/schema\\\/logo\\\/image\\\/\"},\"sameAs\":[\"https:\\\/\\\/www.linkedin.com\\\/company\\\/scrapetec-trading\\\/\",\"https:\\\/\\\/www.youtube.com\\\/channel\\\/UCeOIoz0mbX_OZow5j7gd9cQ\"]}]}<\/script>\n<!-- \/ Yoast SEO plugin. -->","yoast_head_json":{"title":"Descargas - ScrapeTec International GmbH","robots":{"index":"index","follow":"follow","max-snippet":"max-snippet:-1","max-image-preview":"max-image-preview:large","max-video-preview":"max-video-preview:-1"},"canonical":"https:\/\/scrapetec.com\/es\/descargas\/","og_locale":"es_ES","og_type":"article","og_title":"Descargas - ScrapeTec International GmbH","og_url":"https:\/\/scrapetec.com\/es\/descargas\/","og_site_name":"ScrapeTec International GmbH","article_publisher":"https:\/\/www.linkedin.com\/company\/scrapetec-trading\/","article_modified_time":"2024-03-14T19:10:14+00:00","twitter_card":"summary_large_image","twitter_misc":{"Tiempo de lectura":"3 minutos"},"schema":{"@context":"https:\/\/schema.org","@graph":[{"@type":"WebPage","@id":"https:\/\/scrapetec.com\/es\/descargas\/","url":"https:\/\/scrapetec.com\/es\/descargas\/","name":"Descargas - ScrapeTec International GmbH","isPartOf":{"@id":"https:\/\/scrapetec.com\/es\/#website"},"datePublished":"2017-11-02T13:34:55+00:00","dateModified":"2024-03-14T19:10:14+00:00","breadcrumb":{"@id":"https:\/\/scrapetec.com\/es\/descargas\/#breadcrumb"},"inLanguage":"es","potentialAction":[{"@type":"ReadAction","target":["https:\/\/scrapetec.com\/es\/descargas\/"]}]},{"@type":"BreadcrumbList","@id":"https:\/\/scrapetec.com\/es\/descargas\/#breadcrumb","itemListElement":[{"@type":"ListItem","position":1,"name":"Startseite","item":"https:\/\/scrapetec.com\/es\/"},{"@type":"ListItem","position":2,"name":"Descargas"}]},{"@type":"WebSite","@id":"https:\/\/scrapetec.com\/es\/#website","url":"https:\/\/scrapetec.com\/es\/","name":"ScrapeTec Trading GmbH","description":"Wir schaffen innovative und l\u00f6sungsorientierte Produkte f\u00fcr F\u00f6rderanlagen von Masseng\u00fctern. AirScrape, DustScrape und PrimeTracker.","publisher":{"@id":"https:\/\/scrapetec.com\/es\/#organization"},"potentialAction":[{"@type":"SearchAction","target":{"@type":"EntryPoint","urlTemplate":"https:\/\/scrapetec.com\/es\/?s={search_term_string}"},"query-input":{"@type":"PropertyValueSpecification","valueRequired":true,"valueName":"search_term_string"}}],"inLanguage":"es"},{"@type":"Organization","@id":"https:\/\/scrapetec.com\/es\/#organization","name":"ScrapeTec International GmbH","url":"https:\/\/scrapetec.com\/es\/","logo":{"@type":"ImageObject","inLanguage":"es","@id":"https:\/\/scrapetec.com\/es\/#\/schema\/logo\/image\/","url":"https:\/\/scrapetec.com\/wp-content\/uploads\/scraptec-trading-logo2.png","contentUrl":"https:\/\/scrapetec.com\/wp-content\/uploads\/scraptec-trading-logo2.png","width":260,"height":44,"caption":"ScrapeTec International GmbH"},"image":{"@id":"https:\/\/scrapetec.com\/es\/#\/schema\/logo\/image\/"},"sameAs":["https:\/\/www.linkedin.com\/company\/scrapetec-trading\/","https:\/\/www.youtube.com\/channel\/UCeOIoz0mbX_OZow5j7gd9cQ"]}]}},"publishpress_future_action":{"enabled":false,"date":"2026-04-23 02:06:01","action":"change-status","newStatus":"draft","terms":[],"taxonomy":"translation_priority","extraData":[]},"publishpress_future_workflow_manual_trigger":{"enabledWorkflows":[]},"_links":{"self":[{"href":"https:\/\/scrapetec.com\/es\/wp-json\/wp\/v2\/pages\/3998","targetHints":{"allow":["GET"]}}],"collection":[{"href":"https:\/\/scrapetec.com\/es\/wp-json\/wp\/v2\/pages"}],"about":[{"href":"https:\/\/scrapetec.com\/es\/wp-json\/wp\/v2\/types\/page"}],"author":[{"embeddable":true,"href":"https:\/\/scrapetec.com\/es\/wp-json\/wp\/v2\/users\/2"}],"replies":[{"embeddable":true,"href":"https:\/\/scrapetec.com\/es\/wp-json\/wp\/v2\/comments?post=3998"}],"version-history":[{"count":0,"href":"https:\/\/scrapetec.com\/es\/wp-json\/wp\/v2\/pages\/3998\/revisions"}],"wp:attachment":[{"href":"https:\/\/scrapetec.com\/es\/wp-json\/wp\/v2\/media?parent=3998"}],"curies":[{"name":"wp","href":"https:\/\/api.w.org\/{rel}","templated":true}]}}