{"id":3996,"date":"2017-11-07T20:32:25","date_gmt":"2017-11-07T19:32:25","guid":{"rendered":"https:\/\/scrapetec-trading.com\/impressum\/"},"modified":"2025-03-16T20:02:33","modified_gmt":"2025-03-16T19:02:33","slug":"pie-de-imprenta","status":"publish","type":"page","link":"https:\/\/scrapetec.com\/es\/pie-de-imprenta\/","title":{"rendered":"Pie de imprenta"},"content":{"rendered":"<section class=\"l-section wpb_row height_auto color_alternate\"><div class=\"l-section-h i-cf\"><div class=\"g-cols vc_row via_flex valign_middle type_boxes stacking_default\"><div class=\"vc_col-sm-12 wpb_column vc_column_container\"><div class=\"vc_column-inner us_custom_9d1e26d6\"><div class=\"wpb_wrapper\"><div id=\"ultimate-heading-15969e071c88dbae\" class=\"uvc-heading ult-adjust-bottom-margin ultimate-heading-15969e071c88dbae uvc-3365 \" data-hspacer=\"no_spacer\"  data-halign=\"left\" style=\"text-align:left\"><div class=\"uvc-heading-spacer no_spacer\" style=\"top\"><\/div><div class=\"uvc-main-heading ult-responsive\"  data-ultimate-target='.uvc-heading.ultimate-heading-15969e071c88dbae h1'  data-responsive-json-new='{\"font-size\":\"\",\"line-height\":\"\"}' ><h1 style=\"font-weight:normal;color:#383838;margin-top:0.7rem;margin-bottom:-1.0rem;\">Pie de imprenta<\/h1><\/div><\/div><\/div><\/div><\/div><\/div><\/div><\/section><!-- Row Backgrounds --><div class=\"upb_color\" data-bg-override=\"0\" data-bg-color=\"#f0f0f2\" data-fadeout=\"\" data-fadeout-percentage=\"30\" data-parallax-content=\"\" data-parallax-content-sense=\"30\" data-row-effect-mobile-disable=\"true\" data-img-parallax-mobile-disable=\"true\" data-rtl=\"false\"  data-custom-vc-row=\"\"  data-vc=\"8.6.1\"  data-is_old_vc=\"\"  data-theme-support=\"\"   data-overlay=\"false\" data-overlay-color=\"\" data-overlay-pattern=\"\" data-overlay-pattern-opacity=\"\" data-overlay-pattern-size=\"\"    ><\/div><section class=\"l-section wpb_row height_auto\"><div class=\"l-section-h i-cf\"><div class=\"g-cols vc_row via_flex valign_top type_boxes stacking_default\"><div class=\"vc_col-sm-12 wpb_column vc_column_container\"><div class=\"vc_column-inner us_custom_e3cbe9f3\"><div class=\"wpb_wrapper\"><div class=\"wpb_text_column\"><div class=\"wpb_wrapper\"><h3 style=\"margin-bottom: 1.3rem;\">ScrapeTec International GmbH<\/h3>\n<p>Altfelder Stra\u00dfe 190<br \/>\n47475 Kamp-Lintfort<br \/>\nAlemania<\/p>\n<p>Tel. +49 2842 9 32 92 93<br \/>\ninfo@scrapetec.com<\/p>\n<p>Gerente:<br \/>\nWilfried D\u00fcnnwald<\/p>\n<p>Registro mercantil: Amtsgericht Kleve<br \/>\nN.\u00ba de inscripci\u00f3n en el registro: HRB 13536<\/p>\n<p>Ust-IdNr.: DE 300711275<br \/>\nUst-Nr.: 119\/5776\/0619<\/p>\n<h3 style=\"margin-bottom: 1.3rem;\">Responsable del contenido<\/h3>\n<p>Wilfried D\u00fcnnwald<br \/>\nAltfelder Stra\u00dfe 190<br \/>\n47475 Kamp-Lintfort<br \/>\nAlemania<\/p>\n<h3 style=\"margin-bottom: 1.3rem;\">Concepto, dise\u00f1o y programaci\u00f3n<\/h3>\n<p>Concepto y dise\u00f1o<br \/>\nCUATRO Kommunikationsdesign<br \/>\n<a href=\"http:\/\/cuatro.de\/\" target=\"_blank\" rel=\"noopener noreferrer\"> www.cuatro.de<\/a><\/p>\n<p>Realizaci\u00f3n de la programaci\u00f3n<br \/>\nPROLOUNGE, Dirk Loose<br \/>\n<a href=\"https:\/\/prolounge.de\/\" target=\"_blank\" rel=\"noopener noreferrer\"> www.prolounge.de<\/a><\/p>\n<h3 style=\"margin-bottom: 1.3rem;\">Fuentes del material gr\u00e1fico<\/h3>\n<p>El material gr\u00e1fico utilizado en esta p\u00e1gina web ha sido producido por ScrapeTec International GmbH y est\u00e1 protegido contra copia.<br \/>\nVisualizaciones en 3D producidas por <a href=\"http:\/\/cuatro.de\">CUATRO Kommunikationsdesign<\/a>.<\/p>\n<h3 style=\"margin-bottom: 1.3rem;\">Nota legal<\/h3>\n<p>El responsable de esta oferta de informaci\u00f3n es el propietario de la p\u00e1gina web. La informaci\u00f3n que se incluye en esta p\u00e1gina web ha sido recopilada con gran esmero. No obstante, no se puede asumir ninguna responsabilidad por su integridad y correcci\u00f3n. Por este motivo, queda excluida toda responsabilidad por posibles da\u00f1os en relaci\u00f3n con el uso de la informaci\u00f3n ofrecida. El mero uso de esta p\u00e1gina web no fundamenta ning\u00fan tipo de relaci\u00f3n contractual entre el usuario y el propietario.<\/p>\n<h3 style=\"margin-bottom: 1.3rem;\">Exclusi\u00f3n de responsabilidad<\/h3>\n<p>En la medida en que en esta p\u00e1gina web se proporcionen enlaces a otras p\u00e1ginas web, informamos expresamente de que no existe ninguna influencia en el dise\u00f1o y los contenidos de las p\u00e1ginas enlazadas, y no reconocemos como propio el contenido de las mismas. Para las p\u00e1ginas enlazadas se aplica que en el momento de la vinculaci\u00f3n no se detect\u00f3 ning\u00fan contenido ilegal. Los enlaces se comprueban regularmente para verificar que no tengan contenidos ilegales, y se eliminan inmediatamente en caso de infracci\u00f3n de la ley.<\/p>\n<\/div><\/div><\/div><\/div><\/div><\/div><\/div><\/section>\n","protected":false},"excerpt":{"rendered":"Pie de imprenta ScrapeTec International GmbH Altfelder Stra\u00dfe 190 47475 Kamp-Lintfort Alemania Tel. +49 2842 9 32 92 93 info@scrapetec.com Gerente: Wilfried D\u00fcnnwald Registro mercantil: Amtsgericht Kleve N.\u00ba de inscripci\u00f3n en el registro: HRB 13536 Ust-IdNr.: DE 300711275 Ust-Nr.: 119\/5776\/0619 Responsable del contenido Wilfried D\u00fcnnwald Altfelder Stra\u00dfe 190 47475 Kamp-Lintfort Alemania Concepto, dise\u00f1o y programaci\u00f3n...","protected":false},"author":2,"featured_media":0,"parent":0,"menu_order":0,"comment_status":"closed","ping_status":"closed","template":"","meta":{"footnotes":""},"class_list":["post-3996","page","type-page","status-publish","hentry"],"yoast_head":"<!-- This site is optimized with the Yoast SEO plugin v27.4 - https:\/\/yoast.com\/product\/yoast-seo-wordpress\/ -->\n<title>Pie de imprenta - ScrapeTec International GmbH<\/title>\n<meta name=\"robots\" content=\"index, follow, max-snippet:-1, max-image-preview:large, max-video-preview:-1\" \/>\n<link rel=\"canonical\" href=\"https:\/\/scrapetec.com\/es\/pie-de-imprenta\/\" \/>\n<meta property=\"og:locale\" content=\"es_ES\" \/>\n<meta property=\"og:type\" content=\"article\" \/>\n<meta property=\"og:title\" content=\"Pie de imprenta - ScrapeTec International GmbH\" \/>\n<meta property=\"og:url\" content=\"https:\/\/scrapetec.com\/es\/pie-de-imprenta\/\" \/>\n<meta property=\"og:site_name\" content=\"ScrapeTec International GmbH\" \/>\n<meta property=\"article:publisher\" content=\"https:\/\/www.linkedin.com\/company\/scrapetec-trading\/\" \/>\n<meta property=\"article:modified_time\" content=\"2025-03-16T19:02:33+00:00\" \/>\n<meta name=\"twitter:card\" content=\"summary_large_image\" \/>\n<meta name=\"twitter:label1\" content=\"Tiempo de lectura\" \/>\n\t<meta name=\"twitter:data1\" content=\"2 minutos\" \/>\n<script type=\"application\/ld+json\" class=\"yoast-schema-graph\">{\"@context\":\"https:\\\/\\\/schema.org\",\"@graph\":[{\"@type\":\"WebPage\",\"@id\":\"https:\\\/\\\/scrapetec.com\\\/es\\\/pie-de-imprenta\\\/\",\"url\":\"https:\\\/\\\/scrapetec.com\\\/es\\\/pie-de-imprenta\\\/\",\"name\":\"Pie de imprenta - ScrapeTec International GmbH\",\"isPartOf\":{\"@id\":\"https:\\\/\\\/scrapetec.com\\\/es\\\/#website\"},\"datePublished\":\"2017-11-07T19:32:25+00:00\",\"dateModified\":\"2025-03-16T19:02:33+00:00\",\"breadcrumb\":{\"@id\":\"https:\\\/\\\/scrapetec.com\\\/es\\\/pie-de-imprenta\\\/#breadcrumb\"},\"inLanguage\":\"es\",\"potentialAction\":[{\"@type\":\"ReadAction\",\"target\":[\"https:\\\/\\\/scrapetec.com\\\/es\\\/pie-de-imprenta\\\/\"]}]},{\"@type\":\"BreadcrumbList\",\"@id\":\"https:\\\/\\\/scrapetec.com\\\/es\\\/pie-de-imprenta\\\/#breadcrumb\",\"itemListElement\":[{\"@type\":\"ListItem\",\"position\":1,\"name\":\"Startseite\",\"item\":\"https:\\\/\\\/scrapetec.com\\\/es\\\/\"},{\"@type\":\"ListItem\",\"position\":2,\"name\":\"Pie de imprenta\"}]},{\"@type\":\"WebSite\",\"@id\":\"https:\\\/\\\/scrapetec.com\\\/es\\\/#website\",\"url\":\"https:\\\/\\\/scrapetec.com\\\/es\\\/\",\"name\":\"ScrapeTec Trading GmbH\",\"description\":\"Wir schaffen innovative und l\u00f6sungsorientierte Produkte f\u00fcr F\u00f6rderanlagen von Masseng\u00fctern. AirScrape, DustScrape und PrimeTracker.\",\"publisher\":{\"@id\":\"https:\\\/\\\/scrapetec.com\\\/es\\\/#organization\"},\"potentialAction\":[{\"@type\":\"SearchAction\",\"target\":{\"@type\":\"EntryPoint\",\"urlTemplate\":\"https:\\\/\\\/scrapetec.com\\\/es\\\/?s={search_term_string}\"},\"query-input\":{\"@type\":\"PropertyValueSpecification\",\"valueRequired\":true,\"valueName\":\"search_term_string\"}}],\"inLanguage\":\"es\"},{\"@type\":\"Organization\",\"@id\":\"https:\\\/\\\/scrapetec.com\\\/es\\\/#organization\",\"name\":\"ScrapeTec International GmbH\",\"url\":\"https:\\\/\\\/scrapetec.com\\\/es\\\/\",\"logo\":{\"@type\":\"ImageObject\",\"inLanguage\":\"es\",\"@id\":\"https:\\\/\\\/scrapetec.com\\\/es\\\/#\\\/schema\\\/logo\\\/image\\\/\",\"url\":\"https:\\\/\\\/scrapetec.com\\\/wp-content\\\/uploads\\\/scraptec-trading-logo2.png\",\"contentUrl\":\"https:\\\/\\\/scrapetec.com\\\/wp-content\\\/uploads\\\/scraptec-trading-logo2.png\",\"width\":260,\"height\":44,\"caption\":\"ScrapeTec International GmbH\"},\"image\":{\"@id\":\"https:\\\/\\\/scrapetec.com\\\/es\\\/#\\\/schema\\\/logo\\\/image\\\/\"},\"sameAs\":[\"https:\\\/\\\/www.linkedin.com\\\/company\\\/scrapetec-trading\\\/\",\"https:\\\/\\\/www.youtube.com\\\/channel\\\/UCeOIoz0mbX_OZow5j7gd9cQ\"]}]}<\/script>\n<!-- \/ Yoast SEO plugin. -->","yoast_head_json":{"title":"Pie de imprenta - ScrapeTec International GmbH","robots":{"index":"index","follow":"follow","max-snippet":"max-snippet:-1","max-image-preview":"max-image-preview:large","max-video-preview":"max-video-preview:-1"},"canonical":"https:\/\/scrapetec.com\/es\/pie-de-imprenta\/","og_locale":"es_ES","og_type":"article","og_title":"Pie de imprenta - ScrapeTec International GmbH","og_url":"https:\/\/scrapetec.com\/es\/pie-de-imprenta\/","og_site_name":"ScrapeTec International GmbH","article_publisher":"https:\/\/www.linkedin.com\/company\/scrapetec-trading\/","article_modified_time":"2025-03-16T19:02:33+00:00","twitter_card":"summary_large_image","twitter_misc":{"Tiempo de lectura":"2 minutos"},"schema":{"@context":"https:\/\/schema.org","@graph":[{"@type":"WebPage","@id":"https:\/\/scrapetec.com\/es\/pie-de-imprenta\/","url":"https:\/\/scrapetec.com\/es\/pie-de-imprenta\/","name":"Pie de imprenta - ScrapeTec International GmbH","isPartOf":{"@id":"https:\/\/scrapetec.com\/es\/#website"},"datePublished":"2017-11-07T19:32:25+00:00","dateModified":"2025-03-16T19:02:33+00:00","breadcrumb":{"@id":"https:\/\/scrapetec.com\/es\/pie-de-imprenta\/#breadcrumb"},"inLanguage":"es","potentialAction":[{"@type":"ReadAction","target":["https:\/\/scrapetec.com\/es\/pie-de-imprenta\/"]}]},{"@type":"BreadcrumbList","@id":"https:\/\/scrapetec.com\/es\/pie-de-imprenta\/#breadcrumb","itemListElement":[{"@type":"ListItem","position":1,"name":"Startseite","item":"https:\/\/scrapetec.com\/es\/"},{"@type":"ListItem","position":2,"name":"Pie de imprenta"}]},{"@type":"WebSite","@id":"https:\/\/scrapetec.com\/es\/#website","url":"https:\/\/scrapetec.com\/es\/","name":"ScrapeTec Trading GmbH","description":"Wir schaffen innovative und l\u00f6sungsorientierte Produkte f\u00fcr F\u00f6rderanlagen von Masseng\u00fctern. AirScrape, DustScrape und PrimeTracker.","publisher":{"@id":"https:\/\/scrapetec.com\/es\/#organization"},"potentialAction":[{"@type":"SearchAction","target":{"@type":"EntryPoint","urlTemplate":"https:\/\/scrapetec.com\/es\/?s={search_term_string}"},"query-input":{"@type":"PropertyValueSpecification","valueRequired":true,"valueName":"search_term_string"}}],"inLanguage":"es"},{"@type":"Organization","@id":"https:\/\/scrapetec.com\/es\/#organization","name":"ScrapeTec International GmbH","url":"https:\/\/scrapetec.com\/es\/","logo":{"@type":"ImageObject","inLanguage":"es","@id":"https:\/\/scrapetec.com\/es\/#\/schema\/logo\/image\/","url":"https:\/\/scrapetec.com\/wp-content\/uploads\/scraptec-trading-logo2.png","contentUrl":"https:\/\/scrapetec.com\/wp-content\/uploads\/scraptec-trading-logo2.png","width":260,"height":44,"caption":"ScrapeTec International GmbH"},"image":{"@id":"https:\/\/scrapetec.com\/es\/#\/schema\/logo\/image\/"},"sameAs":["https:\/\/www.linkedin.com\/company\/scrapetec-trading\/","https:\/\/www.youtube.com\/channel\/UCeOIoz0mbX_OZow5j7gd9cQ"]}]}},"publishpress_future_action":{"enabled":false,"date":"2026-04-23 07:21:12","action":"change-status","newStatus":"draft","terms":[],"taxonomy":"translation_priority","extraData":[]},"publishpress_future_workflow_manual_trigger":{"enabledWorkflows":[]},"_links":{"self":[{"href":"https:\/\/scrapetec.com\/es\/wp-json\/wp\/v2\/pages\/3996","targetHints":{"allow":["GET"]}}],"collection":[{"href":"https:\/\/scrapetec.com\/es\/wp-json\/wp\/v2\/pages"}],"about":[{"href":"https:\/\/scrapetec.com\/es\/wp-json\/wp\/v2\/types\/page"}],"author":[{"embeddable":true,"href":"https:\/\/scrapetec.com\/es\/wp-json\/wp\/v2\/users\/2"}],"replies":[{"embeddable":true,"href":"https:\/\/scrapetec.com\/es\/wp-json\/wp\/v2\/comments?post=3996"}],"version-history":[{"count":2,"href":"https:\/\/scrapetec.com\/es\/wp-json\/wp\/v2\/pages\/3996\/revisions"}],"predecessor-version":[{"id":10956,"href":"https:\/\/scrapetec.com\/es\/wp-json\/wp\/v2\/pages\/3996\/revisions\/10956"}],"wp:attachment":[{"href":"https:\/\/scrapetec.com\/es\/wp-json\/wp\/v2\/media?parent=3996"}],"curies":[{"name":"wp","href":"https:\/\/api.w.org\/{rel}","templated":true}]}}