{"id":3990,"date":"2017-11-07T20:45:30","date_gmt":"2017-11-07T19:45:30","guid":{"rendered":"https:\/\/scrapetec-trading.com\/unsere-kunden\/referenzen\/"},"modified":"2023-07-27T19:31:35","modified_gmt":"2023-07-27T17:31:35","slug":"nuestros-clientes","status":"publish","type":"page","link":"https:\/\/scrapetec.com\/es\/referencias\/nuestros-clientes\/","title":{"rendered":"Opiniones de los clientes"},"content":{"rendered":"<section class=\"l-section wpb_row height_auto width_full color_alternate\"><div class=\"l-section-h i-cf\"><div class=\"g-cols vc_row via_flex valign_middle type_boxes stacking_default\"><div class=\"vc_col-sm-12 wpb_column vc_column_container\"><div class=\"vc_column-inner\"><div class=\"wpb_wrapper\"><div id=\"ultimate-heading-986469e0583801fa1\" class=\"uvc-heading ult-adjust-bottom-margin ultimate-heading-986469e0583801fa1 uvc-8057 \" data-hspacer=\"no_spacer\"  data-halign=\"left\" style=\"text-align:left\"><div class=\"uvc-heading-spacer no_spacer\" style=\"top\"><\/div><div class=\"uvc-main-heading ult-responsive\"  data-ultimate-target='.uvc-heading.ultimate-heading-986469e0583801fa1 h2'  data-responsive-json-new='{\"font-size\":\"\",\"line-height\":\"\"}' ><h2 style=\"font-weight:normal;color:#383838;margin-top:0.7rem;margin-bottom:-1.0rem;\">Opiniones de los clientes<\/h2><\/div><\/div><\/div><\/div><\/div><\/div><\/div><\/section><!-- Row Backgrounds --><div class=\"upb_color\" data-bg-override=\"0\" data-bg-color=\"#f0f0f2\" data-fadeout=\"\" data-fadeout-percentage=\"30\" data-parallax-content=\"\" data-parallax-content-sense=\"30\" data-row-effect-mobile-disable=\"true\" data-img-parallax-mobile-disable=\"true\" data-rtl=\"false\"  data-custom-vc-row=\"\"  data-vc=\"8.6.1\"  data-is_old_vc=\"\"  data-theme-support=\"\"   data-overlay=\"false\" data-overlay-color=\"\" data-overlay-pattern=\"\" data-overlay-pattern-opacity=\"\" data-overlay-pattern-size=\"\"    ><\/div><section class=\"l-section wpb_row height_auto width_full\"><div class=\"l-section-h i-cf\"><div class=\"g-cols vc_row via_flex valign_top type_boxes stacking_default\"><div class=\"vc_col-sm-12 vc_col-lg-4 vc_col-md-12 wpb_column vc_column_container\"><div class=\"vc_column-inner us_custom_850f4f23\"><div class=\"wpb_wrapper\"><div class=\"g-cols wpb_row us_custom_4456883c via_flex valign_middle type_default stacking_default\"><div class=\"vc_col-sm-12 wpb_column vc_column_container\"><div class=\"vc_column-inner us_custom_0fb0f71f\"><div class=\"wpb_wrapper\"><div class=\"w-image us_custom_9e7ca1a4 align_left\"><div class=\"w-image-h\"><img decoding=\"async\" width=\"133\" height=\"100\" src=\"https:\/\/scrapetec.com\/wp-content\/uploads\/ref3-knauf-gips.png\" class=\"attachment-full size-full\" alt=\"\" loading=\"lazy\" \/><\/div><\/div><\/div><\/div><\/div><\/div><div class=\"g-cols wpb_row us_custom_722b58f1 via_flex valign_top type_default stacking_default\"><div class=\"vc_col-sm-12 wpb_column vc_column_container\"><div class=\"vc_column-inner\"><div class=\"wpb_wrapper\"><div class=\"wpb_text_column\"><div class=\"wpb_wrapper\"><h1 style=\"font-size: 1.2em;\">Jens Schuhmacher<\/h1>\n<\/div><\/div><\/div><\/div><\/div><\/div><div class=\"g-cols wpb_row us_custom_70db85b9 via_flex valign_top type_default stacking_default\"><div class=\"vc_col-sm-12 wpb_column vc_column_container\"><div class=\"vc_column-inner\"><div class=\"wpb_wrapper\"><div class=\"wpb_text_column\"><div class=\"wpb_wrapper\"><p>\u00abEstamos totalmente convencidos del nuevo sistema AirScrape. El AirScrape mantiene nuestros puntos de transferencia libres de polvo y derrame de materiales, durante m\u00e1s tiempo que los faldones laterales convencionales. No es necesario realizar trabajos de mantenimiento y limpieza, es decir, el AirScrape se ha rentabilizado r\u00e1pidamente. Ya hemos convertido el segundo punto de transferencia y vamos a hacer lo mismo con otros\u00bb<\/p>\n<\/div><\/div><\/div><\/div><\/div><\/div><\/div><\/div><\/div><div class=\"vc_col-sm-12 vc_col-lg-4 vc_col-md-12 wpb_column vc_column_container\"><div class=\"vc_column-inner us_custom_850f4f23\"><div class=\"wpb_wrapper\"><div class=\"g-cols wpb_row us_custom_4456883c via_flex valign_middle type_default stacking_default\"><div class=\"vc_col-sm-12 wpb_column vc_column_container\"><div class=\"vc_column-inner us_custom_be3606da\"><div class=\"wpb_wrapper\"><div class=\"w-image us_custom_9e7ca1a4 align_left\"><div class=\"w-image-h\"><img decoding=\"async\" width=\"164\" height=\"100\" src=\"https:\/\/scrapetec.com\/wp-content\/uploads\/ref3-rag.png\" class=\"attachment-full size-full\" alt=\"\" loading=\"lazy\" \/><\/div><\/div><\/div><\/div><\/div><\/div><div class=\"g-cols wpb_row us_custom_722b58f1 via_flex valign_top type_default stacking_default\"><div class=\"vc_col-sm-12 wpb_column vc_column_container\"><div class=\"vc_column-inner\"><div class=\"wpb_wrapper\"><div class=\"wpb_text_column\"><div class=\"wpb_wrapper\"><h1 style=\"font-size: 1.2em;\">Peter Skrzypczyk<\/h1>\n<\/div><\/div><\/div><\/div><\/div><\/div><div class=\"g-cols wpb_row us_custom_70db85b9 via_flex valign_top type_default stacking_default\"><div class=\"vc_col-sm-12 wpb_column vc_column_container\"><div class=\"vc_column-inner\"><div class=\"wpb_wrapper\"><div class=\"wpb_text_column\"><div class=\"wpb_wrapper\"><p>\u00abFuimos los primeros en poder probar el AirScrape. \u00a1Actualmente, el AirScrape ya lleva 3 a\u00f1os funcionando sin problemas en nuestras instalaciones todos los d\u00edas y con cualquier carga! Hasta ahora, el AirScrape consigue que el material se transporte en la cinta de manera limpia y sin polvo. Y no hay ninguna raz\u00f3n para dudar de que seguir\u00e1 haci\u00e9ndolo durante muchos a\u00f1os\u00bb<\/p>\n<\/div><\/div><\/div><\/div><\/div><\/div><\/div><\/div><\/div><div class=\"vc_col-sm-12 vc_col-lg-4 vc_col-md-12 wpb_column vc_column_container\"><div class=\"vc_column-inner us_custom_850f4f23\"><div class=\"wpb_wrapper\"><div class=\"g-cols wpb_row us_custom_4456883c via_flex valign_middle type_default stacking_default\"><div class=\"vc_col-sm-12 wpb_column vc_column_container\"><div class=\"vc_column-inner us_custom_be3606da\"><div class=\"wpb_wrapper\"><div class=\"w-image us_custom_9e7ca1a4 align_left\"><div class=\"w-image-h\"><img decoding=\"async\" width=\"191\" height=\"100\" src=\"https:\/\/scrapetec.com\/wp-content\/uploads\/ref3-j-mueller.png\" class=\"attachment-full size-full\" alt=\"\" loading=\"lazy\" \/><\/div><\/div><\/div><\/div><\/div><\/div><div class=\"g-cols wpb_row us_custom_722b58f1 via_flex valign_top type_default stacking_default\"><div class=\"vc_col-sm-12 wpb_column vc_column_container\"><div class=\"vc_column-inner\"><div class=\"wpb_wrapper\"><div class=\"wpb_text_column\"><div class=\"wpb_wrapper\"><h1 style=\"font-size: 1.2em;\">Ronald Lehmann<br \/>\nDirector del \u00e1rea de ingenier\u00eda de sistemas<\/h1>\n<\/div><\/div><\/div><\/div><\/div><\/div><div class=\"g-cols wpb_row us_custom_70db85b9 via_flex valign_top type_default stacking_default\"><div class=\"vc_col-sm-12 wpb_column vc_column_container\"><div class=\"vc_column-inner\"><div class=\"wpb_wrapper\"><div class=\"wpb_text_column\"><div class=\"wpb_wrapper\"><p>\u00abDescubr\u00ed por primera vez el AirScrape en 2016 en la feria Sch\u00fcttgut de Dortmund, y enseguida me convenci\u00f3 su principio de funcionamiento. Lo ped\u00ed directamente en la feria y al cabo de unas semanas ya estaba instalado en nuestros puntos de transferencia problem\u00e1ticos. Despu\u00e9s de montarlo desaparecieron las grandes cantidades de polvo y los derrames de material habituales. Ahora, tras m\u00e1s de 6 meses de uso, todav\u00eda no se observa ning\u00fan signo de desgaste. El AirScrape resulta convincente de principio a fin. \u00a1Le ponemos un 10!\u00bb<\/p>\n<\/div><\/div><\/div><\/div><\/div><\/div><\/div><\/div><\/div><\/div><\/div><\/section><section class=\"l-section wpb_row height_auto width_full\"><div class=\"l-section-h i-cf\"><div class=\"g-cols vc_row via_flex valign_top type_boxes stacking_default\"><div class=\"vc_col-sm-12 vc_col-lg-4 vc_col-md-12 wpb_column vc_column_container\"><div class=\"vc_column-inner us_custom_850f4f23\"><div class=\"wpb_wrapper\"><div class=\"g-cols wpb_row us_custom_4456883c via_flex valign_middle type_default stacking_default\"><div class=\"vc_col-sm-12 wpb_column vc_column_container\"><div class=\"vc_column-inner us_custom_be3606da\"><div class=\"wpb_wrapper\"><div class=\"w-image us_custom_9e7ca1a4 align_left\"><div class=\"w-image-h\"><img decoding=\"async\" width=\"265\" height=\"100\" src=\"https:\/\/scrapetec.com\/wp-content\/uploads\/ref3-rump_salzmann.png\" class=\"attachment-full size-full\" alt=\"\" loading=\"lazy\" \/><\/div><\/div><\/div><\/div><\/div><\/div><div class=\"g-cols wpb_row us_custom_722b58f1 via_flex valign_top type_default stacking_default\"><div class=\"vc_col-sm-12 wpb_column vc_column_container\"><div class=\"vc_column-inner\"><div class=\"wpb_wrapper\"><div class=\"wpb_text_column\"><div class=\"wpb_wrapper\"><h1 style=\"font-size: 1.2em;\">Uwe Schridde<br \/>\nDirector de operaciones<\/h1>\n<\/div><\/div><\/div><\/div><\/div><\/div><div class=\"g-cols wpb_row us_custom_70db85b9 via_flex valign_top type_default stacking_default\"><div class=\"vc_col-sm-12 wpb_column vc_column_container\"><div class=\"vc_column-inner\"><div class=\"wpb_wrapper\"><div class=\"wpb_text_column\"><div class=\"wpb_wrapper\"><p>\u00abHab\u00edamos probado realmente todos los faldones laterales posibles, pero ninguno de los productos pod\u00eda solucionar los problemas de manera definitiva. El desgaste del fald\u00f3n lateral lo dejaba continuamente fuera de servicio. Esto hac\u00eda que se volviese a generar polvo enseguida y se derramase material. Me refiero a varias toneladas cada trimestre. En realidad, el principio del AirScrape es muy simple: funciona sin contacto y, por tanto, sin desgaste. As\u00ed pues, desde hace casi 4 a\u00f1os el AirScrape funciona con gran fiabilidad en nuestra transferencia, y mantiene limpia la zona detr\u00e1s del triturador. \u00a1Ahora podemos invertir en otras cosas los recursos libres!\u00bb<\/p>\n<\/div><\/div><\/div><\/div><\/div><\/div><\/div><\/div><\/div><div class=\"vc_col-sm-12 vc_col-lg-4 vc_col-md-12 wpb_column vc_column_container\"><div class=\"vc_column-inner\"><div class=\"wpb_wrapper\"><\/div><\/div><\/div><\/div><\/div><\/section>\n","protected":false},"excerpt":{"rendered":"Opiniones de los clientesJens Schuhmacher \u00abEstamos totalmente convencidos del nuevo sistema AirScrape. El AirScrape mantiene nuestros puntos de transferencia libres de polvo y derrame de materiales, durante m\u00e1s tiempo que los faldones laterales convencionales. No es necesario realizar trabajos de mantenimiento y limpieza, es decir, el AirScrape se ha rentabilizado r\u00e1pidamente. Ya hemos convertido el...","protected":false},"author":2,"featured_media":0,"parent":3982,"menu_order":0,"comment_status":"closed","ping_status":"closed","template":"","meta":{"footnotes":""},"class_list":["post-3990","page","type-page","status-publish","hentry"],"yoast_head":"<!-- This site is optimized with the Yoast SEO plugin v27.4 - https:\/\/yoast.com\/product\/yoast-seo-wordpress\/ -->\n<title>Opiniones de los clientes - ScrapeTec International GmbH<\/title>\n<meta name=\"robots\" content=\"index, follow, max-snippet:-1, max-image-preview:large, max-video-preview:-1\" \/>\n<link rel=\"canonical\" href=\"https:\/\/scrapetec.com\/es\/referencias\/nuestros-clientes\/\" \/>\n<meta property=\"og:locale\" content=\"es_ES\" \/>\n<meta property=\"og:type\" content=\"article\" \/>\n<meta property=\"og:title\" content=\"Opiniones de los clientes - ScrapeTec International GmbH\" \/>\n<meta property=\"og:url\" content=\"https:\/\/scrapetec.com\/es\/referencias\/nuestros-clientes\/\" \/>\n<meta property=\"og:site_name\" content=\"ScrapeTec International GmbH\" \/>\n<meta property=\"article:publisher\" content=\"https:\/\/www.linkedin.com\/company\/scrapetec-trading\/\" \/>\n<meta property=\"article:modified_time\" content=\"2023-07-27T17:31:35+00:00\" \/>\n<meta name=\"twitter:card\" content=\"summary_large_image\" \/>\n<meta name=\"twitter:label1\" content=\"Tiempo de lectura\" \/>\n\t<meta name=\"twitter:data1\" content=\"3 minutos\" \/>\n<script type=\"application\/ld+json\" class=\"yoast-schema-graph\">{\"@context\":\"https:\\\/\\\/schema.org\",\"@graph\":[{\"@type\":\"WebPage\",\"@id\":\"https:\\\/\\\/scrapetec.com\\\/es\\\/referencias\\\/nuestros-clientes\\\/\",\"url\":\"https:\\\/\\\/scrapetec.com\\\/es\\\/referencias\\\/nuestros-clientes\\\/\",\"name\":\"Opiniones de los clientes - ScrapeTec International GmbH\",\"isPartOf\":{\"@id\":\"https:\\\/\\\/scrapetec.com\\\/es\\\/#website\"},\"datePublished\":\"2017-11-07T19:45:30+00:00\",\"dateModified\":\"2023-07-27T17:31:35+00:00\",\"breadcrumb\":{\"@id\":\"https:\\\/\\\/scrapetec.com\\\/es\\\/referencias\\\/nuestros-clientes\\\/#breadcrumb\"},\"inLanguage\":\"es\",\"potentialAction\":[{\"@type\":\"ReadAction\",\"target\":[\"https:\\\/\\\/scrapetec.com\\\/es\\\/referencias\\\/nuestros-clientes\\\/\"]}]},{\"@type\":\"BreadcrumbList\",\"@id\":\"https:\\\/\\\/scrapetec.com\\\/es\\\/referencias\\\/nuestros-clientes\\\/#breadcrumb\",\"itemListElement\":[{\"@type\":\"ListItem\",\"position\":1,\"name\":\"Startseite\",\"item\":\"https:\\\/\\\/scrapetec.com\\\/es\\\/\"},{\"@type\":\"ListItem\",\"position\":2,\"name\":\"Referencias\",\"item\":\"https:\\\/\\\/scrapetec.com\\\/es\\\/referencias\\\/\"},{\"@type\":\"ListItem\",\"position\":3,\"name\":\"Opiniones de los clientes\"}]},{\"@type\":\"WebSite\",\"@id\":\"https:\\\/\\\/scrapetec.com\\\/es\\\/#website\",\"url\":\"https:\\\/\\\/scrapetec.com\\\/es\\\/\",\"name\":\"ScrapeTec Trading GmbH\",\"description\":\"Wir schaffen innovative und l\u00f6sungsorientierte Produkte f\u00fcr F\u00f6rderanlagen von Masseng\u00fctern. AirScrape, DustScrape und PrimeTracker.\",\"publisher\":{\"@id\":\"https:\\\/\\\/scrapetec.com\\\/es\\\/#organization\"},\"potentialAction\":[{\"@type\":\"SearchAction\",\"target\":{\"@type\":\"EntryPoint\",\"urlTemplate\":\"https:\\\/\\\/scrapetec.com\\\/es\\\/?s={search_term_string}\"},\"query-input\":{\"@type\":\"PropertyValueSpecification\",\"valueRequired\":true,\"valueName\":\"search_term_string\"}}],\"inLanguage\":\"es\"},{\"@type\":\"Organization\",\"@id\":\"https:\\\/\\\/scrapetec.com\\\/es\\\/#organization\",\"name\":\"ScrapeTec International GmbH\",\"url\":\"https:\\\/\\\/scrapetec.com\\\/es\\\/\",\"logo\":{\"@type\":\"ImageObject\",\"inLanguage\":\"es\",\"@id\":\"https:\\\/\\\/scrapetec.com\\\/es\\\/#\\\/schema\\\/logo\\\/image\\\/\",\"url\":\"https:\\\/\\\/scrapetec.com\\\/wp-content\\\/uploads\\\/scraptec-trading-logo2.png\",\"contentUrl\":\"https:\\\/\\\/scrapetec.com\\\/wp-content\\\/uploads\\\/scraptec-trading-logo2.png\",\"width\":260,\"height\":44,\"caption\":\"ScrapeTec International GmbH\"},\"image\":{\"@id\":\"https:\\\/\\\/scrapetec.com\\\/es\\\/#\\\/schema\\\/logo\\\/image\\\/\"},\"sameAs\":[\"https:\\\/\\\/www.linkedin.com\\\/company\\\/scrapetec-trading\\\/\",\"https:\\\/\\\/www.youtube.com\\\/channel\\\/UCeOIoz0mbX_OZow5j7gd9cQ\"]}]}<\/script>\n<!-- \/ Yoast SEO plugin. -->","yoast_head_json":{"title":"Opiniones de los clientes - ScrapeTec International GmbH","robots":{"index":"index","follow":"follow","max-snippet":"max-snippet:-1","max-image-preview":"max-image-preview:large","max-video-preview":"max-video-preview:-1"},"canonical":"https:\/\/scrapetec.com\/es\/referencias\/nuestros-clientes\/","og_locale":"es_ES","og_type":"article","og_title":"Opiniones de los clientes - ScrapeTec International GmbH","og_url":"https:\/\/scrapetec.com\/es\/referencias\/nuestros-clientes\/","og_site_name":"ScrapeTec International GmbH","article_publisher":"https:\/\/www.linkedin.com\/company\/scrapetec-trading\/","article_modified_time":"2023-07-27T17:31:35+00:00","twitter_card":"summary_large_image","twitter_misc":{"Tiempo de lectura":"3 minutos"},"schema":{"@context":"https:\/\/schema.org","@graph":[{"@type":"WebPage","@id":"https:\/\/scrapetec.com\/es\/referencias\/nuestros-clientes\/","url":"https:\/\/scrapetec.com\/es\/referencias\/nuestros-clientes\/","name":"Opiniones de los clientes - ScrapeTec International GmbH","isPartOf":{"@id":"https:\/\/scrapetec.com\/es\/#website"},"datePublished":"2017-11-07T19:45:30+00:00","dateModified":"2023-07-27T17:31:35+00:00","breadcrumb":{"@id":"https:\/\/scrapetec.com\/es\/referencias\/nuestros-clientes\/#breadcrumb"},"inLanguage":"es","potentialAction":[{"@type":"ReadAction","target":["https:\/\/scrapetec.com\/es\/referencias\/nuestros-clientes\/"]}]},{"@type":"BreadcrumbList","@id":"https:\/\/scrapetec.com\/es\/referencias\/nuestros-clientes\/#breadcrumb","itemListElement":[{"@type":"ListItem","position":1,"name":"Startseite","item":"https:\/\/scrapetec.com\/es\/"},{"@type":"ListItem","position":2,"name":"Referencias","item":"https:\/\/scrapetec.com\/es\/referencias\/"},{"@type":"ListItem","position":3,"name":"Opiniones de los clientes"}]},{"@type":"WebSite","@id":"https:\/\/scrapetec.com\/es\/#website","url":"https:\/\/scrapetec.com\/es\/","name":"ScrapeTec Trading GmbH","description":"Wir schaffen innovative und l\u00f6sungsorientierte Produkte f\u00fcr F\u00f6rderanlagen von Masseng\u00fctern. AirScrape, DustScrape und PrimeTracker.","publisher":{"@id":"https:\/\/scrapetec.com\/es\/#organization"},"potentialAction":[{"@type":"SearchAction","target":{"@type":"EntryPoint","urlTemplate":"https:\/\/scrapetec.com\/es\/?s={search_term_string}"},"query-input":{"@type":"PropertyValueSpecification","valueRequired":true,"valueName":"search_term_string"}}],"inLanguage":"es"},{"@type":"Organization","@id":"https:\/\/scrapetec.com\/es\/#organization","name":"ScrapeTec International GmbH","url":"https:\/\/scrapetec.com\/es\/","logo":{"@type":"ImageObject","inLanguage":"es","@id":"https:\/\/scrapetec.com\/es\/#\/schema\/logo\/image\/","url":"https:\/\/scrapetec.com\/wp-content\/uploads\/scraptec-trading-logo2.png","contentUrl":"https:\/\/scrapetec.com\/wp-content\/uploads\/scraptec-trading-logo2.png","width":260,"height":44,"caption":"ScrapeTec International GmbH"},"image":{"@id":"https:\/\/scrapetec.com\/es\/#\/schema\/logo\/image\/"},"sameAs":["https:\/\/www.linkedin.com\/company\/scrapetec-trading\/","https:\/\/www.youtube.com\/channel\/UCeOIoz0mbX_OZow5j7gd9cQ"]}]}},"publishpress_future_action":{"enabled":false,"date":"2026-04-23 05:32:08","action":"change-status","newStatus":"draft","terms":[],"taxonomy":"translation_priority","extraData":[]},"publishpress_future_workflow_manual_trigger":{"enabledWorkflows":[]},"_links":{"self":[{"href":"https:\/\/scrapetec.com\/es\/wp-json\/wp\/v2\/pages\/3990","targetHints":{"allow":["GET"]}}],"collection":[{"href":"https:\/\/scrapetec.com\/es\/wp-json\/wp\/v2\/pages"}],"about":[{"href":"https:\/\/scrapetec.com\/es\/wp-json\/wp\/v2\/types\/page"}],"author":[{"embeddable":true,"href":"https:\/\/scrapetec.com\/es\/wp-json\/wp\/v2\/users\/2"}],"replies":[{"embeddable":true,"href":"https:\/\/scrapetec.com\/es\/wp-json\/wp\/v2\/comments?post=3990"}],"version-history":[{"count":0,"href":"https:\/\/scrapetec.com\/es\/wp-json\/wp\/v2\/pages\/3990\/revisions"}],"up":[{"embeddable":true,"href":"https:\/\/scrapetec.com\/es\/wp-json\/wp\/v2\/pages\/3982"}],"wp:attachment":[{"href":"https:\/\/scrapetec.com\/es\/wp-json\/wp\/v2\/media?parent=3990"}],"curies":[{"name":"wp","href":"https:\/\/api.w.org\/{rel}","templated":true}]}}