{"id":3985,"date":"2017-11-15T21:07:06","date_gmt":"2017-11-15T20:07:06","guid":{"rendered":"https:\/\/scrapetec-trading.com\/newsletter-abonnieren\/"},"modified":"2025-03-19T16:24:24","modified_gmt":"2025-03-19T15:24:24","slug":"suscribirse-al-boletin","status":"publish","type":"page","link":"https:\/\/scrapetec.com\/es\/contacto\/suscribirse-al-boletin\/","title":{"rendered":"Suscribirse al bolet\u00edn"},"content":{"rendered":"<section class=\"l-section wpb_row custom-form height_auto\"><div class=\"l-section-h i-cf\"><div class=\"g-cols vc_row via_flex valign_top type_boxes stacking_default\"><div class=\"vc_col-sm-12 wpb_column vc_column_container\"><div class=\"vc_column-inner\"><div class=\"wpb_wrapper\"><div id=\"ultimate-heading-889769e0583c808ab\" class=\"uvc-heading ult-adjust-bottom-margin ultimate-heading-889769e0583c808ab uvc-5165 \" data-hspacer=\"no_spacer\"  data-halign=\"left\" style=\"text-align:left\"><div class=\"uvc-heading-spacer no_spacer\" style=\"top\"><\/div><div class=\"uvc-main-heading ult-responsive\"  data-ultimate-target='.uvc-heading.ultimate-heading-889769e0583c808ab h1'  data-responsive-json-new='{\"font-size\":\"\",\"line-height\":\"\"}' ><h1 style=\"font-weight:normal;\">Bien informado con nuestro bolet\u00edn<\/h1><\/div><\/div><div class=\"w-separator size_small\"><\/div><div class=\"g-cols wpb_row via_flex valign_top type_default stacking_default\"><div class=\"vc_col-sm-12 wpb_column vc_column_container\"><div class=\"vc_column-inner\"><div class=\"wpb_wrapper\"><div class=\"w-btn-wrapper align_none\"><a class=\"w-btn us-btn-style_2 us_custom_f73f4019\" title=\"Su mensaje\" href=\"https:\/\/scrapetec.com\/es\/contacto\/su-mensaje\/\"><span class=\"w-btn-label\">Su mensaje<\/span><\/a><\/div><div class=\"w-btn-wrapper align_none\"><a class=\"w-btn us-btn-style_2 us_custom_f73f4019\" title=\"Consulta sobre el producto\" href=\"https:\/\/scrapetec.com\/es\/contacto\/airscrape\/\"><span class=\"w-btn-label\">Consulta sobre el producto<\/span><\/a><\/div><div class=\"w-btn-wrapper align_none\"><a class=\"w-btn us-btn-style_1 us_custom_f73f4019\" title=\"Suscribirse al bolet\u00edn\" href=\"https:\/\/scrapetec.com\/es\/contacto\/suscribirse-al-boletin\/\"><span class=\"w-btn-label\">Suscribirse al bolet\u00edn<\/span><\/a><\/div><\/div><\/div><\/div><\/div><div class=\"g-cols wpb_row us_custom_74f3963a via_flex valign_top type_default stacking_default\"><div class=\"vc_col-sm-12 wpb_column vc_column_container\"><div class=\"vc_column-inner\"><div class=\"wpb_wrapper\">[vc_wp_text]<script>(function() {\n\twindow.mc4wp = window.mc4wp || {\n\t\tlisteners: [],\n\t\tforms: {\n\t\t\ton: function(evt, cb) {\n\t\t\t\twindow.mc4wp.listeners.push(\n\t\t\t\t\t{\n\t\t\t\t\t\tevent   : evt,\n\t\t\t\t\t\tcallback: cb\n\t\t\t\t\t}\n\t\t\t\t);\n\t\t\t}\n\t\t}\n\t}\n})();\n<\/script><!-- Mailchimp for WordPress v4.12.1 - https:\/\/wordpress.org\/plugins\/mailchimp-for-wp\/ --><form id=\"mc4wp-form-1\" class=\"mc4wp-form mc4wp-form-4866\" method=\"post\" data-id=\"4866\" data-name=\"Con nuestro bolet\u00edn siempre estar\u00e1 bien informado.\" ><div class=\"mc4wp-form-fields\"><label>Tratamiento*<\/label>\r\n<input name=\"MMERGE9\" required=\"\" type=\"text\" placeholder=\"Sra. \/ Sr.\" \/>\r\n\r\n<label>Nombre*<\/label>\r\n<input name=\"FNAME\" required=\"\" type=\"text\" placeholder=\"\" \/>\r\n\r\n<label>Apellidos<\/label>*\r\n<input name=\"LNAME\" required=\"\" type=\"text\" placeholder=\"\" \/>\r\n\r\n<label>Empresa<\/label>\r\n<input name=\"MMERGE3\" type=\"text\" placeholder=\"\" \/>\r\n\r\n<label>Correo electr\u00f3nico<\/label>*\r\n<input name=\"EMAIL\" required=\"\" type=\"email\" placeholder=\"\" \/>\r\n\r\n<input type=\"submit\" value=\"Enviar\" \/><\/div><label style=\"display: none !important;\">Deja vac\u00edo este campo si eres humano: <input type=\"text\" name=\"_mc4wp_honeypot\" value=\"\" tabindex=\"-1\" autocomplete=\"off\" \/><\/label><input type=\"hidden\" name=\"_mc4wp_timestamp\" value=\"1776310332\" \/><input type=\"hidden\" name=\"_mc4wp_form_id\" value=\"4866\" \/><input type=\"hidden\" name=\"_mc4wp_form_element_id\" value=\"mc4wp-form-1\" \/><div class=\"mc4wp-response\"><\/div><\/form><!-- \/ Mailchimp for WordPress Plugin -->[\/vc_wp_text]<\/div><\/div><\/div><\/div><div class=\"w-separator size_custom\" style=\"height:5px\"><\/div><\/div><\/div><\/div><\/div><\/div><\/section>\n","protected":false},"excerpt":{"rendered":"Bien informado con nuestro bolet\u00ednSu mensajeConsulta sobre el productoSuscribirse al bolet\u00edn[vc_wp_text]Tratamiento* Nombre* Apellidos* Empresa Correo electr\u00f3nico* Deja vac\u00edo este campo si eres humano: [\/vc_wp_text]","protected":false},"author":2,"featured_media":0,"parent":3991,"menu_order":0,"comment_status":"closed","ping_status":"closed","template":"","meta":{"footnotes":""},"class_list":["post-3985","page","type-page","status-publish","hentry"],"yoast_head":"<!-- This site is optimized with the Yoast SEO plugin v27.4 - https:\/\/yoast.com\/product\/yoast-seo-wordpress\/ -->\n<title>Suscribirse al bolet\u00edn - ScrapeTec International GmbH<\/title>\n<meta name=\"robots\" content=\"index, follow, max-snippet:-1, max-image-preview:large, max-video-preview:-1\" \/>\n<link rel=\"canonical\" href=\"https:\/\/scrapetec.com\/es\/contacto\/suscribirse-al-boletin\/\" \/>\n<meta property=\"og:locale\" content=\"es_ES\" \/>\n<meta property=\"og:type\" content=\"article\" \/>\n<meta property=\"og:title\" content=\"Suscribirse al bolet\u00edn - ScrapeTec International GmbH\" \/>\n<meta property=\"og:url\" content=\"https:\/\/scrapetec.com\/es\/contacto\/suscribirse-al-boletin\/\" \/>\n<meta property=\"og:site_name\" content=\"ScrapeTec International GmbH\" \/>\n<meta property=\"article:publisher\" content=\"https:\/\/www.linkedin.com\/company\/scrapetec-trading\/\" \/>\n<meta property=\"article:modified_time\" content=\"2025-03-19T15:24:24+00:00\" \/>\n<meta name=\"twitter:card\" content=\"summary_large_image\" \/>\n<meta name=\"twitter:label1\" content=\"Tiempo de lectura\" \/>\n\t<meta name=\"twitter:data1\" content=\"1 minuto\" \/>\n<script type=\"application\/ld+json\" class=\"yoast-schema-graph\">{\"@context\":\"https:\\\/\\\/schema.org\",\"@graph\":[{\"@type\":\"WebPage\",\"@id\":\"https:\\\/\\\/scrapetec.com\\\/es\\\/contacto\\\/suscribirse-al-boletin\\\/\",\"url\":\"https:\\\/\\\/scrapetec.com\\\/es\\\/contacto\\\/suscribirse-al-boletin\\\/\",\"name\":\"Suscribirse al bolet\u00edn - ScrapeTec International GmbH\",\"isPartOf\":{\"@id\":\"https:\\\/\\\/scrapetec.com\\\/es\\\/#website\"},\"datePublished\":\"2017-11-15T20:07:06+00:00\",\"dateModified\":\"2025-03-19T15:24:24+00:00\",\"breadcrumb\":{\"@id\":\"https:\\\/\\\/scrapetec.com\\\/es\\\/contacto\\\/suscribirse-al-boletin\\\/#breadcrumb\"},\"inLanguage\":\"es\",\"potentialAction\":[{\"@type\":\"ReadAction\",\"target\":[\"https:\\\/\\\/scrapetec.com\\\/es\\\/contacto\\\/suscribirse-al-boletin\\\/\"]}]},{\"@type\":\"BreadcrumbList\",\"@id\":\"https:\\\/\\\/scrapetec.com\\\/es\\\/contacto\\\/suscribirse-al-boletin\\\/#breadcrumb\",\"itemListElement\":[{\"@type\":\"ListItem\",\"position\":1,\"name\":\"Startseite\",\"item\":\"https:\\\/\\\/scrapetec.com\\\/es\\\/\"},{\"@type\":\"ListItem\",\"position\":2,\"name\":\"Contacto\",\"item\":\"https:\\\/\\\/scrapetec.com\\\/es\\\/contacto\\\/\"},{\"@type\":\"ListItem\",\"position\":3,\"name\":\"Suscribirse al bolet\u00edn\"}]},{\"@type\":\"WebSite\",\"@id\":\"https:\\\/\\\/scrapetec.com\\\/es\\\/#website\",\"url\":\"https:\\\/\\\/scrapetec.com\\\/es\\\/\",\"name\":\"ScrapeTec Trading GmbH\",\"description\":\"Wir schaffen innovative und l\u00f6sungsorientierte Produkte f\u00fcr F\u00f6rderanlagen von Masseng\u00fctern. AirScrape, DustScrape und PrimeTracker.\",\"publisher\":{\"@id\":\"https:\\\/\\\/scrapetec.com\\\/es\\\/#organization\"},\"potentialAction\":[{\"@type\":\"SearchAction\",\"target\":{\"@type\":\"EntryPoint\",\"urlTemplate\":\"https:\\\/\\\/scrapetec.com\\\/es\\\/?s={search_term_string}\"},\"query-input\":{\"@type\":\"PropertyValueSpecification\",\"valueRequired\":true,\"valueName\":\"search_term_string\"}}],\"inLanguage\":\"es\"},{\"@type\":\"Organization\",\"@id\":\"https:\\\/\\\/scrapetec.com\\\/es\\\/#organization\",\"name\":\"ScrapeTec International GmbH\",\"url\":\"https:\\\/\\\/scrapetec.com\\\/es\\\/\",\"logo\":{\"@type\":\"ImageObject\",\"inLanguage\":\"es\",\"@id\":\"https:\\\/\\\/scrapetec.com\\\/es\\\/#\\\/schema\\\/logo\\\/image\\\/\",\"url\":\"https:\\\/\\\/scrapetec.com\\\/wp-content\\\/uploads\\\/scraptec-trading-logo2.png\",\"contentUrl\":\"https:\\\/\\\/scrapetec.com\\\/wp-content\\\/uploads\\\/scraptec-trading-logo2.png\",\"width\":260,\"height\":44,\"caption\":\"ScrapeTec International GmbH\"},\"image\":{\"@id\":\"https:\\\/\\\/scrapetec.com\\\/es\\\/#\\\/schema\\\/logo\\\/image\\\/\"},\"sameAs\":[\"https:\\\/\\\/www.linkedin.com\\\/company\\\/scrapetec-trading\\\/\",\"https:\\\/\\\/www.youtube.com\\\/channel\\\/UCeOIoz0mbX_OZow5j7gd9cQ\"]}]}<\/script>\n<!-- \/ Yoast SEO plugin. -->","yoast_head_json":{"title":"Suscribirse al bolet\u00edn - ScrapeTec International GmbH","robots":{"index":"index","follow":"follow","max-snippet":"max-snippet:-1","max-image-preview":"max-image-preview:large","max-video-preview":"max-video-preview:-1"},"canonical":"https:\/\/scrapetec.com\/es\/contacto\/suscribirse-al-boletin\/","og_locale":"es_ES","og_type":"article","og_title":"Suscribirse al bolet\u00edn - ScrapeTec International GmbH","og_url":"https:\/\/scrapetec.com\/es\/contacto\/suscribirse-al-boletin\/","og_site_name":"ScrapeTec International GmbH","article_publisher":"https:\/\/www.linkedin.com\/company\/scrapetec-trading\/","article_modified_time":"2025-03-19T15:24:24+00:00","twitter_card":"summary_large_image","twitter_misc":{"Tiempo de lectura":"1 minuto"},"schema":{"@context":"https:\/\/schema.org","@graph":[{"@type":"WebPage","@id":"https:\/\/scrapetec.com\/es\/contacto\/suscribirse-al-boletin\/","url":"https:\/\/scrapetec.com\/es\/contacto\/suscribirse-al-boletin\/","name":"Suscribirse al bolet\u00edn - ScrapeTec International GmbH","isPartOf":{"@id":"https:\/\/scrapetec.com\/es\/#website"},"datePublished":"2017-11-15T20:07:06+00:00","dateModified":"2025-03-19T15:24:24+00:00","breadcrumb":{"@id":"https:\/\/scrapetec.com\/es\/contacto\/suscribirse-al-boletin\/#breadcrumb"},"inLanguage":"es","potentialAction":[{"@type":"ReadAction","target":["https:\/\/scrapetec.com\/es\/contacto\/suscribirse-al-boletin\/"]}]},{"@type":"BreadcrumbList","@id":"https:\/\/scrapetec.com\/es\/contacto\/suscribirse-al-boletin\/#breadcrumb","itemListElement":[{"@type":"ListItem","position":1,"name":"Startseite","item":"https:\/\/scrapetec.com\/es\/"},{"@type":"ListItem","position":2,"name":"Contacto","item":"https:\/\/scrapetec.com\/es\/contacto\/"},{"@type":"ListItem","position":3,"name":"Suscribirse al bolet\u00edn"}]},{"@type":"WebSite","@id":"https:\/\/scrapetec.com\/es\/#website","url":"https:\/\/scrapetec.com\/es\/","name":"ScrapeTec Trading GmbH","description":"Wir schaffen innovative und l\u00f6sungsorientierte Produkte f\u00fcr F\u00f6rderanlagen von Masseng\u00fctern. AirScrape, DustScrape und PrimeTracker.","publisher":{"@id":"https:\/\/scrapetec.com\/es\/#organization"},"potentialAction":[{"@type":"SearchAction","target":{"@type":"EntryPoint","urlTemplate":"https:\/\/scrapetec.com\/es\/?s={search_term_string}"},"query-input":{"@type":"PropertyValueSpecification","valueRequired":true,"valueName":"search_term_string"}}],"inLanguage":"es"},{"@type":"Organization","@id":"https:\/\/scrapetec.com\/es\/#organization","name":"ScrapeTec International GmbH","url":"https:\/\/scrapetec.com\/es\/","logo":{"@type":"ImageObject","inLanguage":"es","@id":"https:\/\/scrapetec.com\/es\/#\/schema\/logo\/image\/","url":"https:\/\/scrapetec.com\/wp-content\/uploads\/scraptec-trading-logo2.png","contentUrl":"https:\/\/scrapetec.com\/wp-content\/uploads\/scraptec-trading-logo2.png","width":260,"height":44,"caption":"ScrapeTec International GmbH"},"image":{"@id":"https:\/\/scrapetec.com\/es\/#\/schema\/logo\/image\/"},"sameAs":["https:\/\/www.linkedin.com\/company\/scrapetec-trading\/","https:\/\/www.youtube.com\/channel\/UCeOIoz0mbX_OZow5j7gd9cQ"]}]}},"publishpress_future_action":{"enabled":false,"date":"2026-04-23 05:32:12","action":"change-status","newStatus":"draft","terms":[],"taxonomy":"translation_priority","extraData":[]},"publishpress_future_workflow_manual_trigger":{"enabledWorkflows":[]},"_links":{"self":[{"href":"https:\/\/scrapetec.com\/es\/wp-json\/wp\/v2\/pages\/3985","targetHints":{"allow":["GET"]}}],"collection":[{"href":"https:\/\/scrapetec.com\/es\/wp-json\/wp\/v2\/pages"}],"about":[{"href":"https:\/\/scrapetec.com\/es\/wp-json\/wp\/v2\/types\/page"}],"author":[{"embeddable":true,"href":"https:\/\/scrapetec.com\/es\/wp-json\/wp\/v2\/users\/2"}],"replies":[{"embeddable":true,"href":"https:\/\/scrapetec.com\/es\/wp-json\/wp\/v2\/comments?post=3985"}],"version-history":[{"count":2,"href":"https:\/\/scrapetec.com\/es\/wp-json\/wp\/v2\/pages\/3985\/revisions"}],"predecessor-version":[{"id":11017,"href":"https:\/\/scrapetec.com\/es\/wp-json\/wp\/v2\/pages\/3985\/revisions\/11017"}],"up":[{"embeddable":true,"href":"https:\/\/scrapetec.com\/es\/wp-json\/wp\/v2\/pages\/3991"}],"wp:attachment":[{"href":"https:\/\/scrapetec.com\/es\/wp-json\/wp\/v2\/media?parent=3985"}],"curies":[{"name":"wp","href":"https:\/\/api.w.org\/{rel}","templated":true}]}}