{"id":3980,"date":"2018-11-06T20:09:29","date_gmt":"2018-11-06T19:09:29","guid":{"rendered":"https:\/\/scrapetec-trading.com\/tailscrape\/"},"modified":"2023-07-26T20:22:45","modified_gmt":"2023-07-26T18:22:45","slug":"tailscrape","status":"publish","type":"page","link":"https:\/\/scrapetec.com\/es\/productos\/tailscrape\/","title":{"rendered":"TailScrape"},"content":{"rendered":"<section class=\"l-section wpb_row height_auto width_full color_alternate\"><div class=\"l-section-h i-cf\"><div class=\"g-cols vc_row via_flex valign_top type_default stacking_default\"><div class=\"vc_col-sm-12 wpb_column vc_column_container\"><div class=\"vc_column-inner\"><div class=\"wpb_wrapper\">[rev_slider_vc alias=\u00bbes-home-11&#8243;]<\/div><\/div><\/div><\/div><\/div><\/section><section class=\"l-section wpb_row us_custom_62e46706 height_auto width_full\"><div class=\"l-section-h i-cf\"><div class=\"g-cols vc_row via_flex valign_middle type_boxes stacking_default\"><div class=\"vc_col-sm-12 wpb_column vc_column_container\"><div class=\"vc_column-inner us_custom_578dbde1\"><div class=\"wpb_wrapper\"><div class=\"w-image us_custom_a07c2118 align_center\"><div class=\"w-image-h\"><img decoding=\"async\" width=\"550\" height=\"123\" src=\"https:\/\/scrapetec.com\/wp-content\/uploads\/ts-logo-titel-3.png\" class=\"attachment-full size-full\" alt=\"\" loading=\"lazy\" srcset=\"https:\/\/scrapetec.com\/wp-content\/uploads\/ts-logo-titel-3.png 550w, https:\/\/scrapetec.com\/wp-content\/uploads\/ts-logo-titel-3-300x67.png 300w\" sizes=\"auto, (max-width: 550px) 100vw, 550px\" \/><\/div><\/div><div class=\"w-image us_custom_20319302 align_center\"><div class=\"w-image-h\"><img decoding=\"async\" width=\"3300\" height=\"1329\" src=\"https:\/\/scrapetec.com\/wp-content\/uploads\/ts-front-es.png\" class=\"attachment-full size-full\" alt=\"\" loading=\"lazy\" srcset=\"https:\/\/scrapetec.com\/wp-content\/uploads\/ts-front-es.png 3300w, https:\/\/scrapetec.com\/wp-content\/uploads\/ts-front-es-300x121.png 300w, https:\/\/scrapetec.com\/wp-content\/uploads\/ts-front-es-1024x412.png 1024w, https:\/\/scrapetec.com\/wp-content\/uploads\/ts-front-es-600x242.png 600w, https:\/\/scrapetec.com\/wp-content\/uploads\/ts-front-es-500x201.png 500w, https:\/\/scrapetec.com\/wp-content\/uploads\/ts-front-es-450x181.png 450w, https:\/\/scrapetec.com\/wp-content\/uploads\/ts-front-es-240x97.png 240w\" sizes=\"auto, (max-width: 3300px) 100vw, 3300px\" \/><\/div><\/div><\/div><\/div><\/div><div class=\"vc_col-sm-12 vc_hidden-lg wpb_column vc_column_container\"><div class=\"vc_column-inner\"><div class=\"wpb_wrapper\"><div class=\"w-separator size_custom\" style=\"height:0.1rem\"><\/div><\/div><\/div><\/div><\/div><\/div><\/section><section class=\"l-section wpb_row us_custom_b9f85ff2 height_auto width_full color_alternate\"><div class=\"l-section-h i-cf\"><div class=\"g-cols vc_row via_flex valign_middle type_boxes stacking_default\"><div class=\"vc_col-sm-12 vc_col-lg-6 vc_col-md-12 wpb_column vc_column_container\"><div class=\"vc_column-inner us_custom_c3c2c56c\"><div class=\"wpb_wrapper\"><div class=\"wpb_text_column\"><div class=\"wpb_wrapper\"><h1>Principio de funcionamiento del TailScrape<\/h1>\n<p>Al igual que el AirScrape, el TailScrape funciona seg\u00fan el principio de Venturi. La estructura de l\u00e1minas inteligente en la parte inferior hace que se produzca una presi\u00f3n negativa en el \u00e1rea de transporte. De este modo, no puede escapar nada a trav\u00e9s de la ranura milim\u00e9trica, ya que la presi\u00f3n negativa provoca la entrada de aire. La formaci\u00f3n de polvo y el derrame de material se reducen hasta un 100 %. El TailScrape funciona sin contacto con la cinta y, por tanto, puede utilizarse constantemente sin necesidad de mantenimiento. Si se utiliza junto con el AirScrape, el TailScrape permite un considerable ahorro de costes y recursos. Adem\u00e1s, la enorme reducci\u00f3n de la formaci\u00f3n de polvo y suciedad cumple los requisitos de seguridad en el trabajo y protecci\u00f3n medioambiental y de la salud.<\/p>\n<\/div><\/div><\/div><\/div><\/div><div class=\"vc_col-sm-12 vc_col-lg-6 vc_col-md-12 wpb_column vc_column_container\"><div class=\"vc_column-inner us_custom_302d3237\"><div class=\"wpb_wrapper\"><div class=\"w-image align_center\"><div class=\"w-image-h\"><img decoding=\"async\" width=\"1500\" height=\"844\" src=\"https:\/\/scrapetec.com\/wp-content\/uploads\/ts-blades.png\" class=\"attachment-full size-full\" alt=\"\" loading=\"lazy\" srcset=\"https:\/\/scrapetec.com\/wp-content\/uploads\/ts-blades.png 1500w, https:\/\/scrapetec.com\/wp-content\/uploads\/ts-blades-300x169.png 300w, https:\/\/scrapetec.com\/wp-content\/uploads\/ts-blades-1024x576.png 1024w, https:\/\/scrapetec.com\/wp-content\/uploads\/ts-blades-768x432.png 768w\" sizes=\"auto, (max-width: 1500px) 100vw, 1500px\" \/><\/div><\/div><\/div><\/div><\/div><\/div><\/div><\/section><section class=\"l-section wpb_row us_custom_62e46706 height_auto width_full\"><div class=\"l-section-h i-cf\"><div class=\"g-cols vc_row via_flex valign_middle type_boxes stacking_default\"><div class=\"vc_col-sm-12 vc_hidden-md vc_hidden-sm vc_hidden-xs wpb_column vc_column_container\"><div class=\"vc_column-inner\"><div class=\"wpb_wrapper\"><div class=\"w-separator size_custom\" style=\"height:1.5rem\"><\/div><\/div><\/div><\/div><div class=\"vc_col-sm-12 vc_col-lg-6 vc_col-md-12 wpb_column vc_column_container\"><div class=\"vc_column-inner us_custom_302d3237\"><div class=\"wpb_wrapper\"><div class=\"w-image align_center\"><div class=\"w-image-h\"><img decoding=\"async\" width=\"1333\" height=\"883\" src=\"https:\/\/scrapetec.com\/wp-content\/uploads\/ts-belt-pulley.png\" class=\"attachment-full size-full\" alt=\"\" loading=\"lazy\" srcset=\"https:\/\/scrapetec.com\/wp-content\/uploads\/ts-belt-pulley.png 1333w, https:\/\/scrapetec.com\/wp-content\/uploads\/ts-belt-pulley-300x199.png 300w, https:\/\/scrapetec.com\/wp-content\/uploads\/ts-belt-pulley-1024x678.png 1024w, https:\/\/scrapetec.com\/wp-content\/uploads\/ts-belt-pulley-768x509.png 768w\" sizes=\"auto, (max-width: 1333px) 100vw, 1333px\" \/><\/div><\/div><\/div><\/div><\/div><div class=\"vc_col-sm-12 vc_col-lg-6 vc_col-md-12 wpb_column vc_column_container\"><div class=\"vc_column-inner us_custom_8d45c27c\"><div class=\"wpb_wrapper\"><div class=\"wpb_text_column\"><div class=\"wpb_wrapper\"><h1>Instalaci\u00f3n del TailScrape<\/h1>\n<p>En la parte trasera de la transferencia se utiliza una chapa que corresponde a la forma de la artesa de la cinta. Lo ideal es que la chapa se monte a una distancia m\u00e1xima de 10 mm de la cinta. El TailScrape se corta a la distancia de los dos AirScrapes instalados en los laterales, y se curva siguiendo el contorno de la artesa. Mediante los orificios alargados y los elementos de elevaci\u00f3n se monta el TailScrape en la chapa, y se ajusta de modo que casi no quede hueco y no haya contacto con la cinta.<\/p>\n<\/div><\/div><\/div><\/div><\/div><div class=\"vc_col-sm-12 vc_hidden-lg wpb_column vc_column_container\"><div class=\"vc_column-inner\"><div class=\"wpb_wrapper\"><div class=\"w-separator size_custom\" style=\"height:0.1rem\"><\/div><\/div><\/div><\/div><\/div><\/div><\/section><section class=\"l-section wpb_row us_custom_3b7a2c8a custom-section-vorteil height_auto width_full color_alternate\"><div class=\"l-section-h i-cf\"><div class=\"g-cols vc_row via_flex valign_top type_boxes stacking_default\"><div class=\"vc_col-sm-12 vc_hidden-md vc_hidden-sm vc_hidden-xs wpb_column vc_column_container\"><div class=\"vc_column-inner\"><div class=\"wpb_wrapper\"><div class=\"w-separator size_custom\" style=\"height:1.5rem\"><\/div><\/div><\/div><\/div><div class=\"vc_col-sm-12 vc_col-lg-6 vc_col-md-12 wpb_column vc_column_container\"><div class=\"vc_column-inner\"><div class=\"wpb_wrapper\"><div class=\"wpb_text_column\"><div class=\"wpb_wrapper\"><h1>Modelos y variantes<\/h1>\n<p>El TailScrape est\u00e1 disponible para todas las anchuras de cinta en las variantes Small, Medium y Large, de acuerdo con las variantes del AirScrape. El TailScrape se monta coincidiendo exactamente con el AirScrape instalado, y obtura el punto de transferencia a la cinta evitando el polvo y el derrame de material.<\/p>\n<\/div><\/div><\/div><\/div><\/div><div class=\"vc_col-sm-12 vc_col-lg-6 vc_col-md-12 wpb_column vc_column_container\"><div class=\"vc_column-inner us_custom_850f4f23\"><div class=\"wpb_wrapper\"><div class=\"g-cols wpb_row us_custom_743ee0db via_flex valign_top type_default stacking_default\"><div class=\"vc_col-sm-12 wpb_column vc_column_container\"><div class=\"vc_column-inner\"><div class=\"wpb_wrapper\"><div class=\"wpb_text_column\"><div class=\"wpb_wrapper\"><h2><span style=\"color: #fff;\">Ventajas<\/span><\/h2>\n<\/div><\/div><\/div><\/div><\/div><\/div><div class=\"g-cols wpb_row us_custom_b33906ba via_flex valign_top type_default stacking_default\"><div class=\"vc_col-sm-12 wpb_column vc_column_container\"><div class=\"vc_column-inner\"><div class=\"wpb_wrapper\"><div class=\"wpb_text_column\"><div class=\"wpb_wrapper\"><ul>\n<li>Alta eficacia con materiales gruesos (no se produce derrame de material y, al mismo tiempo, gran durabilidad de las l\u00e1minas especiales)<\/li>\n<li>Alta eficacia con materiales finos (el polvo se retiene en la corriente de transporte mediante succi\u00f3n de aire)<\/li>\n<li>Reduce la formaci\u00f3n de polvo y el riesgo de explosi\u00f3n<\/li>\n<li>No se produce contacto y, por tanto, no se da\u00f1a la cinta<\/li>\n<li>Reduce la carga del sistema de accionamiento (ya que no hay fricci\u00f3n con la cinta)<\/li>\n<li>Alarga la vida \u00fatil de la cinta<\/li>\n<li>El fald\u00f3n no se desgasta debido a la fricci\u00f3n<\/li>\n<li>Reducci\u00f3n considerable de los costes de mantenimiento y sustituci\u00f3n<\/li>\n<li>Facilidad de instalaci\u00f3n<\/li>\n<li>Sin interrupci\u00f3n en combinaci\u00f3n con el AirScrape<\/li>\n<li>Contribuye a aumentar la seguridad en el trabajo y la protecci\u00f3n del medio ambiente y la salud<\/li>\n<\/ul>\n<\/div><\/div><\/div><\/div><\/div><\/div><\/div><\/div><\/div><div class=\"vc_col-sm-12 vc_hidden-md vc_hidden-sm vc_hidden-xs wpb_column vc_column_container\"><div class=\"vc_column-inner\"><div class=\"wpb_wrapper\"><div class=\"w-separator size_custom\" style=\"height:1.5rem\"><\/div><\/div><\/div><\/div><\/div><\/div><\/section><section class=\"l-section wpb_row height_small width_full\"><div class=\"l-section-h i-cf\"><div class=\"g-cols vc_row via_flex valign_middle type_boxes stacking_default\"><div class=\"vc_col-sm-12 wpb_column vc_column_container\"><div class=\"vc_column-inner\"><div class=\"wpb_wrapper\"><div id=\"ultimate-heading-205869e0583b0800b\" class=\"uvc-heading ult-adjust-bottom-margin ultimate-heading-205869e0583b0800b uvc-2564 \" data-hspacer=\"no_spacer\"  data-halign=\"center\" style=\"text-align:center\"><div class=\"uvc-heading-spacer no_spacer\" style=\"top\"><\/div><div class=\"uvc-main-heading ult-responsive\"  data-ultimate-target='.uvc-heading.ultimate-heading-205869e0583b0800b h1'  data-responsive-json-new='{\"font-size\":\"\",\"line-height\":\"\"}' ><h1 style=\"font-weight:normal;\">TailScrape<\/h1><\/div><div class=\"uvc-sub-heading ult-responsive\"  data-ultimate-target='.uvc-heading.ultimate-heading-205869e0583b0800b .uvc-sub-heading '  data-responsive-json-new='{\"font-size\":\"\",\"line-height\":\"\"}'  style=\"font-weight:normal;\">Informaci\u00f3n y hojas de datos<\/div><\/div><div class=\"w-separator size_small with_line width_default thick_2 style_solid color_border align_center\"><div class=\"w-separator-h\"><\/div><\/div><\/div><\/div><\/div><\/div><\/div><\/section><section class=\"l-section wpb_row us_custom_0a1db24d height_auto width_full\"><div class=\"l-section-h i-cf\"><div class=\"g-cols vc_row via_flex valign_top type_boxes stacking_default\"><div class=\"vc_col-sm-6 wpb_column vc_column_container\"><div class=\"vc_column-inner us_custom_b03640aa\"><div class=\"wpb_wrapper\"><div class=\"w-image us_custom_e6b1860b align_center\"><a title=\"Descargar PDF\" target=\"_blank\" rel=\"nofollow\" href=\"https:\/\/scrapetec.com\/wp-content\/uploads\/TailScrape_folleto_ES.pdf\" aria-label=\"ts-deckbl-es\" class=\"w-image-h\"><img decoding=\"async\" width=\"427\" height=\"600\" src=\"https:\/\/scrapetec.com\/wp-content\/uploads\/ts-deckbl-es-1.png\" class=\"attachment-full size-full\" alt=\"\" loading=\"lazy\" srcset=\"https:\/\/scrapetec.com\/wp-content\/uploads\/ts-deckbl-es-1.png 427w, https:\/\/scrapetec.com\/wp-content\/uploads\/ts-deckbl-es-1-214x300.png 214w, https:\/\/scrapetec.com\/wp-content\/uploads\/ts-deckbl-es-1-356x500.png 356w, https:\/\/scrapetec.com\/wp-content\/uploads\/ts-deckbl-es-1-320x450.png 320w, https:\/\/scrapetec.com\/wp-content\/uploads\/ts-deckbl-es-1-80x113.png 80w, https:\/\/scrapetec.com\/wp-content\/uploads\/ts-deckbl-es-1-79x111.png 79w\" sizes=\"auto, (max-width: 427px) 100vw, 427px\" \/><\/a><\/div><div class=\"wpb_text_column\"><div class=\"wpb_wrapper\"><h4 style=\"text-align: center;\">TailScrape<br \/>\nFolleto del producto<\/h4>\n<\/div><\/div><div class=\"w-btn-wrapper align_center\"><a class=\"w-btn us-btn-style_3 us_custom_abf9803b icon_atright text_none\" aria-label=\"Button\" title=\"Descargar PDF\" target=\"_blank\" rel=\"nofollow\" href=\"https:\/\/scrapetec.com\/wp-content\/uploads\/TailScrape_folleto_ES.pdf\"><i class=\"fas fa-arrow-down\"><\/i><\/a><\/div><\/div><\/div><\/div><div class=\"vc_col-sm-6 wpb_column vc_column_container\"><div class=\"vc_column-inner us_custom_b03640aa\"><div class=\"wpb_wrapper\"><div class=\"w-image us_custom_e6b1860b align_center\"><a title=\"Descargar PDF\" target=\"_blank\" rel=\"nofollow\" href=\"https:\/\/scrapetec.com\/wp-content\/uploads\/as-ts-tdma-de-en_mm_inch_v02.pdf\" aria-label=\"as-ts_montage-techdat\" class=\"w-image-h\"><img decoding=\"async\" width=\"427\" height=\"600\" src=\"https:\/\/scrapetec.com\/wp-content\/uploads\/as-ts_montage-techdat.png\" class=\"attachment-full size-full\" alt=\"\" loading=\"lazy\" srcset=\"https:\/\/scrapetec.com\/wp-content\/uploads\/as-ts_montage-techdat.png 427w, https:\/\/scrapetec.com\/wp-content\/uploads\/as-ts_montage-techdat-214x300.png 214w\" sizes=\"auto, (max-width: 427px) 100vw, 427px\" \/><\/a><\/div><div class=\"wpb_text_column\"><div class=\"wpb_wrapper\"><h4 style=\"text-align: center;\">TailScrape<br \/>\nInstrucciones de montaje y hoja de datos t\u00e9cnicos<\/h4>\n<\/div><\/div><div class=\"w-btn-wrapper align_center\"><a class=\"w-btn us-btn-style_3 us_custom_abf9803b icon_atright text_none\" aria-label=\"Button\" title=\"Descargar PDF\" target=\"_blank\" rel=\"nofollow\" href=\"https:\/\/scrapetec.com\/wp-content\/uploads\/as-ts-tdma-de-en_mm_inch_v02.pdf\"><i class=\"fas fa-arrow-down\"><\/i><\/a><\/div><\/div><\/div><\/div><\/div><\/div><\/section>\n","protected":false},"excerpt":{"rendered":"[rev_slider_vc alias=\"es-home-11\"]Principio de funcionamiento del TailScrape Al igual que el AirScrape, el TailScrape funciona seg\u00fan el principio de Venturi. La estructura de l\u00e1minas inteligente en la parte inferior hace que se produzca una presi\u00f3n negativa en el \u00e1rea de transporte. De este modo, no puede escapar nada a trav\u00e9s de la ranura milim\u00e9trica, ya que...","protected":false},"author":3,"featured_media":0,"parent":4008,"menu_order":0,"comment_status":"closed","ping_status":"closed","template":"","meta":{"footnotes":""},"class_list":["post-3980","page","type-page","status-publish","hentry"],"yoast_head":"<!-- This site is optimized with the Yoast SEO plugin v27.4 - https:\/\/yoast.com\/product\/yoast-seo-wordpress\/ -->\n<title>TailScrape - ScrapeTec International GmbH<\/title>\n<meta name=\"robots\" content=\"index, follow, max-snippet:-1, max-image-preview:large, max-video-preview:-1\" \/>\n<link rel=\"canonical\" href=\"https:\/\/scrapetec.com\/es\/productos\/tailscrape\/\" \/>\n<meta property=\"og:locale\" content=\"es_ES\" \/>\n<meta property=\"og:type\" content=\"article\" \/>\n<meta property=\"og:title\" content=\"TailScrape - ScrapeTec International GmbH\" \/>\n<meta property=\"og:url\" content=\"https:\/\/scrapetec.com\/es\/productos\/tailscrape\/\" \/>\n<meta property=\"og:site_name\" content=\"ScrapeTec International GmbH\" \/>\n<meta property=\"article:publisher\" content=\"https:\/\/www.linkedin.com\/company\/scrapetec-trading\/\" \/>\n<meta property=\"article:modified_time\" content=\"2023-07-26T18:22:45+00:00\" \/>\n<meta name=\"twitter:card\" content=\"summary_large_image\" \/>\n<meta name=\"twitter:label1\" content=\"Tiempo de lectura\" \/>\n\t<meta name=\"twitter:data1\" content=\"4 minutos\" \/>\n<script type=\"application\/ld+json\" class=\"yoast-schema-graph\">{\"@context\":\"https:\\\/\\\/schema.org\",\"@graph\":[{\"@type\":\"WebPage\",\"@id\":\"https:\\\/\\\/scrapetec.com\\\/es\\\/productos\\\/tailscrape\\\/\",\"url\":\"https:\\\/\\\/scrapetec.com\\\/es\\\/productos\\\/tailscrape\\\/\",\"name\":\"TailScrape - ScrapeTec International GmbH\",\"isPartOf\":{\"@id\":\"https:\\\/\\\/scrapetec.com\\\/es\\\/#website\"},\"datePublished\":\"2018-11-06T19:09:29+00:00\",\"dateModified\":\"2023-07-26T18:22:45+00:00\",\"breadcrumb\":{\"@id\":\"https:\\\/\\\/scrapetec.com\\\/es\\\/productos\\\/tailscrape\\\/#breadcrumb\"},\"inLanguage\":\"es\",\"potentialAction\":[{\"@type\":\"ReadAction\",\"target\":[\"https:\\\/\\\/scrapetec.com\\\/es\\\/productos\\\/tailscrape\\\/\"]}]},{\"@type\":\"BreadcrumbList\",\"@id\":\"https:\\\/\\\/scrapetec.com\\\/es\\\/productos\\\/tailscrape\\\/#breadcrumb\",\"itemListElement\":[{\"@type\":\"ListItem\",\"position\":1,\"name\":\"Startseite\",\"item\":\"https:\\\/\\\/scrapetec.com\\\/es\\\/\"},{\"@type\":\"ListItem\",\"position\":2,\"name\":\"Productos\",\"item\":\"https:\\\/\\\/scrapetec.com\\\/es\\\/productos\\\/\"},{\"@type\":\"ListItem\",\"position\":3,\"name\":\"TailScrape\"}]},{\"@type\":\"WebSite\",\"@id\":\"https:\\\/\\\/scrapetec.com\\\/es\\\/#website\",\"url\":\"https:\\\/\\\/scrapetec.com\\\/es\\\/\",\"name\":\"ScrapeTec Trading GmbH\",\"description\":\"Wir schaffen innovative und l\u00f6sungsorientierte Produkte f\u00fcr F\u00f6rderanlagen von Masseng\u00fctern. AirScrape, DustScrape und PrimeTracker.\",\"publisher\":{\"@id\":\"https:\\\/\\\/scrapetec.com\\\/es\\\/#organization\"},\"potentialAction\":[{\"@type\":\"SearchAction\",\"target\":{\"@type\":\"EntryPoint\",\"urlTemplate\":\"https:\\\/\\\/scrapetec.com\\\/es\\\/?s={search_term_string}\"},\"query-input\":{\"@type\":\"PropertyValueSpecification\",\"valueRequired\":true,\"valueName\":\"search_term_string\"}}],\"inLanguage\":\"es\"},{\"@type\":\"Organization\",\"@id\":\"https:\\\/\\\/scrapetec.com\\\/es\\\/#organization\",\"name\":\"ScrapeTec International GmbH\",\"url\":\"https:\\\/\\\/scrapetec.com\\\/es\\\/\",\"logo\":{\"@type\":\"ImageObject\",\"inLanguage\":\"es\",\"@id\":\"https:\\\/\\\/scrapetec.com\\\/es\\\/#\\\/schema\\\/logo\\\/image\\\/\",\"url\":\"https:\\\/\\\/scrapetec.com\\\/wp-content\\\/uploads\\\/scraptec-trading-logo2.png\",\"contentUrl\":\"https:\\\/\\\/scrapetec.com\\\/wp-content\\\/uploads\\\/scraptec-trading-logo2.png\",\"width\":260,\"height\":44,\"caption\":\"ScrapeTec International GmbH\"},\"image\":{\"@id\":\"https:\\\/\\\/scrapetec.com\\\/es\\\/#\\\/schema\\\/logo\\\/image\\\/\"},\"sameAs\":[\"https:\\\/\\\/www.linkedin.com\\\/company\\\/scrapetec-trading\\\/\",\"https:\\\/\\\/www.youtube.com\\\/channel\\\/UCeOIoz0mbX_OZow5j7gd9cQ\"]}]}<\/script>\n<!-- \/ Yoast SEO plugin. -->","yoast_head_json":{"title":"TailScrape - ScrapeTec International GmbH","robots":{"index":"index","follow":"follow","max-snippet":"max-snippet:-1","max-image-preview":"max-image-preview:large","max-video-preview":"max-video-preview:-1"},"canonical":"https:\/\/scrapetec.com\/es\/productos\/tailscrape\/","og_locale":"es_ES","og_type":"article","og_title":"TailScrape - ScrapeTec International GmbH","og_url":"https:\/\/scrapetec.com\/es\/productos\/tailscrape\/","og_site_name":"ScrapeTec International GmbH","article_publisher":"https:\/\/www.linkedin.com\/company\/scrapetec-trading\/","article_modified_time":"2023-07-26T18:22:45+00:00","twitter_card":"summary_large_image","twitter_misc":{"Tiempo de lectura":"4 minutos"},"schema":{"@context":"https:\/\/schema.org","@graph":[{"@type":"WebPage","@id":"https:\/\/scrapetec.com\/es\/productos\/tailscrape\/","url":"https:\/\/scrapetec.com\/es\/productos\/tailscrape\/","name":"TailScrape - ScrapeTec International GmbH","isPartOf":{"@id":"https:\/\/scrapetec.com\/es\/#website"},"datePublished":"2018-11-06T19:09:29+00:00","dateModified":"2023-07-26T18:22:45+00:00","breadcrumb":{"@id":"https:\/\/scrapetec.com\/es\/productos\/tailscrape\/#breadcrumb"},"inLanguage":"es","potentialAction":[{"@type":"ReadAction","target":["https:\/\/scrapetec.com\/es\/productos\/tailscrape\/"]}]},{"@type":"BreadcrumbList","@id":"https:\/\/scrapetec.com\/es\/productos\/tailscrape\/#breadcrumb","itemListElement":[{"@type":"ListItem","position":1,"name":"Startseite","item":"https:\/\/scrapetec.com\/es\/"},{"@type":"ListItem","position":2,"name":"Productos","item":"https:\/\/scrapetec.com\/es\/productos\/"},{"@type":"ListItem","position":3,"name":"TailScrape"}]},{"@type":"WebSite","@id":"https:\/\/scrapetec.com\/es\/#website","url":"https:\/\/scrapetec.com\/es\/","name":"ScrapeTec Trading GmbH","description":"Wir schaffen innovative und l\u00f6sungsorientierte Produkte f\u00fcr F\u00f6rderanlagen von Masseng\u00fctern. AirScrape, DustScrape und PrimeTracker.","publisher":{"@id":"https:\/\/scrapetec.com\/es\/#organization"},"potentialAction":[{"@type":"SearchAction","target":{"@type":"EntryPoint","urlTemplate":"https:\/\/scrapetec.com\/es\/?s={search_term_string}"},"query-input":{"@type":"PropertyValueSpecification","valueRequired":true,"valueName":"search_term_string"}}],"inLanguage":"es"},{"@type":"Organization","@id":"https:\/\/scrapetec.com\/es\/#organization","name":"ScrapeTec International GmbH","url":"https:\/\/scrapetec.com\/es\/","logo":{"@type":"ImageObject","inLanguage":"es","@id":"https:\/\/scrapetec.com\/es\/#\/schema\/logo\/image\/","url":"https:\/\/scrapetec.com\/wp-content\/uploads\/scraptec-trading-logo2.png","contentUrl":"https:\/\/scrapetec.com\/wp-content\/uploads\/scraptec-trading-logo2.png","width":260,"height":44,"caption":"ScrapeTec International GmbH"},"image":{"@id":"https:\/\/scrapetec.com\/es\/#\/schema\/logo\/image\/"},"sameAs":["https:\/\/www.linkedin.com\/company\/scrapetec-trading\/","https:\/\/www.youtube.com\/channel\/UCeOIoz0mbX_OZow5j7gd9cQ"]}]}},"publishpress_future_action":{"enabled":false,"date":"2026-04-23 05:32:11","action":"change-status","newStatus":"draft","terms":[],"taxonomy":"translation_priority","extraData":[]},"publishpress_future_workflow_manual_trigger":{"enabledWorkflows":[]},"_links":{"self":[{"href":"https:\/\/scrapetec.com\/es\/wp-json\/wp\/v2\/pages\/3980","targetHints":{"allow":["GET"]}}],"collection":[{"href":"https:\/\/scrapetec.com\/es\/wp-json\/wp\/v2\/pages"}],"about":[{"href":"https:\/\/scrapetec.com\/es\/wp-json\/wp\/v2\/types\/page"}],"author":[{"embeddable":true,"href":"https:\/\/scrapetec.com\/es\/wp-json\/wp\/v2\/users\/3"}],"replies":[{"embeddable":true,"href":"https:\/\/scrapetec.com\/es\/wp-json\/wp\/v2\/comments?post=3980"}],"version-history":[{"count":0,"href":"https:\/\/scrapetec.com\/es\/wp-json\/wp\/v2\/pages\/3980\/revisions"}],"up":[{"embeddable":true,"href":"https:\/\/scrapetec.com\/es\/wp-json\/wp\/v2\/pages\/4008"}],"wp:attachment":[{"href":"https:\/\/scrapetec.com\/es\/wp-json\/wp\/v2\/media?parent=3980"}],"curies":[{"name":"wp","href":"https:\/\/api.w.org\/{rel}","templated":true}]}}