{"id":12161,"date":"2026-04-08T20:46:17","date_gmt":"2026-04-08T18:46:17","guid":{"rendered":"https:\/\/scrapetec.com\/?page_id=12161"},"modified":"2026-04-08T20:48:19","modified_gmt":"2026-04-08T18:48:19","slug":"dustscrape","status":"publish","type":"page","link":"https:\/\/scrapetec.com\/es\/contacto\/contacto\/dustscrape\/","title":{"rendered":"DustScrape &#8211; Consulta sobre el producto"},"content":{"rendered":"<section class=\"l-section wpb_row height_auto full_height valign_center width_full\"><div class=\"l-section-h i-cf\"><div class=\"g-cols vc_row via_flex valign_top type_default stacking_default\"><div class=\"vc_col-sm-12 wpb_column vc_column_container\"><div class=\"vc_column-inner\"><div class=\"wpb_wrapper\"><div class=\"w-html iframe__fillout\"><iframe loading=\"lazy\" src=\"https:\/\/forms.fillout.com\/t\/abo3WeurQuus\" width=\"100%\" height=\"100%\"><\/iframe><\/div><\/div><\/div><\/div><\/div><\/div><\/section>\n","protected":false},"excerpt":{"rendered":"","protected":false},"author":3,"featured_media":0,"parent":11029,"menu_order":0,"comment_status":"closed","ping_status":"closed","template":"","meta":{"footnotes":""},"class_list":["post-12161","page","type-page","status-publish","hentry"],"yoast_head":"<!-- This site is optimized with the Yoast SEO plugin v27.4 - https:\/\/yoast.com\/product\/yoast-seo-wordpress\/ -->\n<title>DustScrape - Consulta sobre el producto - ScrapeTec International GmbH<\/title>\n<meta name=\"robots\" content=\"index, follow, max-snippet:-1, max-image-preview:large, max-video-preview:-1\" \/>\n<link rel=\"canonical\" href=\"https:\/\/scrapetec.com\/es\/contacto\/contacto\/dustscrape\/\" \/>\n<meta property=\"og:locale\" content=\"es_ES\" \/>\n<meta property=\"og:type\" content=\"article\" \/>\n<meta property=\"og:title\" content=\"DustScrape - Consulta sobre el producto - ScrapeTec International GmbH\" \/>\n<meta property=\"og:url\" content=\"https:\/\/scrapetec.com\/es\/contacto\/contacto\/dustscrape\/\" \/>\n<meta property=\"og:site_name\" content=\"ScrapeTec International GmbH\" \/>\n<meta property=\"article:publisher\" content=\"https:\/\/www.linkedin.com\/company\/scrapetec-trading\/\" \/>\n<meta property=\"article:modified_time\" content=\"2026-04-08T18:48:19+00:00\" \/>\n<meta name=\"twitter:card\" content=\"summary_large_image\" \/>\n<meta name=\"twitter:label1\" content=\"Tiempo de lectura\" \/>\n\t<meta name=\"twitter:data1\" content=\"1 minuto\" \/>\n<script type=\"application\/ld+json\" class=\"yoast-schema-graph\">{\"@context\":\"https:\\\/\\\/schema.org\",\"@graph\":[{\"@type\":\"WebPage\",\"@id\":\"https:\\\/\\\/scrapetec.com\\\/es\\\/contacto\\\/contacto\\\/dustscrape\\\/\",\"url\":\"https:\\\/\\\/scrapetec.com\\\/es\\\/contacto\\\/contacto\\\/dustscrape\\\/\",\"name\":\"DustScrape - Consulta sobre el producto - ScrapeTec International GmbH\",\"isPartOf\":{\"@id\":\"https:\\\/\\\/scrapetec.com\\\/es\\\/#website\"},\"datePublished\":\"2026-04-08T18:46:17+00:00\",\"dateModified\":\"2026-04-08T18:48:19+00:00\",\"breadcrumb\":{\"@id\":\"https:\\\/\\\/scrapetec.com\\\/es\\\/contacto\\\/contacto\\\/dustscrape\\\/#breadcrumb\"},\"inLanguage\":\"es\",\"potentialAction\":[{\"@type\":\"ReadAction\",\"target\":[\"https:\\\/\\\/scrapetec.com\\\/es\\\/contacto\\\/contacto\\\/dustscrape\\\/\"]}]},{\"@type\":\"BreadcrumbList\",\"@id\":\"https:\\\/\\\/scrapetec.com\\\/es\\\/contacto\\\/contacto\\\/dustscrape\\\/#breadcrumb\",\"itemListElement\":[{\"@type\":\"ListItem\",\"position\":1,\"name\":\"Startseite\",\"item\":\"https:\\\/\\\/scrapetec.com\\\/es\\\/\"},{\"@type\":\"ListItem\",\"position\":2,\"name\":\"Contacto\",\"item\":\"https:\\\/\\\/scrapetec.com\\\/es\\\/contacto\\\/\"},{\"@type\":\"ListItem\",\"position\":3,\"name\":\"Contacto\",\"item\":\"https:\\\/\\\/scrapetec.com\\\/es\\\/contacto\\\/contacto\\\/\"},{\"@type\":\"ListItem\",\"position\":4,\"name\":\"DustScrape &#8211; Consulta sobre el producto\"}]},{\"@type\":\"WebSite\",\"@id\":\"https:\\\/\\\/scrapetec.com\\\/es\\\/#website\",\"url\":\"https:\\\/\\\/scrapetec.com\\\/es\\\/\",\"name\":\"ScrapeTec Trading GmbH\",\"description\":\"Wir schaffen innovative und l\u00f6sungsorientierte Produkte f\u00fcr F\u00f6rderanlagen von Masseng\u00fctern. AirScrape, DustScrape und PrimeTracker.\",\"publisher\":{\"@id\":\"https:\\\/\\\/scrapetec.com\\\/es\\\/#organization\"},\"potentialAction\":[{\"@type\":\"SearchAction\",\"target\":{\"@type\":\"EntryPoint\",\"urlTemplate\":\"https:\\\/\\\/scrapetec.com\\\/es\\\/?s={search_term_string}\"},\"query-input\":{\"@type\":\"PropertyValueSpecification\",\"valueRequired\":true,\"valueName\":\"search_term_string\"}}],\"inLanguage\":\"es\"},{\"@type\":\"Organization\",\"@id\":\"https:\\\/\\\/scrapetec.com\\\/es\\\/#organization\",\"name\":\"ScrapeTec International GmbH\",\"url\":\"https:\\\/\\\/scrapetec.com\\\/es\\\/\",\"logo\":{\"@type\":\"ImageObject\",\"inLanguage\":\"es\",\"@id\":\"https:\\\/\\\/scrapetec.com\\\/es\\\/#\\\/schema\\\/logo\\\/image\\\/\",\"url\":\"https:\\\/\\\/scrapetec.com\\\/wp-content\\\/uploads\\\/scraptec-trading-logo2.png\",\"contentUrl\":\"https:\\\/\\\/scrapetec.com\\\/wp-content\\\/uploads\\\/scraptec-trading-logo2.png\",\"width\":260,\"height\":44,\"caption\":\"ScrapeTec International GmbH\"},\"image\":{\"@id\":\"https:\\\/\\\/scrapetec.com\\\/es\\\/#\\\/schema\\\/logo\\\/image\\\/\"},\"sameAs\":[\"https:\\\/\\\/www.linkedin.com\\\/company\\\/scrapetec-trading\\\/\",\"https:\\\/\\\/www.youtube.com\\\/channel\\\/UCeOIoz0mbX_OZow5j7gd9cQ\"]}]}<\/script>\n<!-- \/ Yoast SEO plugin. -->","yoast_head_json":{"title":"DustScrape - Consulta sobre el producto - ScrapeTec International GmbH","robots":{"index":"index","follow":"follow","max-snippet":"max-snippet:-1","max-image-preview":"max-image-preview:large","max-video-preview":"max-video-preview:-1"},"canonical":"https:\/\/scrapetec.com\/es\/contacto\/contacto\/dustscrape\/","og_locale":"es_ES","og_type":"article","og_title":"DustScrape - Consulta sobre el producto - ScrapeTec International GmbH","og_url":"https:\/\/scrapetec.com\/es\/contacto\/contacto\/dustscrape\/","og_site_name":"ScrapeTec International GmbH","article_publisher":"https:\/\/www.linkedin.com\/company\/scrapetec-trading\/","article_modified_time":"2026-04-08T18:48:19+00:00","twitter_card":"summary_large_image","twitter_misc":{"Tiempo de lectura":"1 minuto"},"schema":{"@context":"https:\/\/schema.org","@graph":[{"@type":"WebPage","@id":"https:\/\/scrapetec.com\/es\/contacto\/contacto\/dustscrape\/","url":"https:\/\/scrapetec.com\/es\/contacto\/contacto\/dustscrape\/","name":"DustScrape - Consulta sobre el producto - ScrapeTec International GmbH","isPartOf":{"@id":"https:\/\/scrapetec.com\/es\/#website"},"datePublished":"2026-04-08T18:46:17+00:00","dateModified":"2026-04-08T18:48:19+00:00","breadcrumb":{"@id":"https:\/\/scrapetec.com\/es\/contacto\/contacto\/dustscrape\/#breadcrumb"},"inLanguage":"es","potentialAction":[{"@type":"ReadAction","target":["https:\/\/scrapetec.com\/es\/contacto\/contacto\/dustscrape\/"]}]},{"@type":"BreadcrumbList","@id":"https:\/\/scrapetec.com\/es\/contacto\/contacto\/dustscrape\/#breadcrumb","itemListElement":[{"@type":"ListItem","position":1,"name":"Startseite","item":"https:\/\/scrapetec.com\/es\/"},{"@type":"ListItem","position":2,"name":"Contacto","item":"https:\/\/scrapetec.com\/es\/contacto\/"},{"@type":"ListItem","position":3,"name":"Contacto","item":"https:\/\/scrapetec.com\/es\/contacto\/contacto\/"},{"@type":"ListItem","position":4,"name":"DustScrape &#8211; Consulta sobre el producto"}]},{"@type":"WebSite","@id":"https:\/\/scrapetec.com\/es\/#website","url":"https:\/\/scrapetec.com\/es\/","name":"ScrapeTec Trading GmbH","description":"Wir schaffen innovative und l\u00f6sungsorientierte Produkte f\u00fcr F\u00f6rderanlagen von Masseng\u00fctern. AirScrape, DustScrape und PrimeTracker.","publisher":{"@id":"https:\/\/scrapetec.com\/es\/#organization"},"potentialAction":[{"@type":"SearchAction","target":{"@type":"EntryPoint","urlTemplate":"https:\/\/scrapetec.com\/es\/?s={search_term_string}"},"query-input":{"@type":"PropertyValueSpecification","valueRequired":true,"valueName":"search_term_string"}}],"inLanguage":"es"},{"@type":"Organization","@id":"https:\/\/scrapetec.com\/es\/#organization","name":"ScrapeTec International GmbH","url":"https:\/\/scrapetec.com\/es\/","logo":{"@type":"ImageObject","inLanguage":"es","@id":"https:\/\/scrapetec.com\/es\/#\/schema\/logo\/image\/","url":"https:\/\/scrapetec.com\/wp-content\/uploads\/scraptec-trading-logo2.png","contentUrl":"https:\/\/scrapetec.com\/wp-content\/uploads\/scraptec-trading-logo2.png","width":260,"height":44,"caption":"ScrapeTec International GmbH"},"image":{"@id":"https:\/\/scrapetec.com\/es\/#\/schema\/logo\/image\/"},"sameAs":["https:\/\/www.linkedin.com\/company\/scrapetec-trading\/","https:\/\/www.youtube.com\/channel\/UCeOIoz0mbX_OZow5j7gd9cQ"]}]}},"publishpress_future_action":{"enabled":false,"date":"2026-05-08 07:10:15","action":"change-status","newStatus":"draft","terms":[],"taxonomy":"translation_priority","extraData":[]},"publishpress_future_workflow_manual_trigger":{"enabledWorkflows":[]},"_links":{"self":[{"href":"https:\/\/scrapetec.com\/es\/wp-json\/wp\/v2\/pages\/12161","targetHints":{"allow":["GET"]}}],"collection":[{"href":"https:\/\/scrapetec.com\/es\/wp-json\/wp\/v2\/pages"}],"about":[{"href":"https:\/\/scrapetec.com\/es\/wp-json\/wp\/v2\/types\/page"}],"author":[{"embeddable":true,"href":"https:\/\/scrapetec.com\/es\/wp-json\/wp\/v2\/users\/3"}],"replies":[{"embeddable":true,"href":"https:\/\/scrapetec.com\/es\/wp-json\/wp\/v2\/comments?post=12161"}],"version-history":[{"count":2,"href":"https:\/\/scrapetec.com\/es\/wp-json\/wp\/v2\/pages\/12161\/revisions"}],"predecessor-version":[{"id":12165,"href":"https:\/\/scrapetec.com\/es\/wp-json\/wp\/v2\/pages\/12161\/revisions\/12165"}],"up":[{"embeddable":true,"href":"https:\/\/scrapetec.com\/es\/wp-json\/wp\/v2\/pages\/11029"}],"wp:attachment":[{"href":"https:\/\/scrapetec.com\/es\/wp-json\/wp\/v2\/media?parent=12161"}],"curies":[{"name":"wp","href":"https:\/\/api.w.org\/{rel}","templated":true}]}}