{"id":10537,"date":"2025-01-30T19:39:14","date_gmt":"2025-01-30T18:39:14","guid":{"rendered":"https:\/\/scrapetec-trading.com\/?page_id=10537"},"modified":"2025-02-12T08:22:42","modified_gmt":"2025-02-12T07:22:42","slug":"scrapetec-case-studies","status":"publish","type":"page","link":"https:\/\/scrapetec.com\/es\/referencias\/scrapetec-case-studies\/","title":{"rendered":"Case Studies"},"content":{"rendered":"<section class=\"l-section wpb_row height_auto width_full color_alternate\"><div class=\"l-section-h i-cf\"><div class=\"g-cols vc_row via_flex valign_middle type_boxes stacking_default\"><div class=\"vc_col-sm-12 wpb_column vc_column_container\"><div class=\"vc_column-inner\"><div class=\"wpb_wrapper\"><div id=\"ultimate-heading-72269e08a199bfa1\" class=\"uvc-heading ult-adjust-bottom-margin ultimate-heading-72269e08a199bfa1 uvc-4617 \" data-hspacer=\"no_spacer\"  data-halign=\"left\" style=\"text-align:left\"><div class=\"uvc-heading-spacer no_spacer\" style=\"top\"><\/div><div class=\"uvc-main-heading ult-responsive\"  data-ultimate-target='.uvc-heading.ultimate-heading-72269e08a199bfa1 h1'  data-responsive-json-new='{\"font-size\":\"\",\"line-height\":\"\"}' ><h1 style=\"font-weight:normal;color:#383838;margin-top:0.7rem;margin-bottom:-1.0rem;\">Case Studies<\/h1><\/div><\/div><\/div><\/div><\/div><\/div><\/div><\/section><!-- Row Backgrounds --><div class=\"upb_color\" data-bg-override=\"0\" data-bg-color=\"#f0f0f2\" data-fadeout=\"\" data-fadeout-percentage=\"30\" data-parallax-content=\"\" data-parallax-content-sense=\"30\" data-row-effect-mobile-disable=\"true\" data-img-parallax-mobile-disable=\"true\" data-rtl=\"false\"  data-custom-vc-row=\"\"  data-vc=\"8.6.1\"  data-is_old_vc=\"\"  data-theme-support=\"\"   data-overlay=\"false\" data-overlay-color=\"\" data-overlay-pattern=\"\" data-overlay-pattern-opacity=\"\" data-overlay-pattern-size=\"\"    ><\/div><section class=\"l-section wpb_row height_auto width_full\"><div class=\"l-section-h i-cf\"><div class=\"g-cols vc_row via_flex valign_top type_boxes stacking_default\"><div class=\"vc_col-sm-12 wpb_column vc_column_container\"><div class=\"vc_column-inner\"><div class=\"wpb_wrapper\"><div class=\"w-grid type_grid layout_2367 cols_4 with_css_animation\" id=\"us_grid_1\" style=\"--columns:4;--gap:1.5rem;\" data-filterable=\"true\"><style>@media (max-width:1280px){#us_grid_1{--columns:3!important}}@media (max-width:1024px){#us_grid_1{--columns:2!important}}@media (max-width:600px){#us_grid_1{--columns:1!important}}.layout_2367 .w-grid-item-h{}.layout_2367 .usg_post_image_1{padding-top:1.3rem!important}.layout_2367 .usg_post_title_1{padding-top:1rem!important}.layout_2367 .usg_post_content_1{padding-top:0.3rem!important;padding-bottom:1rem!important}<\/style><div class=\"w-grid-list\">\t<article class=\"w-grid-item us_animate_fade size_1x1 post-11311 us_portfolio type-us_portfolio status-publish has-post-thumbnail hentry\" data-id=\"11311\" style=\"animation-delay:0s\">\r\n\t\t<div class=\"w-grid-item-h\">\r\n\t\t\t\t\t\t<div class=\"w-post-elm post_image usg_post_image_1 stretched\"><a href=\"https:\/\/scrapetec.com\/es\/blog\/portfolio\/transporte-de-arena-y-arcilla-en-brisbane-australia\/\" aria-label=\"Transporte de arena y arcilla en Brisbane, Australia\"><img loading=\"lazy\" decoding=\"async\" width=\"1140\" height=\"855\" src=\"https:\/\/scrapetec.com\/wp-content\/uploads\/scrapetec-case-study-arena-y-arcilla-kinder-australia-00-es.webp\" class=\"attachment-full size-full wp-post-image\" alt=\"scrapetec-case-study-arena-y-arcilla-kinder-australia\" srcset=\"https:\/\/scrapetec.com\/wp-content\/uploads\/scrapetec-case-study-arena-y-arcilla-kinder-australia-00-es.webp 1140w, https:\/\/scrapetec.com\/wp-content\/uploads\/scrapetec-case-study-arena-y-arcilla-kinder-australia-00-es-300x225.webp 300w, https:\/\/scrapetec.com\/wp-content\/uploads\/scrapetec-case-study-arena-y-arcilla-kinder-australia-00-es-1024x768.webp 1024w, https:\/\/scrapetec.com\/wp-content\/uploads\/scrapetec-case-study-arena-y-arcilla-kinder-australia-00-es-600x450.webp 600w, https:\/\/scrapetec.com\/wp-content\/uploads\/scrapetec-case-study-arena-y-arcilla-kinder-australia-00-es-500x375.webp 500w, https:\/\/scrapetec.com\/wp-content\/uploads\/scrapetec-case-study-arena-y-arcilla-kinder-australia-00-es-450x338.webp 450w, https:\/\/scrapetec.com\/wp-content\/uploads\/scrapetec-case-study-arena-y-arcilla-kinder-australia-00-es-148x111.webp 148w, https:\/\/scrapetec.com\/wp-content\/uploads\/scrapetec-case-study-arena-y-arcilla-kinder-australia-00-es-150x113.webp 150w\" sizes=\"auto, (max-width: 1140px) 100vw, 1140px\" \/><\/a><\/div><h1 class=\"w-post-elm post_title usg_post_title_1 entry-title color_link_inherit\"><a href=\"https:\/\/scrapetec.com\/es\/blog\/portfolio\/transporte-de-arena-y-arcilla-en-brisbane-australia\/\">Transporte de arena y arcilla en Brisbane, Australia<\/a><\/h1><div class=\"w-post-elm post_content usg_post_content_1\"><p>Uno de los principales fabricantes de ladrillos de Brisbane opera una de las mayores instalaciones de producci\u00f3n de Queensland y conf\u00eda en avanzados sistemas de manipulaci\u00f3n de materiales a granel para procesar eficazmente materias primas como la arcilla y la arena.<\/p>\n<\/div><a class=\"w-btn us-btn-style_3 usg_btn_1\" href=\"https:\/\/scrapetec.com\/es\/blog\/portfolio\/transporte-de-arena-y-arcilla-en-brisbane-australia\/\"><span class=\"w-btn-label\">Leer m\u00e1s<\/span><\/a>\t\t<\/div>\r\n\t\t\t<\/article>\r\n\t<article class=\"w-grid-item us_animate_fade size_1x1 post-10557 us_portfolio type-us_portfolio status-publish has-post-thumbnail hentry us_portfolio_category-case-studies-es\" data-id=\"10557\" style=\"animation-delay:0.1s\">\r\n\t\t<div class=\"w-grid-item-h\">\r\n\t\t\t\t\t\t<div class=\"w-post-elm post_image usg_post_image_1 stretched\"><a href=\"https:\/\/scrapetec.com\/es\/blog\/portfolio\/essential-air-seal-combinacion-de-proteccion-contra-el-polvo\/\" aria-label=\"Essential AIR Seal &#8211; Combinaci\u00f3n de protecci\u00f3n contra el polvo\"><img loading=\"lazy\" decoding=\"async\" width=\"1140\" height=\"855\" src=\"https:\/\/scrapetec.com\/wp-content\/uploads\/airscrape-in-port-of-brisbane-01-es.jpg\" class=\"attachment-full size-full wp-post-image\" alt=\"airscrape-in-port-of-brisbane\" srcset=\"https:\/\/scrapetec.com\/wp-content\/uploads\/airscrape-in-port-of-brisbane-01-es.jpg 1140w, https:\/\/scrapetec.com\/wp-content\/uploads\/airscrape-in-port-of-brisbane-01-es-300x225.jpg 300w, https:\/\/scrapetec.com\/wp-content\/uploads\/airscrape-in-port-of-brisbane-01-es-1024x768.jpg 1024w, https:\/\/scrapetec.com\/wp-content\/uploads\/airscrape-in-port-of-brisbane-01-es-600x450.jpg 600w, https:\/\/scrapetec.com\/wp-content\/uploads\/airscrape-in-port-of-brisbane-01-es-500x375.jpg 500w, https:\/\/scrapetec.com\/wp-content\/uploads\/airscrape-in-port-of-brisbane-01-es-450x338.jpg 450w, https:\/\/scrapetec.com\/wp-content\/uploads\/airscrape-in-port-of-brisbane-01-es-151x113.jpg 151w, https:\/\/scrapetec.com\/wp-content\/uploads\/airscrape-in-port-of-brisbane-01-es-148x111.jpg 148w\" sizes=\"auto, (max-width: 1140px) 100vw, 1140px\" \/><\/a><\/div><h1 class=\"w-post-elm post_title usg_post_title_1 entry-title color_link_inherit\"><a href=\"https:\/\/scrapetec.com\/es\/blog\/portfolio\/essential-air-seal-combinacion-de-proteccion-contra-el-polvo\/\">Essential AIR Seal &#8211; Combinaci\u00f3n de protecci\u00f3n contra el polvo<\/a><\/h1><div class=\"w-post-elm post_content usg_post_content_1\"><p>ScrapeTec utiliz\u00f3 su sistema de sellado AirScrape\u00ae en el sitio, con gran \u00e9xito en Port Brisbraine, Australia.<\/p>\n<\/div><a class=\"w-btn us-btn-style_3 usg_btn_1\" href=\"https:\/\/scrapetec.com\/es\/blog\/portfolio\/essential-air-seal-combinacion-de-proteccion-contra-el-polvo\/\"><span class=\"w-btn-label\">Leer m\u00e1s<\/span><\/a>\t\t<\/div>\r\n\t\t\t<\/article>\r\n\t<article class=\"w-grid-item us_animate_fade size_1x1 post-10544 us_portfolio type-us_portfolio status-publish has-post-thumbnail hentry\" data-id=\"10544\" style=\"animation-delay:0.2s\">\r\n\t\t<div class=\"w-grid-item-h\">\r\n\t\t\t\t\t\t<div class=\"w-post-elm post_image usg_post_image_1 stretched\"><a href=\"https:\/\/scrapetec.com\/es\/blog\/portfolio\/un-control-eficaz-del-polvo\/\" aria-label=\"Un Control Eficaz del Polvo\"><img loading=\"lazy\" decoding=\"async\" width=\"1140\" height=\"855\" src=\"https:\/\/scrapetec.com\/wp-content\/uploads\/scrapetec-tp-peru-00-es.webp\" class=\"attachment-full size-full wp-post-image\" alt=\"scrapetec-tp-peru-00-es\" srcset=\"https:\/\/scrapetec.com\/wp-content\/uploads\/scrapetec-tp-peru-00-es.webp 1140w, https:\/\/scrapetec.com\/wp-content\/uploads\/scrapetec-tp-peru-00-es-300x225.webp 300w, https:\/\/scrapetec.com\/wp-content\/uploads\/scrapetec-tp-peru-00-es-1024x768.webp 1024w, https:\/\/scrapetec.com\/wp-content\/uploads\/scrapetec-tp-peru-00-es-600x450.webp 600w, https:\/\/scrapetec.com\/wp-content\/uploads\/scrapetec-tp-peru-00-es-500x375.webp 500w, https:\/\/scrapetec.com\/wp-content\/uploads\/scrapetec-tp-peru-00-es-450x338.webp 450w, https:\/\/scrapetec.com\/wp-content\/uploads\/scrapetec-tp-peru-00-es-148x111.webp 148w\" sizes=\"auto, (max-width: 1140px) 100vw, 1140px\" \/><\/a><\/div><h1 class=\"w-post-elm post_title usg_post_title_1 entry-title color_link_inherit\"><a href=\"https:\/\/scrapetec.com\/es\/blog\/portfolio\/un-control-eficaz-del-polvo\/\">Un Control Eficaz del Polvo<\/a><\/h1><div class=\"w-post-elm post_content usg_post_content_1\"><p>Una mina de cobre l\u00edder en el sur del Per\u00fa &#8211; ha realizado una inversi\u00f3n en las soluciones altamente eficaces de ScrapeTec para la supresi\u00f3n del polvo y el derrame de materiales, que est\u00e1n marcando una nueva tendencia en los sistemas de transporte utilizados en el sector minero mundial.<\/p>\n<\/div><a class=\"w-btn us-btn-style_3 usg_btn_1\" href=\"https:\/\/scrapetec.com\/es\/blog\/portfolio\/un-control-eficaz-del-polvo\/\"><span class=\"w-btn-label\">Leer m\u00e1s<\/span><\/a>\t\t<\/div>\r\n\t\t\t<\/article>\r\n<\/div><div class=\"w-grid-preloader\">\t<div class=\"g-preloader type_1\">\r\n\t\t<div><\/div>\r\n\t<\/div>\r\n\t<\/div>\t<div class=\"w-grid-json hidden\" onclick='return {&quot;action&quot;:&quot;us_ajax_grid&quot;,&quot;infinite_scroll&quot;:0,&quot;max_num_pages&quot;:1,&quot;pagination&quot;:&quot;none&quot;,&quot;template_vars&quot;:{&quot;columns&quot;:&quot;4&quot;,&quot;exclude_items&quot;:&quot;none&quot;,&quot;img_size&quot;:&quot;full&quot;,&quot;ignore_items_size&quot;:0,&quot;items_layout&quot;:&quot;2367&quot;,&quot;items_offset&quot;:&quot;1&quot;,&quot;load_animation&quot;:&quot;fade&quot;,&quot;overriding_link&quot;:&quot;%7B%22url%22%3A%22%22%7D&quot;,&quot;post_id&quot;:0,&quot;query_args&quot;:{&quot;post_type&quot;:[&quot;us_portfolio&quot;],&quot;post_status&quot;:[&quot;publish&quot;],&quot;posts_per_page&quot;:&quot;100&quot;},&quot;orderby_query_args&quot;:{&quot;orderby&quot;:{&quot;date&quot;:&quot;DESC&quot;}},&quot;type&quot;:&quot;grid&quot;,&quot;us_grid_post_type&quot;:&quot;us_portfolio&quot;,&quot;us_grid_ajax_index&quot;:1,&quot;us_grid_filter_query_string&quot;:null,&quot;us_grid_index&quot;:1,&quot;page_args&quot;:[],&quot;lang&quot;:&quot;es&quot;}}'><\/div>\r\n\t<\/div><\/div><\/div><\/div><\/div><\/div><\/section>\n","protected":false},"excerpt":{"rendered":"Descargar Case Study Un Control Eficaz del Polvo en la Miner\u00eda Supone un Considerable Ahorro de Costes Una mina de cobre l\u00edder en la provincia de Tacna, en el sur del Per\u00fa - ha realizado una inversi\u00f3n en las soluciones altamente eficaces de ScrapeTec para la supresi\u00f3n del polvo y el derrame de materiales, que...","protected":false},"author":3,"featured_media":0,"parent":3982,"menu_order":0,"comment_status":"closed","ping_status":"closed","template":"","meta":{"footnotes":""},"class_list":["post-10537","page","type-page","status-publish","hentry"],"yoast_head":"<!-- This site is optimized with the Yoast SEO plugin v27.4 - https:\/\/yoast.com\/product\/yoast-seo-wordpress\/ -->\n<title>Case Studies - ScrapeTec International GmbH<\/title>\n<meta name=\"description\" content=\"Descubra c\u00f3mo ScrapeTec transforma los requisitos individuales en soluciones eficaces y quiz\u00e1 su proyecto sea pronto uno de ellos.\" \/>\n<meta name=\"robots\" content=\"index, follow, max-snippet:-1, max-image-preview:large, max-video-preview:-1\" \/>\n<link rel=\"canonical\" href=\"https:\/\/scrapetec.com\/es\/referencias\/scrapetec-case-studies\/\" \/>\n<meta property=\"og:locale\" content=\"es_ES\" \/>\n<meta property=\"og:type\" content=\"article\" \/>\n<meta property=\"og:title\" content=\"Case Studies - ScrapeTec International GmbH\" \/>\n<meta property=\"og:description\" content=\"Descubra c\u00f3mo ScrapeTec transforma los requisitos individuales en soluciones eficaces y quiz\u00e1 su proyecto sea pronto uno de ellos.\" \/>\n<meta property=\"og:url\" content=\"https:\/\/scrapetec.com\/es\/referencias\/scrapetec-case-studies\/\" \/>\n<meta property=\"og:site_name\" content=\"ScrapeTec International GmbH\" \/>\n<meta property=\"article:publisher\" content=\"https:\/\/www.linkedin.com\/company\/scrapetec-trading\/\" \/>\n<meta property=\"article:modified_time\" content=\"2025-02-12T07:22:42+00:00\" \/>\n<meta name=\"twitter:card\" content=\"summary_large_image\" \/>\n<meta name=\"twitter:label1\" content=\"Tiempo de lectura\" \/>\n\t<meta name=\"twitter:data1\" content=\"1 minuto\" \/>\n<script type=\"application\/ld+json\" class=\"yoast-schema-graph\">{\"@context\":\"https:\\\/\\\/schema.org\",\"@graph\":[{\"@type\":\"WebPage\",\"@id\":\"https:\\\/\\\/scrapetec.com\\\/es\\\/referencias\\\/scrapetec-case-studies\\\/\",\"url\":\"https:\\\/\\\/scrapetec.com\\\/es\\\/referencias\\\/scrapetec-case-studies\\\/\",\"name\":\"Case Studies - ScrapeTec International GmbH\",\"isPartOf\":{\"@id\":\"https:\\\/\\\/scrapetec.com\\\/es\\\/#website\"},\"datePublished\":\"2025-01-30T18:39:14+00:00\",\"dateModified\":\"2025-02-12T07:22:42+00:00\",\"description\":\"Descubra c\u00f3mo ScrapeTec transforma los requisitos individuales en soluciones eficaces y quiz\u00e1 su proyecto sea pronto uno de ellos.\",\"breadcrumb\":{\"@id\":\"https:\\\/\\\/scrapetec.com\\\/es\\\/referencias\\\/scrapetec-case-studies\\\/#breadcrumb\"},\"inLanguage\":\"es\",\"potentialAction\":[{\"@type\":\"ReadAction\",\"target\":[\"https:\\\/\\\/scrapetec.com\\\/es\\\/referencias\\\/scrapetec-case-studies\\\/\"]}]},{\"@type\":\"BreadcrumbList\",\"@id\":\"https:\\\/\\\/scrapetec.com\\\/es\\\/referencias\\\/scrapetec-case-studies\\\/#breadcrumb\",\"itemListElement\":[{\"@type\":\"ListItem\",\"position\":1,\"name\":\"Startseite\",\"item\":\"https:\\\/\\\/scrapetec.com\\\/es\\\/\"},{\"@type\":\"ListItem\",\"position\":2,\"name\":\"Case Studies\"}]},{\"@type\":\"WebSite\",\"@id\":\"https:\\\/\\\/scrapetec.com\\\/es\\\/#website\",\"url\":\"https:\\\/\\\/scrapetec.com\\\/es\\\/\",\"name\":\"ScrapeTec Trading GmbH\",\"description\":\"Wir schaffen innovative und l\u00f6sungsorientierte Produkte f\u00fcr F\u00f6rderanlagen von Masseng\u00fctern. AirScrape, DustScrape und PrimeTracker.\",\"publisher\":{\"@id\":\"https:\\\/\\\/scrapetec.com\\\/es\\\/#organization\"},\"potentialAction\":[{\"@type\":\"SearchAction\",\"target\":{\"@type\":\"EntryPoint\",\"urlTemplate\":\"https:\\\/\\\/scrapetec.com\\\/es\\\/?s={search_term_string}\"},\"query-input\":{\"@type\":\"PropertyValueSpecification\",\"valueRequired\":true,\"valueName\":\"search_term_string\"}}],\"inLanguage\":\"es\"},{\"@type\":\"Organization\",\"@id\":\"https:\\\/\\\/scrapetec.com\\\/es\\\/#organization\",\"name\":\"ScrapeTec International GmbH\",\"url\":\"https:\\\/\\\/scrapetec.com\\\/es\\\/\",\"logo\":{\"@type\":\"ImageObject\",\"inLanguage\":\"es\",\"@id\":\"https:\\\/\\\/scrapetec.com\\\/es\\\/#\\\/schema\\\/logo\\\/image\\\/\",\"url\":\"https:\\\/\\\/scrapetec.com\\\/wp-content\\\/uploads\\\/scraptec-trading-logo2.png\",\"contentUrl\":\"https:\\\/\\\/scrapetec.com\\\/wp-content\\\/uploads\\\/scraptec-trading-logo2.png\",\"width\":260,\"height\":44,\"caption\":\"ScrapeTec International GmbH\"},\"image\":{\"@id\":\"https:\\\/\\\/scrapetec.com\\\/es\\\/#\\\/schema\\\/logo\\\/image\\\/\"},\"sameAs\":[\"https:\\\/\\\/www.linkedin.com\\\/company\\\/scrapetec-trading\\\/\",\"https:\\\/\\\/www.youtube.com\\\/channel\\\/UCeOIoz0mbX_OZow5j7gd9cQ\"]}]}<\/script>\n<!-- \/ Yoast SEO plugin. -->","yoast_head_json":{"title":"Case Studies - ScrapeTec International GmbH","description":"Descubra c\u00f3mo ScrapeTec transforma los requisitos individuales en soluciones eficaces y quiz\u00e1 su proyecto sea pronto uno de ellos.","robots":{"index":"index","follow":"follow","max-snippet":"max-snippet:-1","max-image-preview":"max-image-preview:large","max-video-preview":"max-video-preview:-1"},"canonical":"https:\/\/scrapetec.com\/es\/referencias\/scrapetec-case-studies\/","og_locale":"es_ES","og_type":"article","og_title":"Case Studies - ScrapeTec International GmbH","og_description":"Descubra c\u00f3mo ScrapeTec transforma los requisitos individuales en soluciones eficaces y quiz\u00e1 su proyecto sea pronto uno de ellos.","og_url":"https:\/\/scrapetec.com\/es\/referencias\/scrapetec-case-studies\/","og_site_name":"ScrapeTec International GmbH","article_publisher":"https:\/\/www.linkedin.com\/company\/scrapetec-trading\/","article_modified_time":"2025-02-12T07:22:42+00:00","twitter_card":"summary_large_image","twitter_misc":{"Tiempo de lectura":"1 minuto"},"schema":{"@context":"https:\/\/schema.org","@graph":[{"@type":"WebPage","@id":"https:\/\/scrapetec.com\/es\/referencias\/scrapetec-case-studies\/","url":"https:\/\/scrapetec.com\/es\/referencias\/scrapetec-case-studies\/","name":"Case Studies - ScrapeTec International GmbH","isPartOf":{"@id":"https:\/\/scrapetec.com\/es\/#website"},"datePublished":"2025-01-30T18:39:14+00:00","dateModified":"2025-02-12T07:22:42+00:00","description":"Descubra c\u00f3mo ScrapeTec transforma los requisitos individuales en soluciones eficaces y quiz\u00e1 su proyecto sea pronto uno de ellos.","breadcrumb":{"@id":"https:\/\/scrapetec.com\/es\/referencias\/scrapetec-case-studies\/#breadcrumb"},"inLanguage":"es","potentialAction":[{"@type":"ReadAction","target":["https:\/\/scrapetec.com\/es\/referencias\/scrapetec-case-studies\/"]}]},{"@type":"BreadcrumbList","@id":"https:\/\/scrapetec.com\/es\/referencias\/scrapetec-case-studies\/#breadcrumb","itemListElement":[{"@type":"ListItem","position":1,"name":"Startseite","item":"https:\/\/scrapetec.com\/es\/"},{"@type":"ListItem","position":2,"name":"Case Studies"}]},{"@type":"WebSite","@id":"https:\/\/scrapetec.com\/es\/#website","url":"https:\/\/scrapetec.com\/es\/","name":"ScrapeTec Trading GmbH","description":"Wir schaffen innovative und l\u00f6sungsorientierte Produkte f\u00fcr F\u00f6rderanlagen von Masseng\u00fctern. AirScrape, DustScrape und PrimeTracker.","publisher":{"@id":"https:\/\/scrapetec.com\/es\/#organization"},"potentialAction":[{"@type":"SearchAction","target":{"@type":"EntryPoint","urlTemplate":"https:\/\/scrapetec.com\/es\/?s={search_term_string}"},"query-input":{"@type":"PropertyValueSpecification","valueRequired":true,"valueName":"search_term_string"}}],"inLanguage":"es"},{"@type":"Organization","@id":"https:\/\/scrapetec.com\/es\/#organization","name":"ScrapeTec International GmbH","url":"https:\/\/scrapetec.com\/es\/","logo":{"@type":"ImageObject","inLanguage":"es","@id":"https:\/\/scrapetec.com\/es\/#\/schema\/logo\/image\/","url":"https:\/\/scrapetec.com\/wp-content\/uploads\/scraptec-trading-logo2.png","contentUrl":"https:\/\/scrapetec.com\/wp-content\/uploads\/scraptec-trading-logo2.png","width":260,"height":44,"caption":"ScrapeTec International GmbH"},"image":{"@id":"https:\/\/scrapetec.com\/es\/#\/schema\/logo\/image\/"},"sameAs":["https:\/\/www.linkedin.com\/company\/scrapetec-trading\/","https:\/\/www.youtube.com\/channel\/UCeOIoz0mbX_OZow5j7gd9cQ"]}]}},"publishpress_future_action":{"enabled":false,"date":"2026-04-23 09:04:57","action":"change-status","newStatus":"draft","terms":[],"taxonomy":"translation_priority","extraData":[]},"publishpress_future_workflow_manual_trigger":{"enabledWorkflows":[]},"_links":{"self":[{"href":"https:\/\/scrapetec.com\/es\/wp-json\/wp\/v2\/pages\/10537","targetHints":{"allow":["GET"]}}],"collection":[{"href":"https:\/\/scrapetec.com\/es\/wp-json\/wp\/v2\/pages"}],"about":[{"href":"https:\/\/scrapetec.com\/es\/wp-json\/wp\/v2\/types\/page"}],"author":[{"embeddable":true,"href":"https:\/\/scrapetec.com\/es\/wp-json\/wp\/v2\/users\/3"}],"replies":[{"embeddable":true,"href":"https:\/\/scrapetec.com\/es\/wp-json\/wp\/v2\/comments?post=10537"}],"version-history":[{"count":1,"href":"https:\/\/scrapetec.com\/es\/wp-json\/wp\/v2\/pages\/10537\/revisions"}],"predecessor-version":[{"id":10538,"href":"https:\/\/scrapetec.com\/es\/wp-json\/wp\/v2\/pages\/10537\/revisions\/10538"}],"up":[{"embeddable":true,"href":"https:\/\/scrapetec.com\/es\/wp-json\/wp\/v2\/pages\/3982"}],"wp:attachment":[{"href":"https:\/\/scrapetec.com\/es\/wp-json\/wp\/v2\/media?parent=10537"}],"curies":[{"name":"wp","href":"https:\/\/api.w.org\/{rel}","templated":true}]}}