{"id":2532,"date":"2018-11-06T21:44:10","date_gmt":"2018-11-06T20:44:10","guid":{"rendered":"https:\/\/scrapetec-trading.com\/?page_id=2532"},"modified":"2024-07-10T16:23:38","modified_gmt":"2024-07-10T14:23:38","slug":"tailscrape","status":"publish","type":"page","link":"https:\/\/scrapetec.com\/en\/products\/tailscrape\/","title":{"rendered":"TailScrape"},"content":{"rendered":"<section class=\"l-section wpb_row height_auto width_full color_alternate\"><div class=\"l-section-h i-cf\"><div class=\"g-cols vc_row via_flex valign_top type_default stacking_default\"><div class=\"vc_col-sm-12 wpb_column vc_column_container\"><div class=\"vc_column-inner\"><div class=\"wpb_wrapper\">[rev_slider_vc alias=&#8221;en-home-slider-11&#8243;]<\/div><\/div><\/div><\/div><\/div><\/section><section class=\"l-section wpb_row us_custom_62e46706 height_auto width_full\"><div class=\"l-section-h i-cf\"><div class=\"g-cols vc_row via_flex valign_middle type_boxes stacking_default\"><div class=\"vc_col-sm-12 wpb_column vc_column_container\"><div class=\"vc_column-inner us_custom_578dbde1\"><div class=\"wpb_wrapper\"><div class=\"w-image us_custom_a07c2118 align_center\"><div class=\"w-image-h\"><img decoding=\"async\" width=\"550\" height=\"123\" src=\"https:\/\/scrapetec.com\/wp-content\/uploads\/ts-logo-titel-3.png\" class=\"attachment-full size-full\" alt=\"\" loading=\"lazy\" srcset=\"https:\/\/scrapetec.com\/wp-content\/uploads\/ts-logo-titel-3.png 550w, https:\/\/scrapetec.com\/wp-content\/uploads\/ts-logo-titel-3-300x67.png 300w\" sizes=\"auto, (max-width: 550px) 100vw, 550px\" \/><\/div><\/div><div class=\"w-image us_custom_20319302 align_center\"><div class=\"w-image-h\"><img decoding=\"async\" width=\"3300\" height=\"1329\" src=\"https:\/\/scrapetec.com\/wp-content\/uploads\/ts-front-en.png\" class=\"attachment-full size-full\" alt=\"\" loading=\"lazy\" srcset=\"https:\/\/scrapetec.com\/wp-content\/uploads\/ts-front-en.png 3300w, https:\/\/scrapetec.com\/wp-content\/uploads\/ts-front-en-300x121.png 300w, https:\/\/scrapetec.com\/wp-content\/uploads\/ts-front-en-1024x412.png 1024w, https:\/\/scrapetec.com\/wp-content\/uploads\/ts-front-en-768x309.png 768w, https:\/\/scrapetec.com\/wp-content\/uploads\/ts-front-en-600x242.png 600w, https:\/\/scrapetec.com\/wp-content\/uploads\/ts-front-en-500x201.png 500w, https:\/\/scrapetec.com\/wp-content\/uploads\/ts-front-en-450x181.png 450w, https:\/\/scrapetec.com\/wp-content\/uploads\/ts-front-en-240x97.png 240w, https:\/\/scrapetec.com\/wp-content\/uploads\/ts-front-en-150x60.png 150w\" sizes=\"auto, (max-width: 3300px) 100vw, 3300px\" \/><\/div><\/div><\/div><\/div><\/div><div class=\"vc_col-sm-12 vc_hidden-lg wpb_column vc_column_container\"><div class=\"vc_column-inner\"><div class=\"wpb_wrapper\"><div class=\"w-separator size_custom\" style=\"height:0.1rem\"><\/div><\/div><\/div><\/div><\/div><\/div><\/section><section class=\"l-section wpb_row us_custom_b9f85ff2 height_auto width_full color_alternate\"><div class=\"l-section-h i-cf\"><div class=\"g-cols vc_row via_flex valign_middle type_boxes stacking_default\"><div class=\"vc_col-sm-12 vc_col-lg-6 vc_col-md-12 wpb_column vc_column_container\"><div class=\"vc_column-inner us_custom_c3c2c56c\"><div class=\"wpb_wrapper\"><div class=\"wpb_text_column\"><div class=\"wpb_wrapper\"><h1>The TailScrape functional principle<\/h1>\n<p>Like AirScrape\u00ae, the TailScrape is a transfer tail skirting that works according to the Venturi concept. The intelligent blade structure on the underside ensures that negative pressure is created in the conveying area. Nothing can escape through the millimeter-thick gap because the negative pressure allows air to flow in. Dust generation and spills are reduced by up to 100%. The TailScrape works without contact to the belt and can therefore be operated permanently without maintenance. Used together with the AirScrape, the TailScrape saves considerable costs and resources.<br \/>\nIn addition, the strong reduction in dust generation and contamination meets the requirements for occupational health and environmental protection.<\/p>\n<\/div><\/div><\/div><\/div><\/div><div class=\"vc_col-sm-12 vc_col-lg-6 vc_col-md-12 wpb_column vc_column_container\"><div class=\"vc_column-inner us_custom_302d3237\"><div class=\"wpb_wrapper\"><div class=\"w-image align_center\"><div class=\"w-image-h\"><img decoding=\"async\" width=\"1500\" height=\"844\" src=\"https:\/\/scrapetec.com\/wp-content\/uploads\/ts-blades.png\" class=\"attachment-full size-full\" alt=\"\" loading=\"lazy\" srcset=\"https:\/\/scrapetec.com\/wp-content\/uploads\/ts-blades.png 1500w, https:\/\/scrapetec.com\/wp-content\/uploads\/ts-blades-300x169.png 300w, https:\/\/scrapetec.com\/wp-content\/uploads\/ts-blades-1024x576.png 1024w, https:\/\/scrapetec.com\/wp-content\/uploads\/ts-blades-768x432.png 768w\" sizes=\"auto, (max-width: 1500px) 100vw, 1500px\" \/><\/div><\/div><\/div><\/div><\/div><\/div><\/div><\/section><section class=\"l-section wpb_row us_custom_62e46706 height_auto width_full\"><div class=\"l-section-h i-cf\"><div class=\"g-cols vc_row via_flex valign_middle type_boxes stacking_default\"><div class=\"vc_col-sm-12 vc_hidden-md vc_hidden-sm vc_hidden-xs wpb_column vc_column_container\"><div class=\"vc_column-inner\"><div class=\"wpb_wrapper\"><div class=\"w-separator size_custom\" style=\"height:1.5rem\"><\/div><\/div><\/div><\/div><div class=\"vc_col-sm-12 vc_col-lg-6 vc_col-md-12 wpb_column vc_column_container\"><div class=\"vc_column-inner us_custom_302d3237\"><div class=\"wpb_wrapper\"><div class=\"w-image align_center\"><div class=\"w-image-h\"><img decoding=\"async\" width=\"1333\" height=\"883\" src=\"https:\/\/scrapetec.com\/wp-content\/uploads\/ts-belt-pulley.png\" class=\"attachment-full size-full\" alt=\"\" loading=\"lazy\" srcset=\"https:\/\/scrapetec.com\/wp-content\/uploads\/ts-belt-pulley.png 1333w, https:\/\/scrapetec.com\/wp-content\/uploads\/ts-belt-pulley-300x199.png 300w, https:\/\/scrapetec.com\/wp-content\/uploads\/ts-belt-pulley-1024x678.png 1024w, https:\/\/scrapetec.com\/wp-content\/uploads\/ts-belt-pulley-768x509.png 768w\" sizes=\"auto, (max-width: 1333px) 100vw, 1333px\" \/><\/div><\/div><\/div><\/div><\/div><div class=\"vc_col-sm-12 vc_col-lg-6 vc_col-md-12 wpb_column vc_column_container\"><div class=\"vc_column-inner us_custom_8d45c27c\"><div class=\"wpb_wrapper\"><div class=\"wpb_text_column\"><div class=\"wpb_wrapper\"><h1>The installation<\/h1>\n<p>In the rear area of the transfer a metal sheet is used matching the contour of the belt trough. Ideally, the sheet is mounted at a maximum distance of 10 mm from the belt. The TailScrape is shortened to the distance between the two AirScrapes mounted on the side and bent to fit the trough. The TailScrape is fixed and adjusted to the sheet by means of slotted holes and lifting elements allowing almost no gap and contact to the belt.<\/p>\n<\/div><\/div><\/div><\/div><\/div><div class=\"vc_col-sm-12 vc_hidden-lg wpb_column vc_column_container\"><div class=\"vc_column-inner\"><div class=\"wpb_wrapper\"><div class=\"w-separator size_custom\" style=\"height:0.1rem\"><\/div><\/div><\/div><\/div><\/div><\/div><\/section><section class=\"l-section wpb_row us_custom_3b7a2c8a custom-section-vorteil height_auto width_full color_alternate\"><div class=\"l-section-h i-cf\"><div class=\"g-cols vc_row via_flex valign_top type_boxes stacking_default\"><div class=\"vc_col-sm-12 vc_hidden-md vc_hidden-sm vc_hidden-xs wpb_column vc_column_container\"><div class=\"vc_column-inner\"><div class=\"wpb_wrapper\"><div class=\"w-separator size_custom\" style=\"height:1.5rem\"><\/div><\/div><\/div><\/div><div class=\"vc_col-sm-12 vc_col-lg-6 vc_col-md-12 wpb_column vc_column_container\"><div class=\"vc_column-inner\"><div class=\"wpb_wrapper\"><div class=\"wpb_text_column\"><div class=\"wpb_wrapper\"><h1>Designs and variants<\/h1>\n<p>The TailScrape is available in small, medium and large for all belt widths to match the AirScrape variants and can be mounted so precisely to the existing AirScrape that it seals the transfer to the bend avoiding dust or spillage.<\/p>\n<\/div><\/div><\/div><\/div><\/div><div class=\"vc_col-sm-12 vc_col-lg-6 vc_col-md-12 wpb_column vc_column_container\"><div class=\"vc_column-inner us_custom_850f4f23\"><div class=\"wpb_wrapper\"><div class=\"g-cols wpb_row us_custom_743ee0db via_flex valign_top type_default stacking_default\"><div class=\"vc_col-sm-12 wpb_column vc_column_container\"><div class=\"vc_column-inner\"><div class=\"wpb_wrapper\"><div class=\"wpb_text_column\"><div class=\"wpb_wrapper\"><h2><span style=\"color: #fff;\">Advantages and benefits<\/span><\/h2>\n<\/div><\/div><\/div><\/div><\/div><\/div><div class=\"g-cols wpb_row us_custom_b33906ba via_flex valign_top type_default stacking_default\"><div class=\"vc_col-sm-12 wpb_column vc_column_container\"><div class=\"vc_column-inner\"><div class=\"wpb_wrapper\"><div class=\"wpb_text_column\"><div class=\"wpb_wrapper\"><ul>\n<li>high efficiency with coarse material (no spillage and at the same time long service life of the special lamellae)<\/li>\n<li>high efficiency with fine material (dust is kept in the material flow by air intake)<\/li>\n<li>reduces dust generation and the risk of explosion<\/li>\n<li>no belt contact and therefore no damage to the belt<\/li>\n<li>reduces the load on the drive system (no belt friction)<\/li>\n<li>extends belt life<\/li>\n<li>no wear of the skirting due to friction<\/li>\n<li>reduces maintenance and replacement costs significantly<\/li>\n<li>simple installation<\/li>\n<li>no gap in connection with the AirScrape<\/li>\n<li>contributes to occupational safety, environmental protection and health protection<\/li>\n<\/ul>\n<\/div><\/div><\/div><\/div><\/div><\/div><\/div><\/div><\/div><div class=\"vc_col-sm-12 vc_hidden-md vc_hidden-sm vc_hidden-xs wpb_column vc_column_container\"><div class=\"vc_column-inner\"><div class=\"wpb_wrapper\"><div class=\"w-separator size_custom\" style=\"height:1.5rem\"><\/div><\/div><\/div><\/div><\/div><\/div><\/section><section class=\"l-section wpb_row height_small width_full\"><div class=\"l-section-h i-cf\"><div class=\"g-cols vc_row via_flex valign_middle type_boxes stacking_default\"><div class=\"vc_col-sm-12 wpb_column vc_column_container\"><div class=\"vc_column-inner\"><div class=\"wpb_wrapper\"><div id=\"ultimate-heading-99369e02a0451d67\" class=\"uvc-heading ult-adjust-bottom-margin ultimate-heading-99369e02a0451d67 uvc-2004 \" data-hspacer=\"no_spacer\"  data-halign=\"center\" style=\"text-align:center\"><div class=\"uvc-heading-spacer no_spacer\" style=\"top\"><\/div><div class=\"uvc-main-heading ult-responsive\"  data-ultimate-target='.uvc-heading.ultimate-heading-99369e02a0451d67 h2'  data-responsive-json-new='{\"font-size\":\"\",\"line-height\":\"\"}' ><h2 style=\"font-weight:normal;\">TailScrape<\/h2><\/div><div class=\"uvc-sub-heading ult-responsive\"  data-ultimate-target='.uvc-heading.ultimate-heading-99369e02a0451d67 .uvc-sub-heading '  data-responsive-json-new='{\"font-size\":\"\",\"line-height\":\"\"}'  style=\"font-weight:normal;\">Information &amp; Data sheets<\/div><\/div><div class=\"w-separator size_small with_line width_default thick_2 style_solid color_border align_center\"><div class=\"w-separator-h\"><\/div><\/div><\/div><\/div><\/div><\/div><\/div><\/section><section class=\"l-section wpb_row us_custom_0a1db24d height_auto width_full\"><div class=\"l-section-h i-cf\"><div class=\"g-cols vc_row via_flex valign_top type_boxes stacking_default\"><div class=\"vc_col-sm-6 wpb_column vc_column_container\"><div class=\"vc_column-inner us_custom_b03640aa\"><div class=\"wpb_wrapper\"><div class=\"w-image us_custom_e6b1860b align_center\"><a title=\"Download PDF\" target=\" _blank\" rel=\"nofollow\" href=\"https:\/\/scrapetec.com\/wp-content\/uploads\/TailScrape_brochure_EN.pdf\" aria-label=\"ts-deckb-en\" class=\"w-image-h\"><img decoding=\"async\" width=\"427\" height=\"600\" src=\"https:\/\/scrapetec.com\/wp-content\/uploads\/ts-deckb-en.png\" class=\"attachment-full size-full\" alt=\"\" loading=\"lazy\" srcset=\"https:\/\/scrapetec.com\/wp-content\/uploads\/ts-deckb-en.png 427w, https:\/\/scrapetec.com\/wp-content\/uploads\/ts-deckb-en-214x300.png 214w\" sizes=\"auto, (max-width: 427px) 100vw, 427px\" \/><\/a><\/div><div class=\"wpb_text_column\"><div class=\"wpb_wrapper\"><h4 style=\"text-align: center;\">TailScrape<br \/>\nProduct broschure<\/h4>\n<\/div><\/div><div class=\"w-btn-wrapper align_center\"><a class=\"w-btn us-btn-style_3 us_custom_abf9803b icon_atright text_none\" aria-label=\"Button\" title=\"Download PDF\" target=\" _blank\" rel=\"nofollow\" href=\"https:\/\/scrapetec.com\/wp-content\/uploads\/TailScrape_brochure_EN.pdf\"><i class=\"fas fa-arrow-down\"><\/i><\/a><\/div><\/div><\/div><\/div><div class=\"vc_col-sm-6 wpb_column vc_column_container\"><div class=\"vc_column-inner us_custom_b03640aa\"><div class=\"wpb_wrapper\"><div class=\"w-image us_custom_e6b1860b align_center\"><a title=\"Download PDF\" target=\" _blank\" rel=\"nofollow\" href=\"https:\/\/scrapetec.com\/wp-content\/uploads\/as-ts-tdma-de-en_mm_inch_v02.pdf\" aria-label=\"as-ts_montage-techdat\" class=\"w-image-h\"><img decoding=\"async\" width=\"427\" height=\"600\" src=\"https:\/\/scrapetec.com\/wp-content\/uploads\/as-ts_montage-techdat.png\" class=\"attachment-full size-full\" alt=\"\" loading=\"lazy\" srcset=\"https:\/\/scrapetec.com\/wp-content\/uploads\/as-ts_montage-techdat.png 427w, https:\/\/scrapetec.com\/wp-content\/uploads\/as-ts_montage-techdat-214x300.png 214w\" sizes=\"auto, (max-width: 427px) 100vw, 427px\" \/><\/a><\/div><div class=\"wpb_text_column\"><div class=\"wpb_wrapper\"><h4 style=\"text-align: center;\">TailScrape<br \/>\nInstallation guide and Technical data sheet<\/h4>\n<\/div><\/div><div class=\"w-btn-wrapper align_center\"><a class=\"w-btn us-btn-style_3 us_custom_abf9803b icon_atright text_none\" aria-label=\"Button\" title=\"Download PDF\" target=\" _blank\" rel=\"nofollow\" href=\"https:\/\/scrapetec.com\/wp-content\/uploads\/as-ts-tdma-de-en_mm_inch_v02.pdf\"><i class=\"fas fa-arrow-down\"><\/i><\/a><\/div><\/div><\/div><\/div><\/div><\/div><\/section>\n","protected":false},"excerpt":{"rendered":"[rev_slider_vc alias=\"en-home-slider-11\"]The TailScrape functional principle Like AirScrape\u00ae, the TailScrape is a transfer tail skirting that works according to the Venturi concept. The intelligent blade structure on the underside ensures that negative pressure is created in the conveying area. Nothing can escape through the millimeter-thick gap because the negative pressure allows air to flow in. Dust...","protected":false},"author":3,"featured_media":0,"parent":2007,"menu_order":0,"comment_status":"closed","ping_status":"closed","template":"","meta":{"footnotes":""},"class_list":["post-2532","page","type-page","status-publish","hentry"],"yoast_head":"<!-- This site is optimized with the Yoast SEO plugin v27.4 - https:\/\/yoast.com\/product\/yoast-seo-wordpress\/ -->\n<title>TailScrape: Efficient Tail Skirting System - Functionality &amp; More<\/title>\n<meta name=\"description\" content=\"Discover the efficiency of Tail Scrape&#039;s transfer tail skirting at ScrapeTec Trading. Explore TailScrape functional principle for optimal performance. Contact us now!\" \/>\n<meta name=\"robots\" content=\"index, follow, max-snippet:-1, max-image-preview:large, max-video-preview:-1\" \/>\n<link rel=\"canonical\" href=\"https:\/\/scrapetec.com\/en\/products\/tailscrape\/\" \/>\n<meta property=\"og:locale\" content=\"en_US\" \/>\n<meta property=\"og:type\" content=\"article\" \/>\n<meta property=\"og:title\" content=\"TailScrape: Efficient Tail Skirting System - Functionality &amp; More\" \/>\n<meta property=\"og:description\" content=\"Discover the efficiency of Tail Scrape&#039;s transfer tail skirting at ScrapeTec Trading. Explore TailScrape functional principle for optimal performance. Contact us now!\" \/>\n<meta property=\"og:url\" content=\"https:\/\/scrapetec.com\/en\/products\/tailscrape\/\" \/>\n<meta property=\"og:site_name\" content=\"ScrapeTec International GmbH\" \/>\n<meta property=\"article:publisher\" content=\"https:\/\/www.linkedin.com\/company\/scrapetec-trading\/\" \/>\n<meta property=\"article:modified_time\" content=\"2024-07-10T14:23:38+00:00\" \/>\n<meta name=\"twitter:card\" content=\"summary_large_image\" \/>\n<meta name=\"twitter:label1\" content=\"Est. reading time\" \/>\n\t<meta name=\"twitter:data1\" content=\"3 minutes\" \/>\n<script type=\"application\/ld+json\" class=\"yoast-schema-graph\">{\"@context\":\"https:\\\/\\\/schema.org\",\"@graph\":[{\"@type\":\"WebPage\",\"@id\":\"https:\\\/\\\/scrapetec.com\\\/en\\\/products\\\/tailscrape\\\/\",\"url\":\"https:\\\/\\\/scrapetec.com\\\/en\\\/products\\\/tailscrape\\\/\",\"name\":\"TailScrape: Efficient Tail Skirting System - Functionality & More\",\"isPartOf\":{\"@id\":\"https:\\\/\\\/scrapetec.com\\\/en\\\/#website\"},\"datePublished\":\"2018-11-06T20:44:10+00:00\",\"dateModified\":\"2024-07-10T14:23:38+00:00\",\"description\":\"Discover the efficiency of Tail Scrape's transfer tail skirting at ScrapeTec Trading. Explore TailScrape functional principle for optimal performance. Contact us now!\",\"breadcrumb\":{\"@id\":\"https:\\\/\\\/scrapetec.com\\\/en\\\/products\\\/tailscrape\\\/#breadcrumb\"},\"inLanguage\":\"en-US\",\"potentialAction\":[{\"@type\":\"ReadAction\",\"target\":[\"https:\\\/\\\/scrapetec.com\\\/en\\\/products\\\/tailscrape\\\/\"]}]},{\"@type\":\"BreadcrumbList\",\"@id\":\"https:\\\/\\\/scrapetec.com\\\/en\\\/products\\\/tailscrape\\\/#breadcrumb\",\"itemListElement\":[{\"@type\":\"ListItem\",\"position\":1,\"name\":\"Startseite\",\"item\":\"https:\\\/\\\/scrapetec.com\\\/en\\\/\"},{\"@type\":\"ListItem\",\"position\":2,\"name\":\"Products\",\"item\":\"https:\\\/\\\/scrapetec.com\\\/en\\\/products\\\/\"},{\"@type\":\"ListItem\",\"position\":3,\"name\":\"TailScrape\"}]},{\"@type\":\"WebSite\",\"@id\":\"https:\\\/\\\/scrapetec.com\\\/en\\\/#website\",\"url\":\"https:\\\/\\\/scrapetec.com\\\/en\\\/\",\"name\":\"ScrapeTec Trading GmbH\",\"description\":\"Wir schaffen innovative und l\u00f6sungsorientierte Produkte f\u00fcr F\u00f6rderanlagen von Masseng\u00fctern. AirScrape, DustScrape und PrimeTracker.\",\"publisher\":{\"@id\":\"https:\\\/\\\/scrapetec.com\\\/en\\\/#organization\"},\"potentialAction\":[{\"@type\":\"SearchAction\",\"target\":{\"@type\":\"EntryPoint\",\"urlTemplate\":\"https:\\\/\\\/scrapetec.com\\\/en\\\/?s={search_term_string}\"},\"query-input\":{\"@type\":\"PropertyValueSpecification\",\"valueRequired\":true,\"valueName\":\"search_term_string\"}}],\"inLanguage\":\"en-US\"},{\"@type\":\"Organization\",\"@id\":\"https:\\\/\\\/scrapetec.com\\\/en\\\/#organization\",\"name\":\"ScrapeTec International GmbH\",\"url\":\"https:\\\/\\\/scrapetec.com\\\/en\\\/\",\"logo\":{\"@type\":\"ImageObject\",\"inLanguage\":\"en-US\",\"@id\":\"https:\\\/\\\/scrapetec.com\\\/en\\\/#\\\/schema\\\/logo\\\/image\\\/\",\"url\":\"https:\\\/\\\/scrapetec.com\\\/wp-content\\\/uploads\\\/scraptec-trading-logo2.png\",\"contentUrl\":\"https:\\\/\\\/scrapetec.com\\\/wp-content\\\/uploads\\\/scraptec-trading-logo2.png\",\"width\":260,\"height\":44,\"caption\":\"ScrapeTec International GmbH\"},\"image\":{\"@id\":\"https:\\\/\\\/scrapetec.com\\\/en\\\/#\\\/schema\\\/logo\\\/image\\\/\"},\"sameAs\":[\"https:\\\/\\\/www.linkedin.com\\\/company\\\/scrapetec-trading\\\/\",\"https:\\\/\\\/www.youtube.com\\\/channel\\\/UCeOIoz0mbX_OZow5j7gd9cQ\"]}]}<\/script>\n<!-- \/ Yoast SEO plugin. -->","yoast_head_json":{"title":"TailScrape: Efficient Tail Skirting System - Functionality & More","description":"Discover the efficiency of Tail Scrape's transfer tail skirting at ScrapeTec Trading. Explore TailScrape functional principle for optimal performance. Contact us now!","robots":{"index":"index","follow":"follow","max-snippet":"max-snippet:-1","max-image-preview":"max-image-preview:large","max-video-preview":"max-video-preview:-1"},"canonical":"https:\/\/scrapetec.com\/en\/products\/tailscrape\/","og_locale":"en_US","og_type":"article","og_title":"TailScrape: Efficient Tail Skirting System - Functionality & More","og_description":"Discover the efficiency of Tail Scrape's transfer tail skirting at ScrapeTec Trading. Explore TailScrape functional principle for optimal performance. Contact us now!","og_url":"https:\/\/scrapetec.com\/en\/products\/tailscrape\/","og_site_name":"ScrapeTec International GmbH","article_publisher":"https:\/\/www.linkedin.com\/company\/scrapetec-trading\/","article_modified_time":"2024-07-10T14:23:38+00:00","twitter_card":"summary_large_image","twitter_misc":{"Est. reading time":"3 minutes"},"schema":{"@context":"https:\/\/schema.org","@graph":[{"@type":"WebPage","@id":"https:\/\/scrapetec.com\/en\/products\/tailscrape\/","url":"https:\/\/scrapetec.com\/en\/products\/tailscrape\/","name":"TailScrape: Efficient Tail Skirting System - Functionality & More","isPartOf":{"@id":"https:\/\/scrapetec.com\/en\/#website"},"datePublished":"2018-11-06T20:44:10+00:00","dateModified":"2024-07-10T14:23:38+00:00","description":"Discover the efficiency of Tail Scrape's transfer tail skirting at ScrapeTec Trading. Explore TailScrape functional principle for optimal performance. Contact us now!","breadcrumb":{"@id":"https:\/\/scrapetec.com\/en\/products\/tailscrape\/#breadcrumb"},"inLanguage":"en-US","potentialAction":[{"@type":"ReadAction","target":["https:\/\/scrapetec.com\/en\/products\/tailscrape\/"]}]},{"@type":"BreadcrumbList","@id":"https:\/\/scrapetec.com\/en\/products\/tailscrape\/#breadcrumb","itemListElement":[{"@type":"ListItem","position":1,"name":"Startseite","item":"https:\/\/scrapetec.com\/en\/"},{"@type":"ListItem","position":2,"name":"Products","item":"https:\/\/scrapetec.com\/en\/products\/"},{"@type":"ListItem","position":3,"name":"TailScrape"}]},{"@type":"WebSite","@id":"https:\/\/scrapetec.com\/en\/#website","url":"https:\/\/scrapetec.com\/en\/","name":"ScrapeTec Trading GmbH","description":"Wir schaffen innovative und l\u00f6sungsorientierte Produkte f\u00fcr F\u00f6rderanlagen von Masseng\u00fctern. AirScrape, DustScrape und PrimeTracker.","publisher":{"@id":"https:\/\/scrapetec.com\/en\/#organization"},"potentialAction":[{"@type":"SearchAction","target":{"@type":"EntryPoint","urlTemplate":"https:\/\/scrapetec.com\/en\/?s={search_term_string}"},"query-input":{"@type":"PropertyValueSpecification","valueRequired":true,"valueName":"search_term_string"}}],"inLanguage":"en-US"},{"@type":"Organization","@id":"https:\/\/scrapetec.com\/en\/#organization","name":"ScrapeTec International GmbH","url":"https:\/\/scrapetec.com\/en\/","logo":{"@type":"ImageObject","inLanguage":"en-US","@id":"https:\/\/scrapetec.com\/en\/#\/schema\/logo\/image\/","url":"https:\/\/scrapetec.com\/wp-content\/uploads\/scraptec-trading-logo2.png","contentUrl":"https:\/\/scrapetec.com\/wp-content\/uploads\/scraptec-trading-logo2.png","width":260,"height":44,"caption":"ScrapeTec International GmbH"},"image":{"@id":"https:\/\/scrapetec.com\/en\/#\/schema\/logo\/image\/"},"sameAs":["https:\/\/www.linkedin.com\/company\/scrapetec-trading\/","https:\/\/www.youtube.com\/channel\/UCeOIoz0mbX_OZow5j7gd9cQ"]}]}},"publishpress_future_action":{"enabled":false,"date":"2026-04-23 02:15:00","action":"change-status","newStatus":"draft","terms":[],"taxonomy":"translation_priority","extraData":[]},"publishpress_future_workflow_manual_trigger":{"enabledWorkflows":[]},"_links":{"self":[{"href":"https:\/\/scrapetec.com\/en\/wp-json\/wp\/v2\/pages\/2532","targetHints":{"allow":["GET"]}}],"collection":[{"href":"https:\/\/scrapetec.com\/en\/wp-json\/wp\/v2\/pages"}],"about":[{"href":"https:\/\/scrapetec.com\/en\/wp-json\/wp\/v2\/types\/page"}],"author":[{"embeddable":true,"href":"https:\/\/scrapetec.com\/en\/wp-json\/wp\/v2\/users\/3"}],"replies":[{"embeddable":true,"href":"https:\/\/scrapetec.com\/en\/wp-json\/wp\/v2\/comments?post=2532"}],"version-history":[{"count":2,"href":"https:\/\/scrapetec.com\/en\/wp-json\/wp\/v2\/pages\/2532\/revisions"}],"predecessor-version":[{"id":9499,"href":"https:\/\/scrapetec.com\/en\/wp-json\/wp\/v2\/pages\/2532\/revisions\/9499"}],"up":[{"embeddable":true,"href":"https:\/\/scrapetec.com\/en\/wp-json\/wp\/v2\/pages\/2007"}],"wp:attachment":[{"href":"https:\/\/scrapetec.com\/en\/wp-json\/wp\/v2\/media?parent=2532"}],"curies":[{"name":"wp","href":"https:\/\/api.w.org\/{rel}","templated":true}]}}