{"id":2000,"date":"2017-11-02T14:34:55","date_gmt":"2017-11-02T13:34:55","guid":{"rendered":"https:\/\/scrapetec-trading.com\/download\/"},"modified":"2023-07-27T20:11:55","modified_gmt":"2023-07-27T18:11:55","slug":"download","status":"publish","type":"page","link":"https:\/\/scrapetec.com\/en\/download\/","title":{"rendered":"Download"},"content":{"rendered":"<section class=\"l-section wpb_row height_auto width_full color_alternate\"><div class=\"l-section-h i-cf\"><div class=\"g-cols vc_row via_flex valign_middle type_boxes stacking_default\"><div class=\"vc_col-sm-12 wpb_column vc_column_container\"><div class=\"vc_column-inner\"><div class=\"wpb_wrapper\"><div id=\"ultimate-heading-778869e029efb1f19\" class=\"uvc-heading ult-adjust-bottom-margin ultimate-heading-778869e029efb1f19 uvc-6488 \" data-hspacer=\"no_spacer\"  data-halign=\"left\" style=\"text-align:left\"><div class=\"uvc-heading-spacer no_spacer\" style=\"top\"><\/div><div class=\"uvc-main-heading ult-responsive\"  data-ultimate-target='.uvc-heading.ultimate-heading-778869e029efb1f19 h1'  data-responsive-json-new='{\"font-size\":\"\",\"line-height\":\"\"}' ><h1 style=\"font-weight:normal;color:#383838;margin-top:0.7rem;margin-bottom:-1.0rem;\">Download<\/h1><\/div><\/div><\/div><\/div><\/div><\/div><\/div><\/section><!-- Row Backgrounds --><div class=\"upb_color\" data-bg-override=\"0\" data-bg-color=\"#f0f0f2\" data-fadeout=\"\" data-fadeout-percentage=\"30\" data-parallax-content=\"\" data-parallax-content-sense=\"30\" data-row-effect-mobile-disable=\"true\" data-img-parallax-mobile-disable=\"true\" data-rtl=\"false\"  data-custom-vc-row=\"\"  data-vc=\"8.6.1\"  data-is_old_vc=\"\"  data-theme-support=\"\"   data-overlay=\"false\" data-overlay-color=\"\" data-overlay-pattern=\"\" data-overlay-pattern-opacity=\"\" data-overlay-pattern-size=\"\"    ><\/div><section class=\"l-section wpb_row five-column-row height_auto width_full\"><div class=\"l-section-h i-cf\"><div class=\"g-cols vc_row via_flex valign_top type_boxes stacking_default\"><div class=\"vc_col-sm-12 wpb_column vc_column_container\"><div class=\"vc_column-inner\"><div class=\"wpb_wrapper\"><div class=\"g-cols wpb_row via_flex valign_top type_default stacking_default\"><div class=\"vc_col-sm-1\/5 vc_col-lg-1\/5 vc_col-md-4 wpb_column vc_column_container\"><div class=\"vc_column-inner us_custom_6c7b040d\"><div class=\"wpb_wrapper\"><div class=\"w-image align_center\"><a title=\"Download PDF\" target=\" _blank\" rel=\"nofollow\" href=\"https:\/\/scrapetec.com\/wp-content\/uploads\/AirScrape_brochure_EN.pdf\" aria-label=\"as_deckbl_en\" class=\"w-image-h\"><img decoding=\"async\" width=\"427\" height=\"600\" src=\"https:\/\/scrapetec.com\/wp-content\/uploads\/as_deckbl_en-1.png\" class=\"attachment-large size-large\" alt=\"\" loading=\"lazy\" srcset=\"https:\/\/scrapetec.com\/wp-content\/uploads\/as_deckbl_en-1.png 427w, https:\/\/scrapetec.com\/wp-content\/uploads\/as_deckbl_en-1-214x300.png 214w\" sizes=\"auto, (max-width: 427px) 100vw, 427px\" \/><\/a><\/div><div class=\"w-separator size_small\"><\/div><div class=\"wpb_text_column\"><div class=\"wpb_wrapper\"><h4 style=\"text-align: center;\">AirScrape<sup><small><small><small>\u00ae<\/small><\/small><\/small><br \/>\n<\/sup>Product brochure<\/h4>\n<\/div><\/div><div class=\"w-btn-wrapper align_center\"><a class=\"w-btn us-btn-style_3 us_custom_abf9803b icon_atright text_none\" aria-label=\"Button\" title=\"Download PDF\" target=\" _blank\" rel=\"nofollow\" href=\"https:\/\/scrapetec.com\/wp-content\/uploads\/AirScrape_brochure_EN.pdf\"><i class=\"fas fa-arrow-down\"><\/i><\/a><\/div><\/div><\/div><\/div><div class=\"vc_col-sm-1\/5 vc_col-lg-1\/5 vc_col-md-4 wpb_column vc_column_container\"><div class=\"vc_column-inner\"><div class=\"wpb_wrapper\"><div class=\"w-image align_center\"><a title=\"Download PDF\" target=\" _blank\" rel=\"nofollow\" href=\"https:\/\/scrapetec.com\/wp-content\/uploads\/TailScrape_brochure_EN.pdf\" aria-label=\"ts-deckb-en\" class=\"w-image-h\"><img decoding=\"async\" width=\"427\" height=\"600\" src=\"https:\/\/scrapetec.com\/wp-content\/uploads\/ts-deckb-en.png\" class=\"attachment-large size-large\" alt=\"\" loading=\"lazy\" srcset=\"https:\/\/scrapetec.com\/wp-content\/uploads\/ts-deckb-en.png 427w, https:\/\/scrapetec.com\/wp-content\/uploads\/ts-deckb-en-214x300.png 214w\" sizes=\"auto, (max-width: 427px) 100vw, 427px\" \/><\/a><\/div><div class=\"w-separator size_small\"><\/div><div class=\"wpb_text_column\"><div class=\"wpb_wrapper\"><h4 style=\"text-align: center;\">TailScrape<br \/>\nProduct brochure<\/h4>\n<\/div><\/div><div class=\"w-btn-wrapper align_center\"><a class=\"w-btn us-btn-style_3 us_custom_abf9803b icon_atright text_none\" aria-label=\"Button\" title=\"Download PDF\" target=\" _blank\" rel=\"nofollow\" href=\"https:\/\/scrapetec.com\/wp-content\/uploads\/TailScrape_brochure_EN.pdf\"><i class=\"fas fa-arrow-down\"><\/i><\/a><\/div><\/div><\/div><\/div><div class=\"vc_col-sm-1\/5 vc_col-lg-1\/5 vc_col-md-4 wpb_column vc_column_container\"><div class=\"vc_column-inner us_custom_6c7b040d\"><div class=\"wpb_wrapper\"><div class=\"w-image align_center\"><a title=\"Download PDF\" target=\" _blank\" rel=\"nofollow\" href=\"https:\/\/scrapetec.com\/wp-content\/uploads\/DustScrape_brochure_EN.pdf\" aria-label=\"ds_deckbl_en\" class=\"w-image-h\"><img decoding=\"async\" width=\"427\" height=\"600\" src=\"https:\/\/scrapetec.com\/wp-content\/uploads\/ds_deckbl_en_v05-1.png\" class=\"attachment-large size-large\" alt=\"\" loading=\"lazy\" \/><\/a><\/div><div class=\"w-separator size_small\"><\/div><div class=\"wpb_text_column\"><div class=\"wpb_wrapper\"><h4 style=\"text-align: center;\">DustScrape<br \/>\nProduct brochure<\/h4>\n<\/div><\/div><div class=\"w-btn-wrapper align_center\"><a class=\"w-btn us-btn-style_3 us_custom_abf9803b icon_atright text_none\" aria-label=\"Button\" title=\"Download PDF\" target=\" _blank\" rel=\"nofollow\" href=\"https:\/\/scrapetec.com\/wp-content\/uploads\/DustScrape_brochure_EN.pdf\"><i class=\"fas fa-arrow-down\"><\/i><\/a><\/div><\/div><\/div><\/div><div class=\"vc_col-sm-1\/5 vc_col-lg-1\/5 vc_col-md-4 wpb_column vc_column_container\"><div class=\"vc_column-inner us_custom_6c7b040d\"><div class=\"wpb_wrapper\"><div class=\"w-image align_center\"><a title=\"Download PDF\" target=\" _blank\" rel=\"nofollow\" href=\"https:\/\/scrapetec.com\/wp-content\/uploads\/PrimeTracker_brochure_EN.pdf\" aria-label=\"pt_deckbl_en\" class=\"w-image-h\"><img decoding=\"async\" width=\"427\" height=\"600\" src=\"https:\/\/scrapetec.com\/wp-content\/uploads\/pt_deckbl_en.png\" class=\"attachment-large size-large\" alt=\"\" loading=\"lazy\" srcset=\"https:\/\/scrapetec.com\/wp-content\/uploads\/pt_deckbl_en.png 427w, https:\/\/scrapetec.com\/wp-content\/uploads\/pt_deckbl_en-214x300.png 214w, https:\/\/scrapetec.com\/wp-content\/uploads\/pt_deckbl_en-356x500.png 356w, https:\/\/scrapetec.com\/wp-content\/uploads\/pt_deckbl_en-320x450.png 320w, https:\/\/scrapetec.com\/wp-content\/uploads\/pt_deckbl_en-80x113.png 80w, https:\/\/scrapetec.com\/wp-content\/uploads\/pt_deckbl_en-79x111.png 79w\" sizes=\"auto, (max-width: 427px) 100vw, 427px\" \/><\/a><\/div><div class=\"w-separator size_small\"><\/div><div class=\"wpb_text_column\"><div class=\"wpb_wrapper\"><h4 style=\"text-align: center;\">PrimeTracker<br \/>\nProduct brochure<\/h4>\n<\/div><\/div><div class=\"w-btn-wrapper align_center\"><a class=\"w-btn us-btn-style_3 us_custom_abf9803b icon_atright text_none\" aria-label=\"Button\" title=\"Download PDF\" target=\" _blank\" rel=\"nofollow\" href=\"https:\/\/scrapetec.com\/wp-content\/uploads\/PrimeTracker_brochure_EN.pdf\"><i class=\"fas fa-arrow-down\"><\/i><\/a><\/div><\/div><\/div><\/div><div class=\"vc_col-sm-1\/5 vc_col-lg-1\/5 vc_col-md-4 wpb_column vc_column_container\"><div class=\"vc_column-inner us_custom_6c7b040d\"><div class=\"wpb_wrapper\"><div class=\"w-image align_center\"><a title=\"Download PDF\" target=\" _blank\" rel=\"nofollow\" href=\"https:\/\/scrapetec.com\/wp-content\/uploads\/as-ts-tdma-de-en_mm_inch_v02.pdf\" aria-label=\"as-ts_montage-techdat\" class=\"w-image-h\"><img decoding=\"async\" width=\"427\" height=\"600\" src=\"https:\/\/scrapetec.com\/wp-content\/uploads\/as-ts_montage-techdat.png\" class=\"attachment-large size-large\" alt=\"\" loading=\"lazy\" srcset=\"https:\/\/scrapetec.com\/wp-content\/uploads\/as-ts_montage-techdat.png 427w, https:\/\/scrapetec.com\/wp-content\/uploads\/as-ts_montage-techdat-214x300.png 214w\" sizes=\"auto, (max-width: 427px) 100vw, 427px\" \/><\/a><\/div><div class=\"w-separator size_small\"><\/div><div class=\"wpb_text_column\"><div class=\"wpb_wrapper\"><h4 style=\"text-align: center;\">AirScrape<sup><small><small><small>\u00ae<\/small><\/small><\/small><br \/>\n<\/sup> &amp; TailScrape<br \/>\nInstallation guide and Technical data sheet<\/h4>\n<\/div><\/div><div class=\"w-btn-wrapper align_center\"><a class=\"w-btn us-btn-style_3 us_custom_abf9803b icon_atright text_none\" aria-label=\"Button\" title=\"Download PDF\" target=\" _blank\" rel=\"nofollow\" href=\"https:\/\/scrapetec.com\/wp-content\/uploads\/as-ts-tdma-de-en_mm_inch_v02.pdf\"><i class=\"fas fa-arrow-down\"><\/i><\/a><\/div><\/div><\/div><\/div><\/div><div class=\"w-separator size_small\"><\/div><\/div><\/div><\/div><\/div><\/div><\/section><section class=\"l-section wpb_row five-column-row height_auto width_full\"><div class=\"l-section-h i-cf\"><div class=\"g-cols vc_row via_flex valign_top type_boxes stacking_default\"><div class=\"vc_col-sm-12 wpb_column vc_column_container\"><div class=\"vc_column-inner\"><div class=\"wpb_wrapper\"><div class=\"g-cols wpb_row via_flex valign_top type_default stacking_default\"><div class=\"vc_col-sm-1\/5 vc_col-lg-1\/5 vc_col-md-4 wpb_column vc_column_container\"><div class=\"vc_column-inner us_custom_6c7b040d\"><div class=\"wpb_wrapper\"><div class=\"w-image align_center\"><a title=\"Download PDF\" target=\"_blank\" rel=\"nofollow\" href=\"https:\/\/scrapetec.com\/wp-content\/uploads\/AirScrape_Correct_Installation.pdf\" aria-label=\"as_kurzanleitung_deckbl_en\" class=\"w-image-h\"><img decoding=\"async\" width=\"424\" height=\"600\" src=\"https:\/\/scrapetec.com\/wp-content\/uploads\/as_kurzanleitung_deckbl_en-1.png\" class=\"attachment-large size-large\" alt=\"\" loading=\"lazy\" srcset=\"https:\/\/scrapetec.com\/wp-content\/uploads\/as_kurzanleitung_deckbl_en-1.png 424w, https:\/\/scrapetec.com\/wp-content\/uploads\/as_kurzanleitung_deckbl_en-1-212x300.png 212w, https:\/\/scrapetec.com\/wp-content\/uploads\/as_kurzanleitung_deckbl_en-1-353x500.png 353w, https:\/\/scrapetec.com\/wp-content\/uploads\/as_kurzanleitung_deckbl_en-1-318x450.png 318w\" sizes=\"auto, (max-width: 424px) 100vw, 424px\" \/><\/a><\/div><div class=\"w-separator size_small\"><\/div><div class=\"wpb_text_column\"><div class=\"wpb_wrapper\"><h4 style=\"text-align: center;\">AirScrape<br \/>\nCorrect Installation<\/h4>\n<\/div><\/div><div class=\"w-btn-wrapper align_center\"><a class=\"w-btn us-btn-style_3 us_custom_abf9803b icon_atright text_none\" aria-label=\"Button\" title=\"Download PDF\" target=\"_blank\" rel=\"nofollow\" href=\"https:\/\/scrapetec.com\/wp-content\/uploads\/AirScrape_Correct_Installation.pdf\"><i class=\"fas fa-arrow-down\"><\/i><\/a><\/div><\/div><\/div><\/div><div class=\"vc_col-sm-1\/5 vc_col-lg-1\/5 vc_col-md-4 wpb_column vc_column_container\"><div class=\"vc_column-inner us_custom_6c7b040d\"><div class=\"wpb_wrapper\"><div class=\"w-image align_center\"><a title=\"Download PDF\" target=\"_blank\" rel=\"nofollow\" href=\"https:\/\/scrapetec.com\/wp-content\/uploads\/PrimeTracker_installation_guide_a_technical_data_sheet.pdf\" aria-label=\"pt_montage_en\" class=\"w-image-h\"><img decoding=\"async\" width=\"427\" height=\"600\" src=\"https:\/\/scrapetec.com\/wp-content\/uploads\/pt_montage_en.png\" class=\"attachment-large size-large\" alt=\"\" loading=\"lazy\" srcset=\"https:\/\/scrapetec.com\/wp-content\/uploads\/pt_montage_en.png 427w, https:\/\/scrapetec.com\/wp-content\/uploads\/pt_montage_en-214x300.png 214w, https:\/\/scrapetec.com\/wp-content\/uploads\/pt_montage_en-356x500.png 356w, https:\/\/scrapetec.com\/wp-content\/uploads\/pt_montage_en-320x450.png 320w\" sizes=\"auto, (max-width: 427px) 100vw, 427px\" \/><\/a><\/div><div class=\"w-separator size_small\"><\/div><div class=\"wpb_text_column\"><div class=\"wpb_wrapper\"><h4 style=\"text-align: center;\">PrimeTracker<br \/>\nInstallation guide and Technical data sheet<\/h4>\n<\/div><\/div><div class=\"w-btn-wrapper align_center\"><a class=\"w-btn us-btn-style_3 us_custom_abf9803b icon_atright text_none\" aria-label=\"Button\" title=\"Download PDF\" target=\"_blank\" rel=\"nofollow\" href=\"https:\/\/scrapetec.com\/wp-content\/uploads\/PrimeTracker_installation_guide_a_technical_data_sheet.pdf\"><i class=\"fas fa-arrow-down\"><\/i><\/a><\/div><\/div><\/div><\/div><div class=\"vc_col-sm-1\/5 vc_col-lg-1\/5 vc_col-md-4 wpb_column vc_column_container\"><div class=\"vc_column-inner\"><div class=\"wpb_wrapper\"><\/div><\/div><\/div><div class=\"vc_col-sm-1\/5 vc_col-lg-1\/5 vc_col-md-4 wpb_column vc_column_container\"><div class=\"vc_column-inner us_custom_6c7b040d\"><div class=\"wpb_wrapper\"><\/div><\/div><\/div><div class=\"vc_col-sm-1\/5 vc_col-lg-1\/5 vc_col-md-4 wpb_column vc_column_container\"><div class=\"vc_column-inner us_custom_6c7b040d\"><div class=\"wpb_wrapper\"><\/div><\/div><\/div><\/div><div class=\"w-separator size_small\"><\/div><\/div><\/div><\/div><\/div><\/div><\/section>\n","protected":false},"excerpt":{"rendered":"DownloadAirScrape\u00ae Product brochure TailScrape Product brochure DustScrape Product brochure PrimeTracker Product brochure AirScrape\u00ae &amp; TailScrape Installation guide and Technical data sheet AirScrape Correct Installation PrimeTracker Installation guide and Technical data sheet","protected":false},"author":2,"featured_media":0,"parent":0,"menu_order":0,"comment_status":"closed","ping_status":"closed","template":"","meta":{"footnotes":""},"class_list":["post-2000","page","type-page","status-publish","hentry"],"yoast_head":"<!-- This site is optimized with the Yoast SEO plugin v27.4 - https:\/\/yoast.com\/product\/yoast-seo-wordpress\/ -->\n<title>Download - ScrapeTec International GmbH<\/title>\n<meta name=\"robots\" content=\"index, follow, max-snippet:-1, max-image-preview:large, max-video-preview:-1\" \/>\n<link rel=\"canonical\" href=\"https:\/\/scrapetec.com\/en\/download\/\" \/>\n<meta property=\"og:locale\" content=\"en_US\" \/>\n<meta property=\"og:type\" content=\"article\" \/>\n<meta property=\"og:title\" content=\"Download - ScrapeTec International GmbH\" \/>\n<meta property=\"og:url\" content=\"https:\/\/scrapetec.com\/en\/download\/\" \/>\n<meta property=\"og:site_name\" content=\"ScrapeTec International GmbH\" \/>\n<meta property=\"article:publisher\" content=\"https:\/\/www.linkedin.com\/company\/scrapetec-trading\/\" \/>\n<meta property=\"article:modified_time\" content=\"2023-07-27T18:11:55+00:00\" \/>\n<meta name=\"twitter:card\" content=\"summary_large_image\" \/>\n<meta name=\"twitter:label1\" content=\"Est. reading time\" \/>\n\t<meta name=\"twitter:data1\" content=\"2 minutes\" \/>\n<script type=\"application\/ld+json\" class=\"yoast-schema-graph\">{\"@context\":\"https:\\\/\\\/schema.org\",\"@graph\":[{\"@type\":\"WebPage\",\"@id\":\"https:\\\/\\\/scrapetec.com\\\/en\\\/download\\\/\",\"url\":\"https:\\\/\\\/scrapetec.com\\\/en\\\/download\\\/\",\"name\":\"Download - ScrapeTec International GmbH\",\"isPartOf\":{\"@id\":\"https:\\\/\\\/scrapetec.com\\\/en\\\/#website\"},\"datePublished\":\"2017-11-02T13:34:55+00:00\",\"dateModified\":\"2023-07-27T18:11:55+00:00\",\"breadcrumb\":{\"@id\":\"https:\\\/\\\/scrapetec.com\\\/en\\\/download\\\/#breadcrumb\"},\"inLanguage\":\"en-US\",\"potentialAction\":[{\"@type\":\"ReadAction\",\"target\":[\"https:\\\/\\\/scrapetec.com\\\/en\\\/download\\\/\"]}]},{\"@type\":\"BreadcrumbList\",\"@id\":\"https:\\\/\\\/scrapetec.com\\\/en\\\/download\\\/#breadcrumb\",\"itemListElement\":[{\"@type\":\"ListItem\",\"position\":1,\"name\":\"Startseite\",\"item\":\"https:\\\/\\\/scrapetec.com\\\/en\\\/\"},{\"@type\":\"ListItem\",\"position\":2,\"name\":\"Download\"}]},{\"@type\":\"WebSite\",\"@id\":\"https:\\\/\\\/scrapetec.com\\\/en\\\/#website\",\"url\":\"https:\\\/\\\/scrapetec.com\\\/en\\\/\",\"name\":\"ScrapeTec Trading GmbH\",\"description\":\"Wir schaffen innovative und l\u00f6sungsorientierte Produkte f\u00fcr F\u00f6rderanlagen von Masseng\u00fctern. AirScrape, DustScrape und PrimeTracker.\",\"publisher\":{\"@id\":\"https:\\\/\\\/scrapetec.com\\\/en\\\/#organization\"},\"potentialAction\":[{\"@type\":\"SearchAction\",\"target\":{\"@type\":\"EntryPoint\",\"urlTemplate\":\"https:\\\/\\\/scrapetec.com\\\/en\\\/?s={search_term_string}\"},\"query-input\":{\"@type\":\"PropertyValueSpecification\",\"valueRequired\":true,\"valueName\":\"search_term_string\"}}],\"inLanguage\":\"en-US\"},{\"@type\":\"Organization\",\"@id\":\"https:\\\/\\\/scrapetec.com\\\/en\\\/#organization\",\"name\":\"ScrapeTec International GmbH\",\"url\":\"https:\\\/\\\/scrapetec.com\\\/en\\\/\",\"logo\":{\"@type\":\"ImageObject\",\"inLanguage\":\"en-US\",\"@id\":\"https:\\\/\\\/scrapetec.com\\\/en\\\/#\\\/schema\\\/logo\\\/image\\\/\",\"url\":\"https:\\\/\\\/scrapetec.com\\\/wp-content\\\/uploads\\\/scraptec-trading-logo2.png\",\"contentUrl\":\"https:\\\/\\\/scrapetec.com\\\/wp-content\\\/uploads\\\/scraptec-trading-logo2.png\",\"width\":260,\"height\":44,\"caption\":\"ScrapeTec International GmbH\"},\"image\":{\"@id\":\"https:\\\/\\\/scrapetec.com\\\/en\\\/#\\\/schema\\\/logo\\\/image\\\/\"},\"sameAs\":[\"https:\\\/\\\/www.linkedin.com\\\/company\\\/scrapetec-trading\\\/\",\"https:\\\/\\\/www.youtube.com\\\/channel\\\/UCeOIoz0mbX_OZow5j7gd9cQ\"]}]}<\/script>\n<!-- \/ Yoast SEO plugin. -->","yoast_head_json":{"title":"Download - ScrapeTec International GmbH","robots":{"index":"index","follow":"follow","max-snippet":"max-snippet:-1","max-image-preview":"max-image-preview:large","max-video-preview":"max-video-preview:-1"},"canonical":"https:\/\/scrapetec.com\/en\/download\/","og_locale":"en_US","og_type":"article","og_title":"Download - ScrapeTec International GmbH","og_url":"https:\/\/scrapetec.com\/en\/download\/","og_site_name":"ScrapeTec International GmbH","article_publisher":"https:\/\/www.linkedin.com\/company\/scrapetec-trading\/","article_modified_time":"2023-07-27T18:11:55+00:00","twitter_card":"summary_large_image","twitter_misc":{"Est. reading time":"2 minutes"},"schema":{"@context":"https:\/\/schema.org","@graph":[{"@type":"WebPage","@id":"https:\/\/scrapetec.com\/en\/download\/","url":"https:\/\/scrapetec.com\/en\/download\/","name":"Download - ScrapeTec International GmbH","isPartOf":{"@id":"https:\/\/scrapetec.com\/en\/#website"},"datePublished":"2017-11-02T13:34:55+00:00","dateModified":"2023-07-27T18:11:55+00:00","breadcrumb":{"@id":"https:\/\/scrapetec.com\/en\/download\/#breadcrumb"},"inLanguage":"en-US","potentialAction":[{"@type":"ReadAction","target":["https:\/\/scrapetec.com\/en\/download\/"]}]},{"@type":"BreadcrumbList","@id":"https:\/\/scrapetec.com\/en\/download\/#breadcrumb","itemListElement":[{"@type":"ListItem","position":1,"name":"Startseite","item":"https:\/\/scrapetec.com\/en\/"},{"@type":"ListItem","position":2,"name":"Download"}]},{"@type":"WebSite","@id":"https:\/\/scrapetec.com\/en\/#website","url":"https:\/\/scrapetec.com\/en\/","name":"ScrapeTec Trading GmbH","description":"Wir schaffen innovative und l\u00f6sungsorientierte Produkte f\u00fcr F\u00f6rderanlagen von Masseng\u00fctern. AirScrape, DustScrape und PrimeTracker.","publisher":{"@id":"https:\/\/scrapetec.com\/en\/#organization"},"potentialAction":[{"@type":"SearchAction","target":{"@type":"EntryPoint","urlTemplate":"https:\/\/scrapetec.com\/en\/?s={search_term_string}"},"query-input":{"@type":"PropertyValueSpecification","valueRequired":true,"valueName":"search_term_string"}}],"inLanguage":"en-US"},{"@type":"Organization","@id":"https:\/\/scrapetec.com\/en\/#organization","name":"ScrapeTec International GmbH","url":"https:\/\/scrapetec.com\/en\/","logo":{"@type":"ImageObject","inLanguage":"en-US","@id":"https:\/\/scrapetec.com\/en\/#\/schema\/logo\/image\/","url":"https:\/\/scrapetec.com\/wp-content\/uploads\/scraptec-trading-logo2.png","contentUrl":"https:\/\/scrapetec.com\/wp-content\/uploads\/scraptec-trading-logo2.png","width":260,"height":44,"caption":"ScrapeTec International GmbH"},"image":{"@id":"https:\/\/scrapetec.com\/en\/#\/schema\/logo\/image\/"},"sameAs":["https:\/\/www.linkedin.com\/company\/scrapetec-trading\/","https:\/\/www.youtube.com\/channel\/UCeOIoz0mbX_OZow5j7gd9cQ"]}]}},"publishpress_future_action":{"enabled":false,"date":"2026-04-23 02:14:39","action":"change-status","newStatus":"draft","terms":[],"taxonomy":"translation_priority","extraData":[]},"publishpress_future_workflow_manual_trigger":{"enabledWorkflows":[]},"_links":{"self":[{"href":"https:\/\/scrapetec.com\/en\/wp-json\/wp\/v2\/pages\/2000","targetHints":{"allow":["GET"]}}],"collection":[{"href":"https:\/\/scrapetec.com\/en\/wp-json\/wp\/v2\/pages"}],"about":[{"href":"https:\/\/scrapetec.com\/en\/wp-json\/wp\/v2\/types\/page"}],"author":[{"embeddable":true,"href":"https:\/\/scrapetec.com\/en\/wp-json\/wp\/v2\/users\/2"}],"replies":[{"embeddable":true,"href":"https:\/\/scrapetec.com\/en\/wp-json\/wp\/v2\/comments?post=2000"}],"version-history":[{"count":0,"href":"https:\/\/scrapetec.com\/en\/wp-json\/wp\/v2\/pages\/2000\/revisions"}],"wp:attachment":[{"href":"https:\/\/scrapetec.com\/en\/wp-json\/wp\/v2\/media?parent=2000"}],"curies":[{"name":"wp","href":"https:\/\/api.w.org\/{rel}","templated":true}]}}