{"id":1990,"date":"2017-11-30T15:48:42","date_gmt":"2017-11-30T14:48:42","guid":{"rendered":"https:\/\/scrapetec-trading.com\/unsere-kunden\/"},"modified":"2018-12-19T13:39:42","modified_gmt":"2018-12-19T12:39:42","slug":"references","status":"publish","type":"page","link":"https:\/\/scrapetec.com\/en\/references\/","title":{"rendered":"References"},"content":{"rendered":"<section class=\"l-section wpb_row height_medium\"><div class=\"l-section-h i-cf\"><div class=\"g-cols vc_row via_flex valign_top type_default stacking_default\"><div class=\"vc_col-sm-12 wpb_column vc_column_container\"><div class=\"vc_column-inner\"><div class=\"wpb_wrapper\"><div class=\"wpb_text_column\"><div class=\"wpb_wrapper\"><h1>Referenzen<\/h1>\n<\/div><\/div><\/div><\/div><\/div><\/div><\/div><\/section><section class=\"l-section wpb_row height_medium\"><div class=\"l-section-h i-cf\"><div class=\"g-cols vc_row via_flex valign_top type_default stacking_default\"><div class=\"vc_col-sm-12 wpb_column vc_column_container\"><div class=\"vc_column-inner\"><div class=\"wpb_wrapper\"><div class=\"w-separator size_custom\" style=\"height:400px\"><\/div><\/div><\/div><\/div><\/div><\/div><\/section>\n","protected":false},"excerpt":{"rendered":"Referenzen","protected":false},"author":3,"featured_media":0,"parent":0,"menu_order":0,"comment_status":"closed","ping_status":"closed","template":"","meta":{"footnotes":""},"class_list":["post-1990","page","type-page","status-publish","hentry"],"yoast_head":"<!-- This site is optimized with the Yoast SEO plugin v27.4 - https:\/\/yoast.com\/product\/yoast-seo-wordpress\/ -->\n<title>References - ScrapeTec International GmbH<\/title>\n<meta name=\"robots\" content=\"index, follow, max-snippet:-1, max-image-preview:large, max-video-preview:-1\" \/>\n<link rel=\"canonical\" href=\"https:\/\/scrapetec.com\/en\/references\/\" \/>\n<meta property=\"og:locale\" content=\"en_US\" \/>\n<meta property=\"og:type\" content=\"article\" \/>\n<meta property=\"og:title\" content=\"References - ScrapeTec International GmbH\" \/>\n<meta property=\"og:url\" content=\"https:\/\/scrapetec.com\/en\/references\/\" \/>\n<meta property=\"og:site_name\" content=\"ScrapeTec International GmbH\" \/>\n<meta property=\"article:publisher\" content=\"https:\/\/www.linkedin.com\/company\/scrapetec-trading\/\" \/>\n<meta property=\"article:modified_time\" content=\"2018-12-19T12:39:42+00:00\" \/>\n<meta name=\"twitter:card\" content=\"summary_large_image\" \/>\n<script type=\"application\/ld+json\" class=\"yoast-schema-graph\">{\"@context\":\"https:\\\/\\\/schema.org\",\"@graph\":[{\"@type\":\"WebPage\",\"@id\":\"https:\\\/\\\/scrapetec.com\\\/en\\\/references\\\/\",\"url\":\"https:\\\/\\\/scrapetec.com\\\/en\\\/references\\\/\",\"name\":\"References - ScrapeTec International GmbH\",\"isPartOf\":{\"@id\":\"https:\\\/\\\/scrapetec.com\\\/en\\\/#website\"},\"datePublished\":\"2017-11-30T14:48:42+00:00\",\"dateModified\":\"2018-12-19T12:39:42+00:00\",\"breadcrumb\":{\"@id\":\"https:\\\/\\\/scrapetec.com\\\/en\\\/references\\\/#breadcrumb\"},\"inLanguage\":\"en-US\",\"potentialAction\":[{\"@type\":\"ReadAction\",\"target\":[\"https:\\\/\\\/scrapetec.com\\\/en\\\/references\\\/\"]}]},{\"@type\":\"BreadcrumbList\",\"@id\":\"https:\\\/\\\/scrapetec.com\\\/en\\\/references\\\/#breadcrumb\",\"itemListElement\":[{\"@type\":\"ListItem\",\"position\":1,\"name\":\"Startseite\",\"item\":\"https:\\\/\\\/scrapetec.com\\\/en\\\/\"},{\"@type\":\"ListItem\",\"position\":2,\"name\":\"References\"}]},{\"@type\":\"WebSite\",\"@id\":\"https:\\\/\\\/scrapetec.com\\\/en\\\/#website\",\"url\":\"https:\\\/\\\/scrapetec.com\\\/en\\\/\",\"name\":\"ScrapeTec Trading GmbH\",\"description\":\"Wir schaffen innovative und l\u00f6sungsorientierte Produkte f\u00fcr F\u00f6rderanlagen von Masseng\u00fctern. AirScrape, DustScrape und PrimeTracker.\",\"publisher\":{\"@id\":\"https:\\\/\\\/scrapetec.com\\\/en\\\/#organization\"},\"potentialAction\":[{\"@type\":\"SearchAction\",\"target\":{\"@type\":\"EntryPoint\",\"urlTemplate\":\"https:\\\/\\\/scrapetec.com\\\/en\\\/?s={search_term_string}\"},\"query-input\":{\"@type\":\"PropertyValueSpecification\",\"valueRequired\":true,\"valueName\":\"search_term_string\"}}],\"inLanguage\":\"en-US\"},{\"@type\":\"Organization\",\"@id\":\"https:\\\/\\\/scrapetec.com\\\/en\\\/#organization\",\"name\":\"ScrapeTec International GmbH\",\"url\":\"https:\\\/\\\/scrapetec.com\\\/en\\\/\",\"logo\":{\"@type\":\"ImageObject\",\"inLanguage\":\"en-US\",\"@id\":\"https:\\\/\\\/scrapetec.com\\\/en\\\/#\\\/schema\\\/logo\\\/image\\\/\",\"url\":\"https:\\\/\\\/scrapetec.com\\\/wp-content\\\/uploads\\\/scraptec-trading-logo2.png\",\"contentUrl\":\"https:\\\/\\\/scrapetec.com\\\/wp-content\\\/uploads\\\/scraptec-trading-logo2.png\",\"width\":260,\"height\":44,\"caption\":\"ScrapeTec International GmbH\"},\"image\":{\"@id\":\"https:\\\/\\\/scrapetec.com\\\/en\\\/#\\\/schema\\\/logo\\\/image\\\/\"},\"sameAs\":[\"https:\\\/\\\/www.linkedin.com\\\/company\\\/scrapetec-trading\\\/\",\"https:\\\/\\\/www.youtube.com\\\/channel\\\/UCeOIoz0mbX_OZow5j7gd9cQ\"]}]}<\/script>\n<!-- \/ Yoast SEO plugin. -->","yoast_head_json":{"title":"References - ScrapeTec International GmbH","robots":{"index":"index","follow":"follow","max-snippet":"max-snippet:-1","max-image-preview":"max-image-preview:large","max-video-preview":"max-video-preview:-1"},"canonical":"https:\/\/scrapetec.com\/en\/references\/","og_locale":"en_US","og_type":"article","og_title":"References - ScrapeTec International GmbH","og_url":"https:\/\/scrapetec.com\/en\/references\/","og_site_name":"ScrapeTec International GmbH","article_publisher":"https:\/\/www.linkedin.com\/company\/scrapetec-trading\/","article_modified_time":"2018-12-19T12:39:42+00:00","twitter_card":"summary_large_image","schema":{"@context":"https:\/\/schema.org","@graph":[{"@type":"WebPage","@id":"https:\/\/scrapetec.com\/en\/references\/","url":"https:\/\/scrapetec.com\/en\/references\/","name":"References - ScrapeTec International GmbH","isPartOf":{"@id":"https:\/\/scrapetec.com\/en\/#website"},"datePublished":"2017-11-30T14:48:42+00:00","dateModified":"2018-12-19T12:39:42+00:00","breadcrumb":{"@id":"https:\/\/scrapetec.com\/en\/references\/#breadcrumb"},"inLanguage":"en-US","potentialAction":[{"@type":"ReadAction","target":["https:\/\/scrapetec.com\/en\/references\/"]}]},{"@type":"BreadcrumbList","@id":"https:\/\/scrapetec.com\/en\/references\/#breadcrumb","itemListElement":[{"@type":"ListItem","position":1,"name":"Startseite","item":"https:\/\/scrapetec.com\/en\/"},{"@type":"ListItem","position":2,"name":"References"}]},{"@type":"WebSite","@id":"https:\/\/scrapetec.com\/en\/#website","url":"https:\/\/scrapetec.com\/en\/","name":"ScrapeTec Trading GmbH","description":"Wir schaffen innovative und l\u00f6sungsorientierte Produkte f\u00fcr F\u00f6rderanlagen von Masseng\u00fctern. AirScrape, DustScrape und PrimeTracker.","publisher":{"@id":"https:\/\/scrapetec.com\/en\/#organization"},"potentialAction":[{"@type":"SearchAction","target":{"@type":"EntryPoint","urlTemplate":"https:\/\/scrapetec.com\/en\/?s={search_term_string}"},"query-input":{"@type":"PropertyValueSpecification","valueRequired":true,"valueName":"search_term_string"}}],"inLanguage":"en-US"},{"@type":"Organization","@id":"https:\/\/scrapetec.com\/en\/#organization","name":"ScrapeTec International GmbH","url":"https:\/\/scrapetec.com\/en\/","logo":{"@type":"ImageObject","inLanguage":"en-US","@id":"https:\/\/scrapetec.com\/en\/#\/schema\/logo\/image\/","url":"https:\/\/scrapetec.com\/wp-content\/uploads\/scraptec-trading-logo2.png","contentUrl":"https:\/\/scrapetec.com\/wp-content\/uploads\/scraptec-trading-logo2.png","width":260,"height":44,"caption":"ScrapeTec International GmbH"},"image":{"@id":"https:\/\/scrapetec.com\/en\/#\/schema\/logo\/image\/"},"sameAs":["https:\/\/www.linkedin.com\/company\/scrapetec-trading\/","https:\/\/www.youtube.com\/channel\/UCeOIoz0mbX_OZow5j7gd9cQ"]}]}},"publishpress_future_action":{"enabled":false,"date":"2026-05-08 00:32:35","action":"change-status","newStatus":"draft","terms":[],"taxonomy":"translation_priority","extraData":[]},"publishpress_future_workflow_manual_trigger":{"enabledWorkflows":[]},"_links":{"self":[{"href":"https:\/\/scrapetec.com\/en\/wp-json\/wp\/v2\/pages\/1990","targetHints":{"allow":["GET"]}}],"collection":[{"href":"https:\/\/scrapetec.com\/en\/wp-json\/wp\/v2\/pages"}],"about":[{"href":"https:\/\/scrapetec.com\/en\/wp-json\/wp\/v2\/types\/page"}],"author":[{"embeddable":true,"href":"https:\/\/scrapetec.com\/en\/wp-json\/wp\/v2\/users\/3"}],"replies":[{"embeddable":true,"href":"https:\/\/scrapetec.com\/en\/wp-json\/wp\/v2\/comments?post=1990"}],"version-history":[{"count":0,"href":"https:\/\/scrapetec.com\/en\/wp-json\/wp\/v2\/pages\/1990\/revisions"}],"wp:attachment":[{"href":"https:\/\/scrapetec.com\/en\/wp-json\/wp\/v2\/media?parent=1990"}],"curies":[{"name":"wp","href":"https:\/\/api.w.org\/{rel}","templated":true}]}}