{"id":12156,"date":"2026-04-08T20:40:07","date_gmt":"2026-04-08T18:40:07","guid":{"rendered":"https:\/\/scrapetec.com\/?page_id=12156"},"modified":"2026-04-08T20:41:57","modified_gmt":"2026-04-08T18:41:57","slug":"dustscrape","status":"publish","type":"page","link":"https:\/\/scrapetec.com\/en\/contact\/contact\/dustscrape\/","title":{"rendered":"DustScrape &#8211; Product request"},"content":{"rendered":"<section class=\"l-section wpb_row height_auto full_height valign_center width_full\"><div class=\"l-section-h i-cf\"><div class=\"g-cols vc_row via_flex valign_top type_default stacking_default\"><div class=\"vc_col-sm-12 wpb_column vc_column_container\"><div class=\"vc_column-inner\"><div class=\"wpb_wrapper\"><div class=\"w-html iframe__fillout\"><iframe loading=\"lazy\" src=\"https:\/\/forms.fillout.com\/t\/2BVqorHN1Yus\" width=\"100%\" height=\"100%\"><\/iframe><\/div><\/div><\/div><\/div><\/div><\/div><\/section>\n","protected":false},"excerpt":{"rendered":"","protected":false},"author":3,"featured_media":0,"parent":11026,"menu_order":0,"comment_status":"closed","ping_status":"closed","template":"","meta":{"footnotes":""},"class_list":["post-12156","page","type-page","status-publish","hentry"],"yoast_head":"<!-- This site is optimized with the Yoast SEO plugin v27.4 - https:\/\/yoast.com\/product\/yoast-seo-wordpress\/ -->\n<title>DustScrape - Product request - ScrapeTec International GmbH<\/title>\n<meta name=\"robots\" content=\"index, follow, max-snippet:-1, max-image-preview:large, max-video-preview:-1\" \/>\n<link rel=\"canonical\" href=\"https:\/\/scrapetec.com\/en\/contact\/contact\/dustscrape\/\" \/>\n<meta property=\"og:locale\" content=\"en_US\" \/>\n<meta property=\"og:type\" content=\"article\" \/>\n<meta property=\"og:title\" content=\"DustScrape - Product request - ScrapeTec International GmbH\" \/>\n<meta property=\"og:url\" content=\"https:\/\/scrapetec.com\/en\/contact\/contact\/dustscrape\/\" \/>\n<meta property=\"og:site_name\" content=\"ScrapeTec International GmbH\" \/>\n<meta property=\"article:publisher\" content=\"https:\/\/www.linkedin.com\/company\/scrapetec-trading\/\" \/>\n<meta property=\"article:modified_time\" content=\"2026-04-08T18:41:57+00:00\" \/>\n<meta name=\"twitter:card\" content=\"summary_large_image\" \/>\n<meta name=\"twitter:label1\" content=\"Est. reading time\" \/>\n\t<meta name=\"twitter:data1\" content=\"1 minute\" \/>\n<script type=\"application\/ld+json\" class=\"yoast-schema-graph\">{\"@context\":\"https:\\\/\\\/schema.org\",\"@graph\":[{\"@type\":\"WebPage\",\"@id\":\"https:\\\/\\\/scrapetec.com\\\/en\\\/contact\\\/contact\\\/dustscrape\\\/\",\"url\":\"https:\\\/\\\/scrapetec.com\\\/en\\\/contact\\\/contact\\\/dustscrape\\\/\",\"name\":\"DustScrape - Product request - ScrapeTec International GmbH\",\"isPartOf\":{\"@id\":\"https:\\\/\\\/scrapetec.com\\\/en\\\/#website\"},\"datePublished\":\"2026-04-08T18:40:07+00:00\",\"dateModified\":\"2026-04-08T18:41:57+00:00\",\"breadcrumb\":{\"@id\":\"https:\\\/\\\/scrapetec.com\\\/en\\\/contact\\\/contact\\\/dustscrape\\\/#breadcrumb\"},\"inLanguage\":\"en-US\",\"potentialAction\":[{\"@type\":\"ReadAction\",\"target\":[\"https:\\\/\\\/scrapetec.com\\\/en\\\/contact\\\/contact\\\/dustscrape\\\/\"]}]},{\"@type\":\"BreadcrumbList\",\"@id\":\"https:\\\/\\\/scrapetec.com\\\/en\\\/contact\\\/contact\\\/dustscrape\\\/#breadcrumb\",\"itemListElement\":[{\"@type\":\"ListItem\",\"position\":1,\"name\":\"Startseite\",\"item\":\"https:\\\/\\\/scrapetec.com\\\/en\\\/\"},{\"@type\":\"ListItem\",\"position\":2,\"name\":\"Contact\",\"item\":\"https:\\\/\\\/scrapetec.com\\\/en\\\/contact\\\/\"},{\"@type\":\"ListItem\",\"position\":3,\"name\":\"Contact\",\"item\":\"https:\\\/\\\/scrapetec.com\\\/en\\\/contact\\\/contact\\\/\"},{\"@type\":\"ListItem\",\"position\":4,\"name\":\"DustScrape &#8211; Product request\"}]},{\"@type\":\"WebSite\",\"@id\":\"https:\\\/\\\/scrapetec.com\\\/en\\\/#website\",\"url\":\"https:\\\/\\\/scrapetec.com\\\/en\\\/\",\"name\":\"ScrapeTec Trading GmbH\",\"description\":\"Wir schaffen innovative und l\u00f6sungsorientierte Produkte f\u00fcr F\u00f6rderanlagen von Masseng\u00fctern. AirScrape, DustScrape und PrimeTracker.\",\"publisher\":{\"@id\":\"https:\\\/\\\/scrapetec.com\\\/en\\\/#organization\"},\"potentialAction\":[{\"@type\":\"SearchAction\",\"target\":{\"@type\":\"EntryPoint\",\"urlTemplate\":\"https:\\\/\\\/scrapetec.com\\\/en\\\/?s={search_term_string}\"},\"query-input\":{\"@type\":\"PropertyValueSpecification\",\"valueRequired\":true,\"valueName\":\"search_term_string\"}}],\"inLanguage\":\"en-US\"},{\"@type\":\"Organization\",\"@id\":\"https:\\\/\\\/scrapetec.com\\\/en\\\/#organization\",\"name\":\"ScrapeTec International GmbH\",\"url\":\"https:\\\/\\\/scrapetec.com\\\/en\\\/\",\"logo\":{\"@type\":\"ImageObject\",\"inLanguage\":\"en-US\",\"@id\":\"https:\\\/\\\/scrapetec.com\\\/en\\\/#\\\/schema\\\/logo\\\/image\\\/\",\"url\":\"https:\\\/\\\/scrapetec.com\\\/wp-content\\\/uploads\\\/scraptec-trading-logo2.png\",\"contentUrl\":\"https:\\\/\\\/scrapetec.com\\\/wp-content\\\/uploads\\\/scraptec-trading-logo2.png\",\"width\":260,\"height\":44,\"caption\":\"ScrapeTec International GmbH\"},\"image\":{\"@id\":\"https:\\\/\\\/scrapetec.com\\\/en\\\/#\\\/schema\\\/logo\\\/image\\\/\"},\"sameAs\":[\"https:\\\/\\\/www.linkedin.com\\\/company\\\/scrapetec-trading\\\/\",\"https:\\\/\\\/www.youtube.com\\\/channel\\\/UCeOIoz0mbX_OZow5j7gd9cQ\"]}]}<\/script>\n<!-- \/ Yoast SEO plugin. -->","yoast_head_json":{"title":"DustScrape - Product request - ScrapeTec International GmbH","robots":{"index":"index","follow":"follow","max-snippet":"max-snippet:-1","max-image-preview":"max-image-preview:large","max-video-preview":"max-video-preview:-1"},"canonical":"https:\/\/scrapetec.com\/en\/contact\/contact\/dustscrape\/","og_locale":"en_US","og_type":"article","og_title":"DustScrape - Product request - ScrapeTec International GmbH","og_url":"https:\/\/scrapetec.com\/en\/contact\/contact\/dustscrape\/","og_site_name":"ScrapeTec International GmbH","article_publisher":"https:\/\/www.linkedin.com\/company\/scrapetec-trading\/","article_modified_time":"2026-04-08T18:41:57+00:00","twitter_card":"summary_large_image","twitter_misc":{"Est. reading time":"1 minute"},"schema":{"@context":"https:\/\/schema.org","@graph":[{"@type":"WebPage","@id":"https:\/\/scrapetec.com\/en\/contact\/contact\/dustscrape\/","url":"https:\/\/scrapetec.com\/en\/contact\/contact\/dustscrape\/","name":"DustScrape - Product request - ScrapeTec International GmbH","isPartOf":{"@id":"https:\/\/scrapetec.com\/en\/#website"},"datePublished":"2026-04-08T18:40:07+00:00","dateModified":"2026-04-08T18:41:57+00:00","breadcrumb":{"@id":"https:\/\/scrapetec.com\/en\/contact\/contact\/dustscrape\/#breadcrumb"},"inLanguage":"en-US","potentialAction":[{"@type":"ReadAction","target":["https:\/\/scrapetec.com\/en\/contact\/contact\/dustscrape\/"]}]},{"@type":"BreadcrumbList","@id":"https:\/\/scrapetec.com\/en\/contact\/contact\/dustscrape\/#breadcrumb","itemListElement":[{"@type":"ListItem","position":1,"name":"Startseite","item":"https:\/\/scrapetec.com\/en\/"},{"@type":"ListItem","position":2,"name":"Contact","item":"https:\/\/scrapetec.com\/en\/contact\/"},{"@type":"ListItem","position":3,"name":"Contact","item":"https:\/\/scrapetec.com\/en\/contact\/contact\/"},{"@type":"ListItem","position":4,"name":"DustScrape &#8211; Product request"}]},{"@type":"WebSite","@id":"https:\/\/scrapetec.com\/en\/#website","url":"https:\/\/scrapetec.com\/en\/","name":"ScrapeTec Trading GmbH","description":"Wir schaffen innovative und l\u00f6sungsorientierte Produkte f\u00fcr F\u00f6rderanlagen von Masseng\u00fctern. AirScrape, DustScrape und PrimeTracker.","publisher":{"@id":"https:\/\/scrapetec.com\/en\/#organization"},"potentialAction":[{"@type":"SearchAction","target":{"@type":"EntryPoint","urlTemplate":"https:\/\/scrapetec.com\/en\/?s={search_term_string}"},"query-input":{"@type":"PropertyValueSpecification","valueRequired":true,"valueName":"search_term_string"}}],"inLanguage":"en-US"},{"@type":"Organization","@id":"https:\/\/scrapetec.com\/en\/#organization","name":"ScrapeTec International GmbH","url":"https:\/\/scrapetec.com\/en\/","logo":{"@type":"ImageObject","inLanguage":"en-US","@id":"https:\/\/scrapetec.com\/en\/#\/schema\/logo\/image\/","url":"https:\/\/scrapetec.com\/wp-content\/uploads\/scraptec-trading-logo2.png","contentUrl":"https:\/\/scrapetec.com\/wp-content\/uploads\/scraptec-trading-logo2.png","width":260,"height":44,"caption":"ScrapeTec International GmbH"},"image":{"@id":"https:\/\/scrapetec.com\/en\/#\/schema\/logo\/image\/"},"sameAs":["https:\/\/www.linkedin.com\/company\/scrapetec-trading\/","https:\/\/www.youtube.com\/channel\/UCeOIoz0mbX_OZow5j7gd9cQ"]}]}},"publishpress_future_action":{"enabled":false,"date":"2026-05-06 20:44:52","action":"change-status","newStatus":"draft","terms":[],"taxonomy":"translation_priority","extraData":[]},"publishpress_future_workflow_manual_trigger":{"enabledWorkflows":[]},"_links":{"self":[{"href":"https:\/\/scrapetec.com\/en\/wp-json\/wp\/v2\/pages\/12156","targetHints":{"allow":["GET"]}}],"collection":[{"href":"https:\/\/scrapetec.com\/en\/wp-json\/wp\/v2\/pages"}],"about":[{"href":"https:\/\/scrapetec.com\/en\/wp-json\/wp\/v2\/types\/page"}],"author":[{"embeddable":true,"href":"https:\/\/scrapetec.com\/en\/wp-json\/wp\/v2\/users\/3"}],"replies":[{"embeddable":true,"href":"https:\/\/scrapetec.com\/en\/wp-json\/wp\/v2\/comments?post=12156"}],"version-history":[{"count":1,"href":"https:\/\/scrapetec.com\/en\/wp-json\/wp\/v2\/pages\/12156\/revisions"}],"predecessor-version":[{"id":12157,"href":"https:\/\/scrapetec.com\/en\/wp-json\/wp\/v2\/pages\/12156\/revisions\/12157"}],"up":[{"embeddable":true,"href":"https:\/\/scrapetec.com\/en\/wp-json\/wp\/v2\/pages\/11026"}],"wp:attachment":[{"href":"https:\/\/scrapetec.com\/en\/wp-json\/wp\/v2\/media?parent=12156"}],"curies":[{"name":"wp","href":"https:\/\/api.w.org\/{rel}","templated":true}]}}