{"id":10535,"date":"2025-01-30T19:26:52","date_gmt":"2025-01-30T18:26:52","guid":{"rendered":"https:\/\/scrapetec-trading.com\/?page_id=10535"},"modified":"2025-03-13T20:15:14","modified_gmt":"2025-03-13T19:15:14","slug":"scrapetec-case-studies","status":"publish","type":"page","link":"https:\/\/scrapetec.com\/en\/references\/scrapetec-case-studies\/","title":{"rendered":"Case Studies"},"content":{"rendered":"<section class=\"l-section wpb_row height_auto width_full color_alternate\"><div class=\"l-section-h i-cf\"><div class=\"g-cols vc_row via_flex valign_middle type_boxes stacking_default\"><div class=\"vc_col-sm-12 wpb_column vc_column_container\"><div class=\"vc_column-inner\"><div class=\"wpb_wrapper\"><div id=\"ultimate-heading-275169e03cd3ccc8d\" class=\"uvc-heading ult-adjust-bottom-margin ultimate-heading-275169e03cd3ccc8d uvc-1512 \" data-hspacer=\"no_spacer\"  data-halign=\"left\" style=\"text-align:left\"><div class=\"uvc-heading-spacer no_spacer\" style=\"top\"><\/div><div class=\"uvc-main-heading ult-responsive\"  data-ultimate-target='.uvc-heading.ultimate-heading-275169e03cd3ccc8d h1'  data-responsive-json-new='{\"font-size\":\"\",\"line-height\":\"\"}' ><h1 style=\"font-weight:normal;color:#383838;margin-top:0.7rem;margin-bottom:-1.0rem;\">Case Studies<\/h1><\/div><\/div><\/div><\/div><\/div><\/div><\/div><\/section><!-- Row Backgrounds --><div class=\"upb_color\" data-bg-override=\"0\" data-bg-color=\"#f0f0f2\" data-fadeout=\"\" data-fadeout-percentage=\"30\" data-parallax-content=\"\" data-parallax-content-sense=\"30\" data-row-effect-mobile-disable=\"true\" data-img-parallax-mobile-disable=\"true\" data-rtl=\"false\"  data-custom-vc-row=\"\"  data-vc=\"8.6.1\"  data-is_old_vc=\"\"  data-theme-support=\"\"   data-overlay=\"false\" data-overlay-color=\"\" data-overlay-pattern=\"\" data-overlay-pattern-opacity=\"\" data-overlay-pattern-size=\"\"    ><\/div><section class=\"l-section wpb_row height_auto width_full\"><div class=\"l-section-h i-cf\"><div class=\"g-cols vc_row via_flex valign_top type_boxes stacking_default\"><div class=\"vc_col-sm-12 wpb_column vc_column_container\"><div class=\"vc_column-inner\"><div class=\"wpb_wrapper\"><div class=\"w-grid type_grid layout_2366 cols_4 with_css_animation\" id=\"us_grid_1\" style=\"--columns:4;--gap:1.5rem;\" data-filterable=\"true\"><style>@media (max-width:1280px){#us_grid_1{--columns:3!important}}@media (max-width:1024px){#us_grid_1{--columns:2!important}}@media (max-width:600px){#us_grid_1{--columns:1!important}}.layout_2366 .w-grid-item-h{}.layout_2366 .usg_post_image_1{padding-top:1.3rem!important}.layout_2366 .usg_post_title_1{padding-top:1rem!important}.layout_2366 .usg_post_content_1{padding-top:0.3rem!important;padding-bottom:1rem!important}<\/style><div class=\"w-grid-list\">\t<article class=\"w-grid-item us_animate_fade size_1x1 post-10895 us_portfolio type-us_portfolio status-publish has-post-thumbnail hentry us_portfolio_category-case-studies-en\" data-id=\"10895\" style=\"animation-delay:0s\">\r\n\t\t<div class=\"w-grid-item-h\">\r\n\t\t\t\t\t\t<div class=\"w-post-elm post_image usg_post_image_1 stretched\"><a href=\"https:\/\/scrapetec.com\/en\/blog\/portfolio\/transport-of-clay-sand-in-brisbane-australia\/\" aria-label=\"Transport of Clay &#038; Sand in Brisbane, Australia\"><img loading=\"lazy\" decoding=\"async\" width=\"1140\" height=\"855\" src=\"https:\/\/scrapetec.com\/wp-content\/uploads\/scrapetec-case-study-clay-sand-kinder-australia-00-en.webp\" class=\"attachment-full size-full wp-post-image\" alt=\"scrapetec-case-study-clay-sand-kinder-australia\" srcset=\"https:\/\/scrapetec.com\/wp-content\/uploads\/scrapetec-case-study-clay-sand-kinder-australia-00-en.webp 1140w, https:\/\/scrapetec.com\/wp-content\/uploads\/scrapetec-case-study-clay-sand-kinder-australia-00-en-300x225.webp 300w, https:\/\/scrapetec.com\/wp-content\/uploads\/scrapetec-case-study-clay-sand-kinder-australia-00-en-1024x768.webp 1024w, https:\/\/scrapetec.com\/wp-content\/uploads\/scrapetec-case-study-clay-sand-kinder-australia-00-en-600x450.webp 600w, https:\/\/scrapetec.com\/wp-content\/uploads\/scrapetec-case-study-clay-sand-kinder-australia-00-en-500x375.webp 500w, https:\/\/scrapetec.com\/wp-content\/uploads\/scrapetec-case-study-clay-sand-kinder-australia-00-en-450x338.webp 450w, https:\/\/scrapetec.com\/wp-content\/uploads\/scrapetec-case-study-clay-sand-kinder-australia-00-en-148x111.webp 148w, https:\/\/scrapetec.com\/wp-content\/uploads\/scrapetec-case-study-clay-sand-kinder-australia-00-en-150x113.webp 150w\" sizes=\"auto, (max-width: 1140px) 100vw, 1140px\" \/><\/a><\/div><h1 class=\"w-post-elm post_title usg_post_title_1 entry-title color_link_inherit\"><a href=\"https:\/\/scrapetec.com\/en\/blog\/portfolio\/transport-of-clay-sand-in-brisbane-australia\/\">Transport of Clay &#038; Sand in Brisbane, Australia<\/a><\/h1><div class=\"w-post-elm post_content usg_post_content_1\"><p>A leading brick manufacturer in Brisbane, Australia, relies on AirScrape from ScrapeTec and K-Containment-Seal from KINDER to solve its dust and spillage problems.<\/p>\n<\/div><a class=\"w-btn us-btn-style_3 usg_btn_1\" href=\"https:\/\/scrapetec.com\/en\/blog\/portfolio\/transport-of-clay-sand-in-brisbane-australia\/\"><span class=\"w-btn-label\">Read More<\/span><\/a>\t\t<\/div>\r\n\t\t\t<\/article>\r\n\t<article class=\"w-grid-item us_animate_fade size_1x1 post-10555 us_portfolio type-us_portfolio status-publish has-post-thumbnail hentry us_portfolio_category-case-studies-en\" data-id=\"10555\" style=\"animation-delay:0.1s\">\r\n\t\t<div class=\"w-grid-item-h\">\r\n\t\t\t\t\t\t<div class=\"w-post-elm post_image usg_post_image_1 stretched\"><a href=\"https:\/\/scrapetec.com\/en\/blog\/portfolio\/port-brisbane-essential-air-seal\/\" aria-label=\"The Essential AIR SEAL &#8211; Dust Containment Combination\"><img loading=\"lazy\" decoding=\"async\" width=\"1140\" height=\"855\" src=\"https:\/\/scrapetec.com\/wp-content\/uploads\/airscrape-in-port-of-brisbane-01.jpg\" class=\"attachment-full size-full wp-post-image\" alt=\"\" srcset=\"https:\/\/scrapetec.com\/wp-content\/uploads\/airscrape-in-port-of-brisbane-01.jpg 1140w, https:\/\/scrapetec.com\/wp-content\/uploads\/airscrape-in-port-of-brisbane-01-300x225.jpg 300w, https:\/\/scrapetec.com\/wp-content\/uploads\/airscrape-in-port-of-brisbane-01-1024x768.jpg 1024w, https:\/\/scrapetec.com\/wp-content\/uploads\/airscrape-in-port-of-brisbane-01-600x450.jpg 600w, https:\/\/scrapetec.com\/wp-content\/uploads\/airscrape-in-port-of-brisbane-01-500x375.jpg 500w, https:\/\/scrapetec.com\/wp-content\/uploads\/airscrape-in-port-of-brisbane-01-450x338.jpg 450w\" sizes=\"auto, (max-width: 1140px) 100vw, 1140px\" \/><\/a><\/div><h1 class=\"w-post-elm post_title usg_post_title_1 entry-title color_link_inherit\"><a href=\"https:\/\/scrapetec.com\/en\/blog\/portfolio\/port-brisbane-essential-air-seal\/\">The Essential AIR SEAL &#8211; Dust Containment Combination<\/a><\/h1><div class=\"w-post-elm post_content usg_post_content_1\"><p>A cement production operator based in the Port of Brisbane needed to deal urgently with excessive dust emissions, material spillage and other problems on the transfer point. Dust and spillage levels were high and constant during ship unloading process.<\/p>\n<\/div><a class=\"w-btn us-btn-style_3 usg_btn_1\" href=\"https:\/\/scrapetec.com\/en\/blog\/portfolio\/port-brisbane-essential-air-seal\/\"><span class=\"w-btn-label\">Read More<\/span><\/a>\t\t<\/div>\r\n\t\t\t<\/article>\r\n\t<article class=\"w-grid-item us_animate_fade size_1x1 post-10551 us_portfolio type-us_portfolio status-publish has-post-thumbnail hentry us_portfolio_category-case-studies-en\" data-id=\"10551\" style=\"animation-delay:0.2s\">\r\n\t\t<div class=\"w-grid-item-h\">\r\n\t\t\t\t\t\t<div class=\"w-post-elm post_image usg_post_image_1 stretched\"><a href=\"https:\/\/scrapetec.com\/en\/blog\/portfolio\/simply-switched-off-excessive-dust-and-spillage\/\" aria-label=\"Simply Switched Off Excessive Dust And Spillage\"><img loading=\"lazy\" decoding=\"async\" width=\"1140\" height=\"855\" src=\"https:\/\/scrapetec.com\/wp-content\/uploads\/scrapetec-case-study-wheat-barley-in-queensland-australia.webp\" class=\"attachment-full size-full wp-post-image\" alt=\"scrapetec-case-study-wheat-barley-in-queensland-australia\" srcset=\"https:\/\/scrapetec.com\/wp-content\/uploads\/scrapetec-case-study-wheat-barley-in-queensland-australia.webp 1140w, https:\/\/scrapetec.com\/wp-content\/uploads\/scrapetec-case-study-wheat-barley-in-queensland-australia-300x225.webp 300w, https:\/\/scrapetec.com\/wp-content\/uploads\/scrapetec-case-study-wheat-barley-in-queensland-australia-1024x768.webp 1024w, https:\/\/scrapetec.com\/wp-content\/uploads\/scrapetec-case-study-wheat-barley-in-queensland-australia-600x450.webp 600w, https:\/\/scrapetec.com\/wp-content\/uploads\/scrapetec-case-study-wheat-barley-in-queensland-australia-500x375.webp 500w, https:\/\/scrapetec.com\/wp-content\/uploads\/scrapetec-case-study-wheat-barley-in-queensland-australia-450x338.webp 450w, https:\/\/scrapetec.com\/wp-content\/uploads\/scrapetec-case-study-wheat-barley-in-queensland-australia-148x111.webp 148w, https:\/\/scrapetec.com\/wp-content\/uploads\/scrapetec-case-study-wheat-barley-in-queensland-australia-150x113.webp 150w\" sizes=\"auto, (max-width: 1140px) 100vw, 1140px\" \/><\/a><\/div><h1 class=\"w-post-elm post_title usg_post_title_1 entry-title color_link_inherit\"><a href=\"https:\/\/scrapetec.com\/en\/blog\/portfolio\/simply-switched-off-excessive-dust-and-spillage\/\">Simply Switched Off Excessive Dust And Spillage<\/a><\/h1><div class=\"w-post-elm post_content usg_post_content_1\"><p>Due to high material drop at the transfer chute an excessive amount of dust and spillage was observed. Faced with the ongoing dust and spillage predicament, the Maintenance Supervisor specifically sought a low maintenance, long lasting solution to suppress and minimise the excess dust\/spillage at the facilities outdated tail end transfer chutes.<\/p>\n<\/div><a class=\"w-btn us-btn-style_3 usg_btn_1\" href=\"https:\/\/scrapetec.com\/en\/blog\/portfolio\/simply-switched-off-excessive-dust-and-spillage\/\"><span class=\"w-btn-label\">Read More<\/span><\/a>\t\t<\/div>\r\n\t\t\t<\/article>\r\n\t<article class=\"w-grid-item us_animate_fade size_1x1 post-10533 us_portfolio type-us_portfolio status-publish has-post-thumbnail hentry us_portfolio_category-case-studies-en\" data-id=\"10533\" style=\"animation-delay:0.3s\">\r\n\t\t<div class=\"w-grid-item-h\">\r\n\t\t\t\t\t\t<div class=\"w-post-elm post_image usg_post_image_1 stretched\"><a href=\"https:\/\/scrapetec.com\/en\/blog\/portfolio\/effective-dust-control-in-leading-copper-mine-in-peru\/\" aria-label=\"Effective dust control in leading copper mine in Peru\"><img loading=\"lazy\" decoding=\"async\" width=\"1140\" height=\"855\" src=\"https:\/\/scrapetec.com\/wp-content\/uploads\/scrapetec-tp-peru-00-en-1.webp\" class=\"attachment-full size-full wp-post-image\" alt=\"scrapetec-tp-peru-en\" srcset=\"https:\/\/scrapetec.com\/wp-content\/uploads\/scrapetec-tp-peru-00-en-1.webp 1140w, https:\/\/scrapetec.com\/wp-content\/uploads\/scrapetec-tp-peru-00-en-1-300x225.webp 300w, https:\/\/scrapetec.com\/wp-content\/uploads\/scrapetec-tp-peru-00-en-1-1024x768.webp 1024w, https:\/\/scrapetec.com\/wp-content\/uploads\/scrapetec-tp-peru-00-en-1-600x450.webp 600w, https:\/\/scrapetec.com\/wp-content\/uploads\/scrapetec-tp-peru-00-en-1-500x375.webp 500w, https:\/\/scrapetec.com\/wp-content\/uploads\/scrapetec-tp-peru-00-en-1-450x338.webp 450w, https:\/\/scrapetec.com\/wp-content\/uploads\/scrapetec-tp-peru-00-en-1-148x111.webp 148w\" sizes=\"auto, (max-width: 1140px) 100vw, 1140px\" \/><\/a><\/div><h1 class=\"w-post-elm post_title usg_post_title_1 entry-title color_link_inherit\"><a href=\"https:\/\/scrapetec.com\/en\/blog\/portfolio\/effective-dust-control-in-leading-copper-mine-in-peru\/\">Effective dust control in leading copper mine in Peru<\/a><\/h1><div class=\"w-post-elm post_content usg_post_content_1\"><p>A leading copper mine in Moquegua Province in Southern Peru \u2013 has made an investment in ScrapeTec\u2019s highly-effective dust suppression and material spill solutions, that are setting a new trend in conveyor systems used in the global mining sector.<\/p>\n<\/div><a class=\"w-btn us-btn-style_3 usg_btn_1\" href=\"https:\/\/scrapetec.com\/en\/blog\/portfolio\/effective-dust-control-in-leading-copper-mine-in-peru\/\"><span class=\"w-btn-label\">Read More<\/span><\/a>\t\t<\/div>\r\n\t\t\t<\/article>\r\n<\/div><div class=\"w-grid-preloader\">\t<div class=\"g-preloader type_1\">\r\n\t\t<div><\/div>\r\n\t<\/div>\r\n\t<\/div>\t<div class=\"w-grid-json hidden\" onclick='return {&quot;action&quot;:&quot;us_ajax_grid&quot;,&quot;infinite_scroll&quot;:0,&quot;max_num_pages&quot;:1,&quot;pagination&quot;:&quot;none&quot;,&quot;template_vars&quot;:{&quot;columns&quot;:&quot;4&quot;,&quot;exclude_items&quot;:&quot;none&quot;,&quot;img_size&quot;:&quot;full&quot;,&quot;ignore_items_size&quot;:0,&quot;items_layout&quot;:&quot;2366&quot;,&quot;items_offset&quot;:&quot;1&quot;,&quot;load_animation&quot;:&quot;fade&quot;,&quot;overriding_link&quot;:&quot;%7B%22url%22%3A%22%22%7D&quot;,&quot;post_id&quot;:0,&quot;query_args&quot;:{&quot;post_type&quot;:[&quot;us_portfolio&quot;],&quot;tax_query&quot;:[{&quot;taxonomy&quot;:&quot;us_portfolio_category&quot;,&quot;field&quot;:&quot;slug&quot;,&quot;terms&quot;:[&quot;case-studies-en&quot;]}],&quot;post_status&quot;:[&quot;publish&quot;],&quot;posts_per_page&quot;:&quot;100&quot;},&quot;orderby_query_args&quot;:{&quot;orderby&quot;:{&quot;date&quot;:&quot;DESC&quot;}},&quot;type&quot;:&quot;grid&quot;,&quot;us_grid_post_type&quot;:&quot;us_portfolio&quot;,&quot;us_grid_ajax_index&quot;:1,&quot;us_grid_filter_query_string&quot;:null,&quot;us_grid_index&quot;:1,&quot;page_args&quot;:[],&quot;lang&quot;:&quot;en&quot;}}'><\/div>\r\n\t<\/div><\/div><\/div><\/div><\/div><\/div><\/section>\n","protected":false},"excerpt":{"rendered":"Download Case Study Effective dust control in mining means substantial cost savings A leading copper mine in Southern Peru \u2013 has made an investment in ScrapeTec\u2019s highly-effective dust suppression and material spill solutions, that are setting a new trend in conveyor systems and dust collectors used in the global mining sector. The innovative management team...","protected":false},"author":3,"featured_media":0,"parent":1990,"menu_order":0,"comment_status":"closed","ping_status":"closed","template":"","meta":{"footnotes":""},"class_list":["post-10535","page","type-page","status-publish","hentry"],"yoast_head":"<!-- This site is optimized with the Yoast SEO plugin v27.4 - https:\/\/yoast.com\/product\/yoast-seo-wordpress\/ -->\n<title>Case Studies - ScrapeTec International GmbH<\/title>\n<meta name=\"description\" content=\"Find out how ScrapeTec transforms individual requirements into effective solutions and perhaps your project will soon be one of them.\" \/>\n<meta name=\"robots\" content=\"index, follow, max-snippet:-1, max-image-preview:large, max-video-preview:-1\" \/>\n<link rel=\"canonical\" href=\"https:\/\/scrapetec.com\/en\/references\/scrapetec-case-studies\/\" \/>\n<meta property=\"og:locale\" content=\"en_US\" \/>\n<meta property=\"og:type\" content=\"article\" \/>\n<meta property=\"og:title\" content=\"Case Studies - ScrapeTec International GmbH\" \/>\n<meta property=\"og:description\" content=\"Find out how ScrapeTec transforms individual requirements into effective solutions and perhaps your project will soon be one of them.\" \/>\n<meta property=\"og:url\" content=\"https:\/\/scrapetec.com\/en\/references\/scrapetec-case-studies\/\" \/>\n<meta property=\"og:site_name\" content=\"ScrapeTec International GmbH\" \/>\n<meta property=\"article:publisher\" content=\"https:\/\/www.linkedin.com\/company\/scrapetec-trading\/\" \/>\n<meta property=\"article:modified_time\" content=\"2025-03-13T19:15:14+00:00\" \/>\n<meta name=\"twitter:card\" content=\"summary_large_image\" \/>\n<meta name=\"twitter:label1\" content=\"Est. reading time\" \/>\n\t<meta name=\"twitter:data1\" content=\"1 minute\" \/>\n<script type=\"application\/ld+json\" class=\"yoast-schema-graph\">{\"@context\":\"https:\\\/\\\/schema.org\",\"@graph\":[{\"@type\":\"WebPage\",\"@id\":\"https:\\\/\\\/scrapetec.com\\\/en\\\/references\\\/scrapetec-case-studies\\\/\",\"url\":\"https:\\\/\\\/scrapetec.com\\\/en\\\/references\\\/scrapetec-case-studies\\\/\",\"name\":\"Case Studies - ScrapeTec International GmbH\",\"isPartOf\":{\"@id\":\"https:\\\/\\\/scrapetec.com\\\/en\\\/#website\"},\"datePublished\":\"2025-01-30T18:26:52+00:00\",\"dateModified\":\"2025-03-13T19:15:14+00:00\",\"description\":\"Find out how ScrapeTec transforms individual requirements into effective solutions and perhaps your project will soon be one of them.\",\"breadcrumb\":{\"@id\":\"https:\\\/\\\/scrapetec.com\\\/en\\\/references\\\/scrapetec-case-studies\\\/#breadcrumb\"},\"inLanguage\":\"en-US\",\"potentialAction\":[{\"@type\":\"ReadAction\",\"target\":[\"https:\\\/\\\/scrapetec.com\\\/en\\\/references\\\/scrapetec-case-studies\\\/\"]}]},{\"@type\":\"BreadcrumbList\",\"@id\":\"https:\\\/\\\/scrapetec.com\\\/en\\\/references\\\/scrapetec-case-studies\\\/#breadcrumb\",\"itemListElement\":[{\"@type\":\"ListItem\",\"position\":1,\"name\":\"Startseite\",\"item\":\"https:\\\/\\\/scrapetec.com\\\/en\\\/\"},{\"@type\":\"ListItem\",\"position\":2,\"name\":\"References\",\"item\":\"https:\\\/\\\/scrapetec.com\\\/en\\\/references\\\/\"},{\"@type\":\"ListItem\",\"position\":3,\"name\":\"Case Studies\"}]},{\"@type\":\"WebSite\",\"@id\":\"https:\\\/\\\/scrapetec.com\\\/en\\\/#website\",\"url\":\"https:\\\/\\\/scrapetec.com\\\/en\\\/\",\"name\":\"ScrapeTec Trading GmbH\",\"description\":\"Wir schaffen innovative und l\u00f6sungsorientierte Produkte f\u00fcr F\u00f6rderanlagen von Masseng\u00fctern. AirScrape, DustScrape und PrimeTracker.\",\"publisher\":{\"@id\":\"https:\\\/\\\/scrapetec.com\\\/en\\\/#organization\"},\"potentialAction\":[{\"@type\":\"SearchAction\",\"target\":{\"@type\":\"EntryPoint\",\"urlTemplate\":\"https:\\\/\\\/scrapetec.com\\\/en\\\/?s={search_term_string}\"},\"query-input\":{\"@type\":\"PropertyValueSpecification\",\"valueRequired\":true,\"valueName\":\"search_term_string\"}}],\"inLanguage\":\"en-US\"},{\"@type\":\"Organization\",\"@id\":\"https:\\\/\\\/scrapetec.com\\\/en\\\/#organization\",\"name\":\"ScrapeTec International GmbH\",\"url\":\"https:\\\/\\\/scrapetec.com\\\/en\\\/\",\"logo\":{\"@type\":\"ImageObject\",\"inLanguage\":\"en-US\",\"@id\":\"https:\\\/\\\/scrapetec.com\\\/en\\\/#\\\/schema\\\/logo\\\/image\\\/\",\"url\":\"https:\\\/\\\/scrapetec.com\\\/wp-content\\\/uploads\\\/scraptec-trading-logo2.png\",\"contentUrl\":\"https:\\\/\\\/scrapetec.com\\\/wp-content\\\/uploads\\\/scraptec-trading-logo2.png\",\"width\":260,\"height\":44,\"caption\":\"ScrapeTec International GmbH\"},\"image\":{\"@id\":\"https:\\\/\\\/scrapetec.com\\\/en\\\/#\\\/schema\\\/logo\\\/image\\\/\"},\"sameAs\":[\"https:\\\/\\\/www.linkedin.com\\\/company\\\/scrapetec-trading\\\/\",\"https:\\\/\\\/www.youtube.com\\\/channel\\\/UCeOIoz0mbX_OZow5j7gd9cQ\"]}]}<\/script>\n<!-- \/ Yoast SEO plugin. -->","yoast_head_json":{"title":"Case Studies - ScrapeTec International GmbH","description":"Find out how ScrapeTec transforms individual requirements into effective solutions and perhaps your project will soon be one of them.","robots":{"index":"index","follow":"follow","max-snippet":"max-snippet:-1","max-image-preview":"max-image-preview:large","max-video-preview":"max-video-preview:-1"},"canonical":"https:\/\/scrapetec.com\/en\/references\/scrapetec-case-studies\/","og_locale":"en_US","og_type":"article","og_title":"Case Studies - ScrapeTec International GmbH","og_description":"Find out how ScrapeTec transforms individual requirements into effective solutions and perhaps your project will soon be one of them.","og_url":"https:\/\/scrapetec.com\/en\/references\/scrapetec-case-studies\/","og_site_name":"ScrapeTec International GmbH","article_publisher":"https:\/\/www.linkedin.com\/company\/scrapetec-trading\/","article_modified_time":"2025-03-13T19:15:14+00:00","twitter_card":"summary_large_image","twitter_misc":{"Est. reading time":"1 minute"},"schema":{"@context":"https:\/\/schema.org","@graph":[{"@type":"WebPage","@id":"https:\/\/scrapetec.com\/en\/references\/scrapetec-case-studies\/","url":"https:\/\/scrapetec.com\/en\/references\/scrapetec-case-studies\/","name":"Case Studies - ScrapeTec International GmbH","isPartOf":{"@id":"https:\/\/scrapetec.com\/en\/#website"},"datePublished":"2025-01-30T18:26:52+00:00","dateModified":"2025-03-13T19:15:14+00:00","description":"Find out how ScrapeTec transforms individual requirements into effective solutions and perhaps your project will soon be one of them.","breadcrumb":{"@id":"https:\/\/scrapetec.com\/en\/references\/scrapetec-case-studies\/#breadcrumb"},"inLanguage":"en-US","potentialAction":[{"@type":"ReadAction","target":["https:\/\/scrapetec.com\/en\/references\/scrapetec-case-studies\/"]}]},{"@type":"BreadcrumbList","@id":"https:\/\/scrapetec.com\/en\/references\/scrapetec-case-studies\/#breadcrumb","itemListElement":[{"@type":"ListItem","position":1,"name":"Startseite","item":"https:\/\/scrapetec.com\/en\/"},{"@type":"ListItem","position":2,"name":"References","item":"https:\/\/scrapetec.com\/en\/references\/"},{"@type":"ListItem","position":3,"name":"Case Studies"}]},{"@type":"WebSite","@id":"https:\/\/scrapetec.com\/en\/#website","url":"https:\/\/scrapetec.com\/en\/","name":"ScrapeTec Trading GmbH","description":"Wir schaffen innovative und l\u00f6sungsorientierte Produkte f\u00fcr F\u00f6rderanlagen von Masseng\u00fctern. AirScrape, DustScrape und PrimeTracker.","publisher":{"@id":"https:\/\/scrapetec.com\/en\/#organization"},"potentialAction":[{"@type":"SearchAction","target":{"@type":"EntryPoint","urlTemplate":"https:\/\/scrapetec.com\/en\/?s={search_term_string}"},"query-input":{"@type":"PropertyValueSpecification","valueRequired":true,"valueName":"search_term_string"}}],"inLanguage":"en-US"},{"@type":"Organization","@id":"https:\/\/scrapetec.com\/en\/#organization","name":"ScrapeTec International GmbH","url":"https:\/\/scrapetec.com\/en\/","logo":{"@type":"ImageObject","inLanguage":"en-US","@id":"https:\/\/scrapetec.com\/en\/#\/schema\/logo\/image\/","url":"https:\/\/scrapetec.com\/wp-content\/uploads\/scraptec-trading-logo2.png","contentUrl":"https:\/\/scrapetec.com\/wp-content\/uploads\/scraptec-trading-logo2.png","width":260,"height":44,"caption":"ScrapeTec International GmbH"},"image":{"@id":"https:\/\/scrapetec.com\/en\/#\/schema\/logo\/image\/"},"sameAs":["https:\/\/www.linkedin.com\/company\/scrapetec-trading\/","https:\/\/www.youtube.com\/channel\/UCeOIoz0mbX_OZow5j7gd9cQ"]}]}},"publishpress_future_action":{"enabled":false,"date":"2026-04-23 03:35:15","action":"change-status","newStatus":"draft","terms":[],"taxonomy":"translation_priority","extraData":[]},"publishpress_future_workflow_manual_trigger":{"enabledWorkflows":[]},"_links":{"self":[{"href":"https:\/\/scrapetec.com\/en\/wp-json\/wp\/v2\/pages\/10535","targetHints":{"allow":["GET"]}}],"collection":[{"href":"https:\/\/scrapetec.com\/en\/wp-json\/wp\/v2\/pages"}],"about":[{"href":"https:\/\/scrapetec.com\/en\/wp-json\/wp\/v2\/types\/page"}],"author":[{"embeddable":true,"href":"https:\/\/scrapetec.com\/en\/wp-json\/wp\/v2\/users\/3"}],"replies":[{"embeddable":true,"href":"https:\/\/scrapetec.com\/en\/wp-json\/wp\/v2\/comments?post=10535"}],"version-history":[{"count":2,"href":"https:\/\/scrapetec.com\/en\/wp-json\/wp\/v2\/pages\/10535\/revisions"}],"predecessor-version":[{"id":10907,"href":"https:\/\/scrapetec.com\/en\/wp-json\/wp\/v2\/pages\/10535\/revisions\/10907"}],"up":[{"embeddable":true,"href":"https:\/\/scrapetec.com\/en\/wp-json\/wp\/v2\/pages\/1990"}],"wp:attachment":[{"href":"https:\/\/scrapetec.com\/en\/wp-json\/wp\/v2\/media?parent=10535"}],"curies":[{"name":"wp","href":"https:\/\/api.w.org\/{rel}","templated":true}]}}